{"id":671,"date":"2019-08-07T10:38:13","date_gmt":"2019-08-07T08:38:13","guid":{"rendered":"https:\/\/neu.rogrotech.ch\/shop\/unkategorisiert\/import-placeholder-for-1728\/"},"modified":"2022-08-31T15:12:40","modified_gmt":"2022-08-31T13:12:40","slug":"sc351","status":"publish","type":"product","link":"https:\/\/rogrotech.ch\/es\/shop\/reinigungsgeraete\/bodenreinigung\/scheuersaugmaschine\/sc351\/","title":{"rendered":"Nilfisk SC351 Scheuersaugmaschine"},"content":{"rendered":"<p>Die SC351 \u00fcberzeugt in ihrer Klasse und reiht sich in die lange Tradition von zuverl\u00e4ssigen und sicheren Reinigungsmaschinen aus dem Hause Nilfisk ein! Die batteriebetriebene Kompaktmaschine, die durch das bewegliche Schrubbdeck vorw\u00e4rts und r\u00fcckw\u00e4rts scheuert und saugt, reinigt m\u00fchelos schwer zug\u00e4ngliche Bereiche. Der Einsatz zwischen St\u00fchlen, Tischen und um Einrichtungsgegenst\u00e4nde herum wird deutlich erleichtert. Das niedrige Betriebsger\u00e4usch erlaubt den Betrieb selbst an ger\u00e4uschsensiblen Orten, wie Hotels, Schulen, Einzelhandelsgesch\u00e4ften, Kantinen oder Caf\u00e9s.<\/p>\n<ul>\n<li>Vorw\u00e4rts- und R\u00fcckw\u00e4rtsreinigung durch rotierendes B\u00fcrstendeck<\/li>\n<li>Hervorragendes Reinigungsergebnis dank des neugestalteten B\u00fcrstendecks mit integrierter und patentierter Saugleiste<\/li>\n<li>Umweltfreundliche Optima-Batterien f\u00fcr hohe Produktivit\u00e4t durch konstante Leistung trotz niedrigem Bleigehalt<\/li>\n<li>Einfache Einstellung von B\u00fcrstendruck und Geradeauslauf<\/li>\n<li>27 kg B\u00fcrstendruck, zweifach einstellbare Wassermenge und hohe Absaugleistung f\u00fcr ein perfektes Reinigungsergebnis<\/li>\n<li style=\"list-style-type: none;\"><\/li>\n<\/ul>\n","protected":false},"excerpt":{"rendered":"<p>Preis auf Anfrage<\/p>\n","protected":false},"featured_media":698,"comment_status":"open","ping_status":"closed","template":"","meta":[],"product_cat":[51],"product_tag":[],"_links":{"self":[{"href":"https:\/\/rogrotech.ch\/es\/wp-json\/wp\/v2\/product\/671"}],"collection":[{"href":"https:\/\/rogrotech.ch\/es\/wp-json\/wp\/v2\/product"}],"about":[{"href":"https:\/\/rogrotech.ch\/es\/wp-json\/wp\/v2\/types\/product"}],"replies":[{"embeddable":true,"href":"https:\/\/rogrotech.ch\/es\/wp-json\/wp\/v2\/comments?post=671"}],"version-history":[{"count":2,"href":"https:\/\/rogrotech.ch\/es\/wp-json\/wp\/v2\/product\/671\/revisions"}],"predecessor-version":[{"id":16751,"href":"https:\/\/rogrotech.ch\/es\/wp-json\/wp\/v2\/product\/671\/revisions\/16751"}],"wp:featuredmedia":[{"embeddable":true,"href":"https:\/\/rogrotech.ch\/es\/wp-json\/wp\/v2\/media\/698"}],"wp:attachment":[{"href":"https:\/\/rogrotech.ch\/es\/wp-json\/wp\/v2\/media?parent=671"}],"wp:term":[{"taxonomy":"product_cat","embeddable":true,"href":"https:\/\/rogrotech.ch\/es\/wp-json\/wp\/v2\/product_cat?post=671"},{"taxonomy":"product_tag","embeddable":true,"href":"https:\/\/rogrotech.ch\/es\/wp-json\/wp\/v2\/product_tag?post=671"}],"curies":[{"name":"wp","href":"https:\/\/api.w.org\/{rel}","templated":true}]}}