{"id":672,"date":"2019-08-07T10:38:13","date_gmt":"2019-08-07T08:38:13","guid":{"rendered":"https:\/\/neu.rogrotech.ch\/shop\/unkategorisiert\/import-placeholder-for-1729\/"},"modified":"2022-08-31T15:14:19","modified_gmt":"2022-08-31T13:14:19","slug":"sc401-43-b-full-pkg","status":"publish","type":"product","link":"https:\/\/rogrotech.ch\/es\/shop\/reinigungsgeraete\/bodenreinigung\/scheuersaugmaschine\/sc401-43-b-full-pkg\/","title":{"rendered":"Nilfisk SC401 43 B Full PKG"},"content":{"rendered":"<div class=\"nf-product-info col-md-8\">\n<div>\n<p>Die kompakte und \u00e4usserst wendige Nachl\u00e4ufer-Scheuersaugmaschine Nilfisk SC401 bietet die Genauigkeit und Benutzerfreundlichkeit, die Sie f\u00fcr eine bessere Bodenreinigung ben\u00f6tigen. Um das Ganze abzurunden, erm\u00f6glicht der extrem niedrige Ger\u00e4uschpegel dieser Hochleistungsmaschine eine Tagesreinigung auch in ger\u00e4uschempfindlichen Bereichen. Entworfen und gebaut mit bew\u00e4hrter Nilfisk Technologie wird die SC401 die t\u00e4gliche Reinigungsproduktivit\u00e4t in z. B. B\u00fcros, Gesch\u00e4ften, Hotels, Schulen, Krankenh\u00e4usern, Werkst\u00e4tten usw. erh\u00f6hen. Die hohe und gleichbleibende Leistung wird durch die 43 cm grossen B\u00fcrsten oder Pads gew\u00e4hrleistet. Dank der patentierten, gebogenen Saugleiste wird der Boden vollst\u00e4ndig getrocknet und das Reinigungsergebnis bleibt so l\u00e4nger erhalten. Bis zu 4 Stunden ununterbrochenes Scheuern und Saugen mit einer voll geladenen Batterie und bis zu 100 Minuten, bevor der Wassertank nachgef\u00fcllt werden muss.<\/p>\n<p>Bedingt durch die leichte Bedienung werden die Ausbildungszeiten der Anwender auf ein Minimum reduziert. Mit seinen zwei R\u00e4dern und zwei Lenkrollen l\u00e4sst sich die SC401 leicht steuern, und dank OneTouch&#x2122; System werden alle Funktionen mit nur einem Tastendruck aktiviert. W\u00e4hrend der Arbeit k\u00f6nnen die Reinigungseinstellungen schnell und einfach durch drei Tasten auf dem Bedienfeld angepasst werden.<\/p>\n<p>Das Ger\u00e4t wird sowohl in Batterie- als auch in Kabelausf\u00fchrung\u00a0angeboten. Die Batterieversion ist auch mit Antrieb erh\u00e4ltlich, um die\u00a0 Ergonomie und den Komfort des Benutzers bei der Verwendung der Maschine zu maximieren.<\/p>\n<\/div>\n<ul class=\"nf-product-key-selling-points\">\n<li style=\"list-style-type: none;\">\n<ul>\n<li>Kompaktes Design und hohe Wendigkeit<\/li>\n<li>Produktiver und leistungsstarker Saugmotor sorgt f\u00fcr ein perfektes Reinigungs- und Trocknungsergebnis<\/li>\n<li>Die B\u00fcrste l\u00e4sst sich werkzeuglos mit Klicksystem an und abmontieren<\/li>\n<li>Patentiertes Befestigungssystem macht die Wartung der Sauglippe einfach und unkompliziert<\/li>\n<li>Das optionale Mischsystem f\u00fcr das Reinigungsmittel verhindert eine \u00dcberdosierung von Chemikalien \u2013 das schont die Umwelt und senkt die Gesamtkosten der Reinigung<\/li>\n<li>Die Nilfisk SilentTech&#x2122; Technologie verringert den Schallpegel auf 65 dB (A) \u2013 und im Silent-Modus sogar auf bis zu 60 dB (A)<\/li>\n<\/ul>\n<\/li>\n<\/ul>\n<\/div>\n","protected":false},"excerpt":{"rendered":"<p>Preis auf Anfrage<\/p>\n","protected":false},"featured_media":696,"comment_status":"open","ping_status":"closed","template":"","meta":[],"product_cat":[51],"product_tag":[],"_links":{"self":[{"href":"https:\/\/rogrotech.ch\/es\/wp-json\/wp\/v2\/product\/672"}],"collection":[{"href":"https:\/\/rogrotech.ch\/es\/wp-json\/wp\/v2\/product"}],"about":[{"href":"https:\/\/rogrotech.ch\/es\/wp-json\/wp\/v2\/types\/product"}],"replies":[{"embeddable":true,"href":"https:\/\/rogrotech.ch\/es\/wp-json\/wp\/v2\/comments?post=672"}],"version-history":[{"count":6,"href":"https:\/\/rogrotech.ch\/es\/wp-json\/wp\/v2\/product\/672\/revisions"}],"predecessor-version":[{"id":16752,"href":"https:\/\/rogrotech.ch\/es\/wp-json\/wp\/v2\/product\/672\/revisions\/16752"}],"wp:featuredmedia":[{"embeddable":true,"href":"https:\/\/rogrotech.ch\/es\/wp-json\/wp\/v2\/media\/696"}],"wp:attachment":[{"href":"https:\/\/rogrotech.ch\/es\/wp-json\/wp\/v2\/media?parent=672"}],"wp:term":[{"taxonomy":"product_cat","embeddable":true,"href":"https:\/\/rogrotech.ch\/es\/wp-json\/wp\/v2\/product_cat?post=672"},{"taxonomy":"product_tag","embeddable":true,"href":"https:\/\/rogrotech.ch\/es\/wp-json\/wp\/v2\/product_tag?post=672"}],"curies":[{"name":"wp","href":"https:\/\/api.w.org\/{rel}","templated":true}]}}