{"id":711,"date":"2019-08-13T11:41:12","date_gmt":"2019-08-13T09:41:12","guid":{"rendered":"https:\/\/neu.rogrotech.ch\/?post_type=product&#038;p=711"},"modified":"2022-08-31T15:15:53","modified_gmt":"2022-08-31T13:15:53","slug":"nilfisk-sc500-scheuersaugmaschine","status":"publish","type":"product","link":"https:\/\/rogrotech.ch\/es\/shop\/reinigungsgeraete\/bodenreinigung\/scheuersaugmaschine\/nilfisk-sc500-scheuersaugmaschine\/","title":{"rendered":"Nilfisk SC500 Scheuersaugmaschine"},"content":{"rendered":"<p>Die SC500 ist eine wirtschaftliche Scheuersaugmaschine, mit hervorragenden Ausstattungsmerkmalen, die optimal bei der Bew\u00e4ltigung von t\u00e4glichen Reinigungsaufgaben eingesetzt werden kann. Sie ist leistungsstark, leicht bedienbar, leise sowie HACCP-konform und erm\u00f6glicht so die Reinigung in Krankenh\u00e4usern, Schulen, Einzelhandelsgesch\u00e4ften, Hotels und Produktionsbereichen.<\/p>\n<ul>\n<li style=\"list-style-type: none;\">\n<ul>\n<li>Erstklassige Man\u00f6vrierf\u00e4higkeit und einfache Anwendung<\/li>\n<li>Kunststoffsaugleiste mit patentiertem Sauglippensystem<\/li>\n<li>Automatische Saugleisten- und B\u00fcrstenabsenkung sowie -anhebung f\u00fcr mehr Zuverl\u00e4ssigkeit und zugunsten einfacher Bedienung<\/li>\n<li>Neuartige, leistungsstarke und leise Absaugung f\u00fcr die Reinigung von ger\u00e4uschsensiblen Bereichen<\/li>\n<li>Smart-Key-Funktion in Form zwei unterschiedlicher Schl\u00fcssel f\u00fcr die Maschinenbenutzung:Einer f\u00fcr den Anwender (grau) und einer f\u00fcr den Vorgesetzten (gelb). So k\u00f6nnen Reinigungsparameter voreingestellt werden und eine optimale Reinigung sichergestellt werden.<\/li>\n<li>Ergonomische Steuerungseinheit mit innovativem Bedienfeld um alle Funktionen w\u00e4hrend des Einsatzes zu \u00fcberwachen oder anzupassen<\/li>\n<li>Neue Frischwassereinstellung, die sich automatisch der Fahrgeschwindigkeit anpasst, um jederzeit das gew\u00fcnschte Reinigungsergebnis zu erzielen<\/li>\n<li>Das Ecoflex-System erm\u00f6glicht eine kosteneffiziente und gezielte Reinigung (bereits im Lieferumfang bei Art.-Nr. 907350020 enthalten)<\/li>\n<\/ul>\n<\/li>\n<\/ul>\n","protected":false},"excerpt":{"rendered":"<p>Preis auf Anfrage<\/p>\n","protected":false},"featured_media":712,"comment_status":"open","ping_status":"closed","template":"","meta":[],"product_cat":[51],"product_tag":[],"_links":{"self":[{"href":"https:\/\/rogrotech.ch\/es\/wp-json\/wp\/v2\/product\/711"}],"collection":[{"href":"https:\/\/rogrotech.ch\/es\/wp-json\/wp\/v2\/product"}],"about":[{"href":"https:\/\/rogrotech.ch\/es\/wp-json\/wp\/v2\/types\/product"}],"replies":[{"embeddable":true,"href":"https:\/\/rogrotech.ch\/es\/wp-json\/wp\/v2\/comments?post=711"}],"version-history":[{"count":2,"href":"https:\/\/rogrotech.ch\/es\/wp-json\/wp\/v2\/product\/711\/revisions"}],"predecessor-version":[{"id":16755,"href":"https:\/\/rogrotech.ch\/es\/wp-json\/wp\/v2\/product\/711\/revisions\/16755"}],"wp:featuredmedia":[{"embeddable":true,"href":"https:\/\/rogrotech.ch\/es\/wp-json\/wp\/v2\/media\/712"}],"wp:attachment":[{"href":"https:\/\/rogrotech.ch\/es\/wp-json\/wp\/v2\/media?parent=711"}],"wp:term":[{"taxonomy":"product_cat","embeddable":true,"href":"https:\/\/rogrotech.ch\/es\/wp-json\/wp\/v2\/product_cat?post=711"},{"taxonomy":"product_tag","embeddable":true,"href":"https:\/\/rogrotech.ch\/es\/wp-json\/wp\/v2\/product_tag?post=711"}],"curies":[{"name":"wp","href":"https:\/\/api.w.org\/{rel}","templated":true}]}}