{"id":13641,"date":"2020-06-02T09:37:02","date_gmt":"2020-06-02T07:37:02","guid":{"rendered":"http:\/\/rogrotech.ch\/conditions-dutilisation\/"},"modified":"2020-06-02T09:37:02","modified_gmt":"2020-06-02T07:37:02","slug":"conditions-dutilisation","status":"publish","type":"page","link":"https:\/\/rogrotech.ch\/fr\/conditions-dutilisation\/","title":{"rendered":"Conditions d&rsquo;utilisation"},"content":{"rendered":"\t\t<div data-elementor-type=\"wp-post\" data-elementor-id=\"13641\" class=\"elementor elementor-13641 elementor-270\">\n\t\t\t\t\t\t<div class=\"elementor-inner\">\n\t\t\t\t<div class=\"elementor-section-wrap\">\n\t\t\t\t\t\t\t\t\t<section class=\"elementor-section elementor-top-section elementor-element elementor-element-415648f elementor-section-full_width elementor-section-height-default elementor-section-height-default\" data-id=\"415648f\" data-element_type=\"section\" data-settings=\"{&quot;jet_parallax_layout_list&quot;:[]}\">\n\t\t\t\t\t\t<div class=\"elementor-container elementor-column-gap-default\">\n\t\t\t\t\t\t\t<div class=\"elementor-row\">\n\t\t\t\t\t<div class=\"elementor-column elementor-col-100 elementor-top-column elementor-element elementor-element-380f150\" data-id=\"380f150\" data-element_type=\"column\">\n\t\t\t<div class=\"elementor-column-wrap\">\n\t\t\t\t\t\t\t<div class=\"elementor-widget-wrap\">\n\t\t\t\t\t\t\t\t<\/div>\n\t\t\t\t\t<\/div>\n\t\t<\/div>\n\t\t\t\t\t\t\t\t<\/div>\n\t\t\t\t\t<\/div>\n\t\t<\/section>\n\t\t\t\t<section class=\"elementor-section elementor-top-section elementor-element elementor-element-3114e48 elementor-section-boxed elementor-section-height-default elementor-section-height-default\" data-id=\"3114e48\" data-element_type=\"section\" data-settings=\"{&quot;jet_parallax_layout_list&quot;:[]}\">\n\t\t\t\t\t\t<div class=\"elementor-container elementor-column-gap-default\">\n\t\t\t\t\t\t\t<div class=\"elementor-row\">\n\t\t\t\t\t<div class=\"elementor-column elementor-col-100 elementor-top-column elementor-element elementor-element-37dc5c9\" data-id=\"37dc5c9\" data-element_type=\"column\">\n\t\t\t<div class=\"elementor-column-wrap elementor-element-populated\">\n\t\t\t\t\t\t\t<div class=\"elementor-widget-wrap\">\n\t\t\t\t\t\t<div class=\"elementor-element elementor-element-07b67ac elementor-widget elementor-widget-heading\" data-id=\"07b67ac\" data-element_type=\"widget\" data-widget_type=\"heading.default\">\n\t\t\t\t<div class=\"elementor-widget-container\">\n\t\t\t<h2 class=\"elementor-heading-title elementor-size-default\">Uniquement allemand: Allgemeine Gesch\u00e4ftsbedingungen<\/h2>\t\t<\/div>\n\t\t\t\t<\/div>\n\t\t\t\t<div class=\"elementor-element elementor-element-7b5611a elementor-widget elementor-widget-text-editor\" data-id=\"7b5611a\" data-element_type=\"widget\" data-widget_type=\"text-editor.default\">\n\t\t\t\t<div class=\"elementor-widget-container\">\n\t\t\t\t\t\t\t\t<div class=\"elementor-text-editor elementor-clearfix\">\n\t\t\t\t<p class=\"MsoNormal\"><b>Verkaufs- und Lieferbedingungen der Firma Rogrotech Reinigungssysteme GmbH,<br \/>Bielstrasse 21a 3053 M\u00fcnchenbuchsee<br \/>Stand: 2 vom 19.02.2017<\/b><\/p>\n<p class=\"MsoNormal\">Die nachfolgenden Allgemeinen Gesch\u00e4ftsbedingungen gelten f\u00fcr alle Rechtsgesch\u00e4fte von Rogrotech GmbH mit deren Kunden, sofern keine abweichenden Vereinbarungen getroffen worden sind. Zus\u00e4tzliche oder abweichende Vereinbarungen bed\u00fcrfen grunds\u00e4tzlich der Schriftform. Dies gilt auch f\u00fcr die \u00c4nderung der Schriftformklausel. Gesch\u00e4ftsbedingungen des Vertragspartners werden grunds\u00e4tzlich nicht anerkannt.<\/p>\n<p><b>1. Angebot, Auftragserteilung, Auftragsbest\u00e4tigung<br \/><\/b><span style=\"font-size: 15px;\">Unsere Angebote sind grunds\u00e4tzlich freibleibend. Bei schriftlicher oder m\u00fcndlicher Bestellung ist der Besteller 21 Tage an sein Vertragsangebot gebunden. Ein Auftrag ist angenommen, wenn er von uns schriftlich und\/oder per Fax bzw. E-Mail best\u00e4tigt wird oder wir geliefert haben.<\/span><\/p>\n<p>Alle in Prospekten, Katalogen, auf Homepageseiten und in sonstigen Dokumenten enthaltenen Angaben, Ma\u00dfe, Werte, Einsatzbedingungen und sonstigen Inhalte sind theoretische N\u00e4herungswerte und nur bei schriftlicher Best\u00e4tigung verbindlich und auch nur soweit, wie wir diese nach den vorhandenen Unterlagen ermitteln konnten. Prospekte gelten grunds\u00e4tzlich in ihrer aktuellen Fassung zum Zeitpunkt des Vertragsabschlusses.<br \/>Unsere serienm\u00e4\u00dfig hergestellten Produkte werden nach Prospekten bzw. Ausstellungsst\u00fccken verkauft. Dabei sind handels\u00fcbliche geringf\u00fcgige Farb- und\/oder Formabweichungen vertragsgerecht.<\/p>\n<p class=\"MsoNormal\">Konstruktions\u00e4nderungen oder technische \u00c4nderungen bleiben immer vorbehalten, sofern die Funktionalit\u00e4t des Produktes unter Ber\u00fccksichtigung der Anforderungen des Kunden erhalten bleibt.<br \/>Sofern im Rahmen der Gesch\u00e4ftsbeziehung Dokumente, Muster und\/oder sonstige Informationen \u00fcbermittelt bzw. weitergegeben werden, sind diese urheberrechtlich gesch\u00fctzt. Alle Urheberrechte stehen der Firma Rogrotech zu.<br \/>Unsere Kunden sichern zu, die genannten Gegenst\u00e4nde und Informationen strengstens vertraulich zu behandeln, ohne schriftliche Zustimmung der Firma Rogrotech weder zu kopieren noch nachzubilden, weiterzugeben oder zu verbreiten, weder nachzubauen oder auf sonstige Weise Dritten zug\u00e4nglich zu machen und\/oder Dritte davon in sonstiger Weise in Kenntnis zu setzen. Jegliche Nutzung der gesch\u00fctzten Dokumente, Gegenst\u00e4nde und sonstigen Informationen ohne vertragliche Grundlage und ohne Zustimmung der Firma Rogrotech ist ebenfalls untersagt. S\u00e4mtliche von Rogrotech \u00fcbermittelten Muster, Zeichnungen und sonstigen Dokumente, deren \u00dcbereignung nicht zum Vertragszweck geh\u00f6rt, bleiben auch physisch im Eigentum der Firma Rogrotech.<\/p>\n<p><b>2.Lieferzeit<\/b><br \/>Lieferfristen beginnen mit Absendung unserer Auftragsbest\u00e4tigung, jedoch nicht vor v\u00f6lliger Klarstellung der Ausf\u00fchrungseinzelheiten und aller Voraussetzungen, die der Kunde zu erf\u00fcllen hat. Der Liefertermin ist mit Verlassen des Werks von Rogrotech eingehalten. Rogrotech ger\u00e4t ohne Mahnung nur in Verzug, sofern ein verbindlich und schriftlich zugesagter Liefertermin zu einem bestimmten Kalendertag \u00fcberschritten wird. F\u00fcr diesen Fall hat der Kunde eine angemessene Nachfrist von mindestens 4 Wochen zu gew\u00e4hren. Ereignisse h\u00f6herer Gewalt, unvorhersehbare Umst\u00e4nde und sonstige unvorhersehbare St\u00f6rungen des Gesch\u00e4ftsbetriebes von Rogrotech oder deren Lieferanten, die trotz der nach den Umst\u00e4nden des Falles zumutbaren Sorgfalt weder bei Rogrotech noch bei deren Vorlieferanten abwendbar sind, verschieben die Liefertermine um einen angemessenen Zeitraum. Rogrotech wird in diesen F\u00e4llen von ihrer Leistungspflicht frei, wenn die Lieferung nicht innerhalb einer angemessenen Nachfrist m\u00f6glich ist. Hat Rogrotech zur Erf\u00fcllung des Kaufvertrages mit ihrem Vorlieferanten ein entsprechendes Deckungsgesch\u00e4ft abgeschlossen, so braucht Rogrotech nicht zu liefern, wenn der Vorlieferant nicht liefern kann. \u00dcber diese Umst\u00e4nde hat Rogrotech den Kunden unverz\u00fcglich zu benachrichtigen und ggf. bezahlte Entgelte unverz\u00fcglich zur\u00fcckzuzahlen.<\/p>\n<p class=\"MsoNormal\"><b>3. Leistungsvorbehalt<\/b><br \/>Rogrotech kann die Lieferung verweigern, sofern nach Abschluss des Vertrages Tatsachen bekannt werden, welche die Gegenleistung des Kunden wegen dessen mangelnder Leistungsf\u00e4higkeit und\/oder Bonit\u00e4t als gef\u00e4hrdet erscheinen lassen. Die Lieferung erfolgt f\u00fcr diesen Fall nur, sofern der Kunde vorleistet oder angemessene Sicherheiten stellt. Dies gilt auch f\u00fcr Forderungen aus anderen Gesch\u00e4ftsvorf\u00e4llen mit dem Kunden. Rogrotech ist berechtigt, dem Kunden eine angemessene Frist zur Vorleistung oder der Sicherheiten Stellung zu setzen und nach Fristablauf vom Vertrag zur\u00fcckzutreten. Die Fristsetzung ist entbehrlich, sofern der Kunde die bereits bei Vertragsabschluss bekannten oder ihm fahrl\u00e4ssig nicht bekannten Tatsachen arglistig oder fahrl\u00e4ssig verschwiegen hat.<br \/>Ferner ist in den genannten F\u00e4llen Rogrotech berechtigt, alle Forderungen aus s\u00e4mtlichen Gesch\u00e4ftsbeziehungen mit dem Kunden f\u00e4llig zu stellen.<\/p>\n<p><b>4.Versand<\/b><br \/>Die Gefahr geht mit Auslieferung des Vertragsproduktes an einen Spediteur oder eine sonstige zur Ausf\u00fchrung der Versendung bestimmte Person auf den Kunden \u00fcber. Transportversicherung gegen Sch\u00e4den aller Art wird nur auf ausdr\u00fccklichen Wunsch des K\u00e4ufers vorgenommen. Die Kosten der Transportversicherung gehen zu Lasten des K\u00e4ufers. Die Versandart bestimmt Rogrotech.<br \/>Rogrotech ist immer zu Teillieferungen in zumutbarem Umfang berechtigt.<br \/>Bei Lieferung ins Ausland gehen auch bei vereinbarter Frei-Haus-Lieferung grunds\u00e4tzlich alle anfallenden Zusatzkosten, insbesondere Zollkosten, Transportkosten ab Grenze, Geb\u00fchren f\u00fcr Porti-Papiere, die Einfuhrumsatzsteuer usw., zu Lasten des Kunden.<\/p>\n<p><b>5.Genehmigungsverfahren und Architektenleistung<br \/><\/b><span style=\"font-size: 15px;\">Der Kunde ist verantwortlich f\u00fcr das gesamte Genehmigungsverfahren einschlie\u00dflich des Erstellens und der Eingabe aller erforderlichen Pl\u00e4ne f\u00fcr die gesamte Montageumgebung, f\u00fcr alle Maurer-, Beton- und Kanalisierungsarbeiten sowie s\u00e4mtliche Arbeiten unterhalb der Oberkante Fu\u00dfboden, f\u00fcr alle Architektenleistungen, insbesondere der Pr\u00fcfung der statischen Berechnung des Stahlbaus sowie das Erstellen des Bew\u00e4hrungsplanes der Bodenplatte. Der Kunde hat grunds\u00e4tzlich f\u00fcr die gefahrlose An- und Abfahrt auf festem mit Gabelstapler bzw. schwerem Lkw befahrbarem Untergrund zu sorgen. S\u00e4mtliche Montagearbeiten k\u00f6nnen grunds\u00e4tzlich erst nach Fertigstellung der Maurer- und Betonarbeiten sowie der Bereitstellung der Abwasser- und Energieanschl\u00fcsse einschlie\u00dflich der Fu\u00dfbodenheizung nach den beh\u00f6rdlichen Vorschriften beginnen.<\/span><\/p>\n<p>Der Kunde hat auf seine Kosten die erforderliche Elektrizit\u00e4t und Wasser mit den entsprechenden Anschl\u00fcssen zur Verf\u00fcgung zu stellen.<br \/>Der Kunde hat rechtzeitig s\u00e4mtliche Medienanschl\u00fcsse (Wasser, Abwasser, Elektrizit\u00e4t, It, Gas, \u00d6l) bereitzustellen.<br \/>Bei Verletzung einer Verpflichtung dieser Klausel treten s\u00e4mtliche Termins Vereinbarungen au\u00dfer Kraft. Sofern Rogrotech dadurch Mehrkosten entstehen, haftet der Kunde.<\/p>\n<p><b>6.Eigentumsvorbehalt und Vertragsr\u00fccktritt<br \/><\/b><span style=\"font-size: 15px;\">Alle Lieferungen der Firma Rogrotech erfolgen unter Eigentumsvorbehalt. Die jeweils gelieferte Ware bleibt bis zur vollst\u00e4ndigen Bezahlung aller gelieferten Waren und Forderungen aus bereits erbrachten Dienstleistungen Eigentum der Firma Rogrotech. Erlischt das Eigentum von Rogrotech durch Verbindung, Vermischung, Einbau oder sonstige gesetzliche Vorschriften, geht das Eigentum des K\u00e4ufers an der einheitlichen Sache nach dem Rechnungswert wertanteilm\u00e4\u00dfig auf Rogrotech \u00fcber. Rogrotech verpflichtet sich, auf entsprechenden Antrag des Kunden alle Sicherheiten insoweit herauszugeben, als der Wert der Sicherheiten die zu sichernden Forderungen um mehr als 20 % \u00fcbersteigt. Die Auswahl der freizugebenden Sicherheiten obliegt der Firma Rogrotech. Im Falle der Weiterver\u00e4u\u00dferung von Vertragsgegenst\u00e4nden tritt der Kunde seine Forderung mit Nebenrechten schon jetzt an Rogrotech sicherungshalber ab. Bis auf den jederzeit m\u00f6glichen Widerruf ist der Kunde zur Einziehung der abgetretenen Forderung berechtigt. Solange das Eigentumsrecht der Firma Rogrotech besteht, ist diese berechtigt, sich jederzeit von der ordnungsgem\u00e4\u00dfen Behandlung und Unterbringung der Ware an Ort und Stelle zu \u00fcberzeugen und diese gegebenenfalls nach Nachfristsetzung abzuholen, ohne dass hiermit ein R\u00fccktritt vom Vertrag verbunden ist.<\/span><\/p>\n<p>Der Kunde tr\u00e4gt alle Kosten einer notwendigen R\u00fcckholung der Ware, dies gilt auch f\u00fcr die evtl. erneute Anlieferung.<\/p>\n<p><b>7.Preise und Zahlungsbedingungen<br \/><\/b><span style=\"font-size: 15px;\">Die Preise verstehen sich in CHF zzgl. der jeweils aktuell g\u00fcltigen gesetzlichen Mehrwertsteuer. Alle Preise gelten ab Werk und ohne jegliche Nebenleistungen, insbesondere ohne Transport, Versicherung, Verpackung, Porto, Geb\u00fchren, Montage, Inbetriebsetzung und sonstige Aufwendungen im Rahmen der Anwendung beim Kunden, insbesondere Mehraufwand durch Erf\u00fcllung beh\u00f6rdlicher Auflagen am Ort der Montage sowie die Erstellung von vorgeschriebenen Baugenehmigungsunterlagen. Ist nichts anderes vereinbart, richten sich die Preise nach der zum Zeitpunkt des Vertragsabschlusses g\u00fcltigen Preisliste von Rogrotech.<\/span><\/p>\n<p>Unsere Dienstleistungen bei Inbetriebnahme, Wartungen, Installationen und sonstigen Anwendungsunterst\u00fctzungen werden grunds\u00e4tzlich nach Regie und Materialaufwand abgerechnet, wobei sich die Regiestundens\u00e4tze nach unserer jeweils g\u00fcltigen Preisliste ergeben.<\/p>\n<p><b>8.Zahlungen<br \/><\/b>Rechnungen sind grunds\u00e4tzlich sofort ohne Abzug f\u00e4llig.<br \/>Der Kunde hat im Falle eines Mangels der Kaufsache oder der Montage ein Kaufpreiszur\u00fcckbehaltungsrecht nur in angemessener H\u00f6he, die sich nach der Art des Mangels und der Nutzungsbeeintr\u00e4chtigung richtet.<br \/>Bei \u00dcberschreiten f\u00e4lliger Zahlungstermine sind ohne weitere Mahnung Verzugszinsen in H\u00f6he von 1 % pro Monat zu bezahlen. Ist der Kunde Unternehmer, betr\u00e4gt der Verzugszins 1,5 % pro Monat \u00fcber dem Basiszinssatz. Im Verzugsfall sind alle gew\u00e4hlten Rabatte und sonstigen Nachl\u00e4sse hinf\u00e4llig.<br \/>Der Kunde kann nur mit Gegenforderungen aufrechnen, die unbestritten oder anerkannt oder tituliert sind.<\/p>\n<p class=\"MsoNormal\"><b>9. Gew\u00e4hrleistung<br \/><\/b><span style=\"font-size: 15px;\">Rogrotech gew\u00e4hrleistet die Mangelfreiheit ihrer Produkte entsprechend den vertraglichen Vorgaben innerhalb einer Gew\u00e4hrleistungsfrist von einem Jahr, gerechnet ab \u00dcbergabe. Ist der Kunde Verbraucher so gilt die gesetzliche Gew\u00e4hrleistungsfrist. Die kurze Verj\u00e4hrungsfrist, d.h. ein Jahr bzw. zwei Jahre, wenn der Kunde Verbraucher ist, gilt auch f\u00fcr Anlagenteile von Rogrotech, die auf Grundst\u00fccken eingebaut werden, jedoch nicht endg\u00fcltig mit dem Grundst\u00fcck verbunden sind, sondern sich vom Grundst\u00fcck l\u00f6sen lassen, ohne dass eine Zerst\u00f6rung des Anlagenteiles eintritt.<\/span><\/p>\n<p>Ist der Kunde Unternehmer, hat er Beanstandungen wegen unvollst\u00e4ndiger oder unrichtiger Lieferung oder R\u00fcgen wegen offensichtlicher oder normal erkennbarer M\u00e4ngel sp\u00e4testens 14 Tage nach Erhalt der Ware schriftlich bei uns anzuzeigen. Unterl\u00e4sst der Kunde die fristgerechte M\u00e4ngelanzeige oder wird die Ware von ihm verbraucht oder ver\u00e4u\u00dfert, so gilt dies als vorbehaltlose Genehmigung.<br \/>Ein Weiterbetrieb des Ger\u00e4tes trotz festgestellter M\u00e4ngel erfolgt auf Gefahr des Kunden.<br \/>Wegen einer Vielzahl der Verwendungsm\u00f6glichkeiten von Rogrotech-Produkten \u00fcbernimmt Rogrotech keine Gew\u00e4hrleistung f\u00fcr die tats\u00e4chlichen Verwendungsm\u00f6glichkeiten und konkreten Einsatzbedingungen beim Kunden, sofern dies nicht ausdr\u00fccklich schriftlich zugesichert wurde und uns die konkreten Einsatzbedingungen vor Ort in korrekter Weise vom Kunden schriftlich geschildert wurden.<br \/>Ist der Kunde Unternehmer, werden die Gew\u00e4hrleistungsanspr\u00fcche nach Wahl von Rogrotech auf Mangelbeseitigung oder Ersatzlieferung beschr\u00e4nkt. Weitergehende Anspr\u00fcche des Kunden, insbesondere Schadensersatzanspr\u00fcche f\u00fcr Mangelfolgesch\u00e4den, werden ausgeschlossen mit Ausnahme von Personensch\u00e4den, sofern Rogrotech fahrl\u00e4ssig gehandelt hat. Rogrotech haftet insbesondere nicht f\u00fcr Sch\u00e4den, die nicht am Liefergegenstand selbst entstanden sind. Insbesondere haftet Rogrotech nicht f\u00fcr entgangene Gewinn- oder f\u00fcr sonstige Verm\u00f6genssch\u00e4den des Kunden. Diese Haftungsbeschr\u00e4nkung gilt nicht, sofern die Schadensursache auf Vorsatz, grober Fahrl\u00e4ssigkeit oder arglistigen Verhaltens beruht. Sollten dann Schadensersatzanspr\u00fcche gegeben sein, verj\u00e4hren diese ein Jahr nach \u00dcbergabe der Ware. Voraussetzung aller Gew\u00e4hrleistungsanspr\u00fcche des Kunden ist, dass der Kunde alle zumutbaren Mitwirkungen an der Fehlerbeseitigung erbringt, insbesondere den Mangel nachvollziehbar und unmittelbar nach dem Erkennen mitteilt.<\/p>\n<p><b>10. Wegfall der Gew\u00e4hrleistung<br \/><\/b><span style=\"font-size: 15px;\">Die Gew\u00e4hrleistung entf\u00e4llt insgesamt, wenn Produkte der Firma Rogrotech nicht zum bestimmungsgem\u00e4\u00dfen Einsatz und\/oder bei au\u00dfergew\u00f6hnlichen Betriebsbedingungen verwendet und\/oder keine Rogrotech\u2013Ersatzteile eingesetzt werden; ferner bei unsachgem\u00e4\u00dfer Wartung, insbesondere bei Versto\u00df gegen Wartungsanweisungen und bei nicht ausreichender oder unsachgem\u00e4\u00dfer Reinigung der Produkte bzw. Ger\u00e4te sowie bei Verwendung von nicht ausdr\u00fccklich durch die Firma Rogrotech schriftlich freigegebener Betriebsstoffe, Reinigungs- und Pflegemitteln.<\/span><\/p>\n<p>In allen F\u00e4llen, in denen der Kunden eine unberechtigte Gew\u00e4hrleistungsr\u00fcge erhebt und der Firma Rogrotech durch die Pr\u00fcfung Kosten entstehen, haftet der Kunde f\u00fcr diese Kosten, sofern er fahrl\u00e4ssig gehandelt hat. Werden Internetzug\u00e4nge welche f\u00fcr Soft-Ware Up-Tates, die zur einer Besseren Betriebssicherheit der jeweiligen Ger\u00e4te ben\u00f6tigt werden verweigert, verf\u00e4llt die Gew\u00e4hrleistung<\/p>\n<p><b>11. Haftung<\/b><br \/>Rogrotech haftet f\u00fcr Sch\u00e4den aus der Verletzung der Gesundheit, des Lebens oder des K\u00f6rpers bei Vorsatz, grober und leichter Fahrl\u00e4ssigkeit ihrer gesetzlichen Vertreter und\/oder ihrer Erf\u00fcllungsgehilfen. F\u00fcr sonstige Sch\u00e4den aus vertraglicher oder au\u00dfervertraglicher Pflichtverletzung haftet Rogrotech nur bei grober Fahrl\u00e4ssigkeit und Vorsatz ihrer gesetzlichen Vertreter und\/oder Erf\u00fcllungs- bzw. Verrichtungsgehilfen, soweit nicht vertragswesentliche oder Kardinalspflichten verletzt sind. Im Falle der Verletzung von vertragswesentlichen Pflichten oder Kardinalspflichten haftet Rogrotech auch bei leichter Fahrl\u00e4ssigkeit, aber nur f\u00fcr die bei Vertragsschluss vorhersehbaren Sch\u00e4den. Diese Haftung wird auf die bei Rogrotech durch deren Haftpflichtversicherung abgedeckten Anspr\u00fcche beschr\u00e4nkt. Rogrotech haftet nicht f\u00fcr Ausk\u00fcnfte oder Beratung, sofern diese nicht ausdr\u00fccklich Vertragsbestandteil sind. Ausk\u00fcnfte und Beratung im Zusammenhang mit der Abwicklung eines Auftrages sind grunds\u00e4tzlich nicht wesentliche Vertragspflichten, f\u00fcr die die Haftung auf grobes Verschulden und f\u00fcr vorhersehbare Sch\u00e4den beschr\u00e4nkt wird.<br \/>Haftungsausschl\u00fcsse nach diesen Allgemeinen Gesch\u00e4ftsbedingungen gelten nicht f\u00fcr Anspr\u00fcche aus dem Produkthaftungsgesetz<\/p>\n<p><b>12. Informationen des Kunden<\/b><br \/>Der Kunde haftet f\u00fcr seine Angaben und sonstigen Informationen zur Planung und Produktion sowie f\u00fcr die Tauglichkeit der Montageumgebung. Alle durch falsche Angaben oder eine ungeeignete Montageumgebung eintretenden Zusatzkosten tr\u00e4gt der Kunde. Der Kunde ist verantwortlich f\u00fcr die Richtigkeit seiner Angaben und f\u00fcr die rechtzeitige Zurverf\u00fcgungstellung aller notwendigen Informationen; insbesondere haftet der Kunde f\u00fcr alle Zusatzkosten, die durch eine Verletzung dieser Mitwirkungspflicht entstehen.<\/p>\n<p><b>13. Vertragsr\u00fccktritt<\/b><br \/>Nimmt der Kunde ein ordnungsgem\u00e4\u00df bestelltes Produkt bzw. Anlage nicht ab oder erkl\u00e4rt der Kunde bereits vor Lieferung w\u00f6rtlich oder sinngem\u00e4\u00df, auch durch Schweigen auf eine entsprechende schriftliche Aufforderung, die einen entsprechenden Hinweis auf die Rechtsfolgen dieses Absatzes enth\u00e4lt, dass er diese nicht abnehmen werde, kann Rogrotech ohne weitere Mahnung vom Vertrag zur\u00fccktreten und Schadensersatz statt der Leistung verlangen.<br \/>Im Falle eines vom Kunden veranlassten Vertragsr\u00fccktritts der Firma Rogrotech, insbesondere wegen Zahlungsverzuges oder des Falles Ziffer 3. oder einer sonstigen vom Kunden veranlassten unberechtigten R\u00fcckabwicklung des Vertrages nach Lieferung und der R\u00fccknahme gelieferter Waren, hat Rogrotech Anspruch auf Schadensersatz und auf Ausgleich f\u00fcr Aufwendungen.<\/p>\n<p>Rogrotech hat Anspruch auf pauschalen Schadensersatz wegen Nichterf\u00fcllung in H\u00f6he von 25 % des Nettoauftragsvolumens. F\u00fcr infolge des Vertrages gemachte Aufwendungen, wie z.B. Hin- und R\u00fccktransport- sowie Montagekosten usw. erh\u00e4lt Rogrotech Ersatz in jeweils entstandener H\u00f6he. Die Stundenpauschale je Mitarbeiter betr\u00e4gt 145,00 Sfr und die Fahrtkostenpauschale 1,80 CHF pro km zzgl. MwSt. Diese Kostenans\u00e4tze gelten auch in den \u00fcbrigen F\u00e4llen dieser Allgemeinen Gesch\u00e4ftsbedingungen, nach denen der Kunde Kosten zu tragen hat.<br \/>Es ist sowohl Rogrotech unbenommen, statt den Pauschals\u00e4tzen f\u00fcr Schadensersatz, einen h\u00f6heren Schaden zu beweisen und geltend zu machen, als auch dem Kunden m\u00f6glich, einen geringeren Schaden von Rogrotech darzulegen und unter Beweis zu stellen. Befindet sich der Kunde im Abnahmeverzug, hat er nach einer Verzugsdauer von mehr als 14 Tagen die anfallenden Lagerkosten zu bezahlen.<\/p>\n<p class=\"MsoNormal\"><b>14. Datenschutz<br \/><\/b>Der Kunde ist einverstanden, dass in den Kaufvertrag aufgenommene pers\u00f6nliche Daten nur der internen Be-\/Verarbeitung bzw. Auswertung dienen und an Dritte nicht weitergegeben werden. Er ist damit einverstanden, dass wir diese f\u00fcr Newsletter verwenden.<br \/>Rogrotech ist berechtigt, \u00fcber den Kunden eine Kreditauskunft Schutzgemeinschaft f\u00fcr allgemeine Kreditsicherung) oder einer anderen Informationsstelle einzuholen. Der Kunde erteilt dazu ausdr\u00fccklich seine Zustimmung.<\/p>\n<p><b>15. Gerichtsstand und Erf\u00fcllungsort<br \/><\/b>Dieser Vertrag unterliegt dem Schweizerischen Recht. \u00a0Die Bestimmungen des Wiener UN-\u00dcbereinkommens vom 11.04.1980 \u00fcber Vertr\u00e4ge \u00fcber den internationalen Warenkauf (CISG) finden keine Anwendung.<br \/>Gerichtsstand f\u00fcr Rechtsstreitigkeiten aus dem Vertragsverh\u00e4ltnis ist M\u00fcnchenbuchsee<br \/>Wenn der Kunde keinen Wohnsitz im Inland hat, oder diesen nach Vertragsabschluss aus dem Inland verlegt oder sein Wohnsitz oder gew\u00f6hnlicher Aufenthaltsort zum Zeitpunkt der Klageerhebung nicht bekannt ist, ist Erf\u00fcllungsort und Gerichtsstand nach Wahl von Rogrotech der Hauptsitz der Firma Rogrotech oder der des Kunden.<br \/>Sollten einzelne Bestimmungen dieser Allgemeinen Gesch\u00e4ftsbedingungen unwirksam sein oder werden, so wird die Wirksamkeit der \u00fcbrigen Bedingungen hierdurch nicht ber\u00fchrt. An die Stelle der unwirksamen Klausel tritt eine Regelung, die dem mit der unwirksamen Bestimmung angestrebten Zweck m\u00f6glichst nahe<span style=\"font-size: 12.0pt; line-height: 107%; mso-fareast-language: DE-CH;\"> kommt.<\/span><\/p>\n\t\t\t\t\t<\/div>\n\t\t\t\t\t\t<\/div>\n\t\t\t\t<\/div>\n\t\t\t\t\t\t<\/div>\n\t\t\t\t\t<\/div>\n\t\t<\/div>\n\t\t\t\t\t\t\t\t<\/div>\n\t\t\t\t\t<\/div>\n\t\t<\/section>\n\t\t\t\t\t\t\t\t\t<\/div>\n\t\t\t<\/div>\n\t\t\t\t\t<\/div>\n\t\t","protected":false},"excerpt":{"rendered":"<p>Uniquement allemand: Allgemeine Gesch\u00e4ftsbedingungen Verkaufs- und Lieferbedingungen der Firma Rogrotech Reinigungssysteme GmbH,Bielstrasse 21a 3053 M\u00fcnchenbuchseeStand: 2 vom 19.02.2017 Die nachfolgenden Allgemeinen Gesch\u00e4ftsbedingungen gelten f\u00fcr alle Rechtsgesch\u00e4fte von Rogrotech GmbH mit deren Kunden, sofern keine abweichenden Vereinbarungen getroffen worden sind. Zus\u00e4tzliche oder abweichende Vereinbarungen bed\u00fcrfen grunds\u00e4tzlich der Schriftform. Dies gilt auch f\u00fcr die \u00c4nderung der Schriftformklausel. [&hellip;]<\/p>\n","protected":false},"author":3,"featured_media":0,"parent":0,"menu_order":0,"comment_status":"closed","ping_status":"closed","template":"elementor_header_footer","meta":[],"_links":{"self":[{"href":"https:\/\/rogrotech.ch\/fr\/wp-json\/wp\/v2\/pages\/13641"}],"collection":[{"href":"https:\/\/rogrotech.ch\/fr\/wp-json\/wp\/v2\/pages"}],"about":[{"href":"https:\/\/rogrotech.ch\/fr\/wp-json\/wp\/v2\/types\/page"}],"author":[{"embeddable":true,"href":"https:\/\/rogrotech.ch\/fr\/wp-json\/wp\/v2\/users\/3"}],"replies":[{"embeddable":true,"href":"https:\/\/rogrotech.ch\/fr\/wp-json\/wp\/v2\/comments?post=13641"}],"version-history":[{"count":0,"href":"https:\/\/rogrotech.ch\/fr\/wp-json\/wp\/v2\/pages\/13641\/revisions"}],"wp:attachment":[{"href":"https:\/\/rogrotech.ch\/fr\/wp-json\/wp\/v2\/media?parent=13641"}],"curies":[{"name":"wp","href":"https:\/\/api.w.org\/{rel}","templated":true}]}}