{"id":13907,"date":"2020-06-18T12:52:11","date_gmt":"2020-06-18T10:52:11","guid":{"rendered":"https:\/\/rogrotech.ch\/?post_type=product&#038;p=13907"},"modified":"2021-04-20T14:05:31","modified_gmt":"2021-04-20T12:05:31","slug":"lkw-anhaenger-innenreinigungs-anlage","status":"publish","type":"product","link":"https:\/\/rogrotech.ch\/fr\/shop\/carwash-waschnlagen\/waschanlagen\/nfz-waschanlagen\/nfz-anlagen\/lkw-anhaenger-innenreinigungs-anlage\/","title":{"rendered":"LKW-Anh\u00e4nger Innenreinigungs-Anlage"},"content":{"rendered":"\t\t<div data-elementor-type=\"product-post\" data-elementor-id=\"13907\" class=\"elementor elementor-13907\">\n\t\t\t\t\t\t<div class=\"elementor-inner\">\n\t\t\t\t<div class=\"elementor-section-wrap\">\n\t\t\t\t\t\t\t\t\t<section class=\"elementor-section elementor-top-section elementor-element elementor-element-1710148 elementor-section-boxed elementor-section-height-default elementor-section-height-default\" data-id=\"1710148\" data-element_type=\"section\" data-settings=\"{&quot;jet_parallax_layout_list&quot;:[{&quot;jet_parallax_layout_image&quot;:{&quot;url&quot;:&quot;&quot;,&quot;id&quot;:&quot;&quot;,&quot;size&quot;:&quot;&quot;},&quot;_id&quot;:&quot;662f7e3&quot;,&quot;jet_parallax_layout_image_tablet&quot;:{&quot;url&quot;:&quot;&quot;,&quot;id&quot;:&quot;&quot;,&quot;size&quot;:&quot;&quot;},&quot;jet_parallax_layout_image_mobile&quot;:{&quot;url&quot;:&quot;&quot;,&quot;id&quot;:&quot;&quot;,&quot;size&quot;:&quot;&quot;},&quot;jet_parallax_layout_speed&quot;:{&quot;unit&quot;:&quot;%&quot;,&quot;size&quot;:50,&quot;sizes&quot;:[]},&quot;jet_parallax_layout_type&quot;:&quot;scroll&quot;,&quot;jet_parallax_layout_direction&quot;:null,&quot;jet_parallax_layout_fx_direction&quot;:null,&quot;jet_parallax_layout_z_index&quot;:&quot;&quot;,&quot;jet_parallax_layout_bg_x&quot;:50,&quot;jet_parallax_layout_bg_x_tablet&quot;:&quot;&quot;,&quot;jet_parallax_layout_bg_x_mobile&quot;:&quot;&quot;,&quot;jet_parallax_layout_bg_y&quot;:50,&quot;jet_parallax_layout_bg_y_tablet&quot;:&quot;&quot;,&quot;jet_parallax_layout_bg_y_mobile&quot;:&quot;&quot;,&quot;jet_parallax_layout_bg_size&quot;:&quot;auto&quot;,&quot;jet_parallax_layout_bg_size_tablet&quot;:&quot;&quot;,&quot;jet_parallax_layout_bg_size_mobile&quot;:&quot;&quot;,&quot;jet_parallax_layout_animation_prop&quot;:&quot;transform&quot;,&quot;jet_parallax_layout_on&quot;:[&quot;desktop&quot;,&quot;tablet&quot;]}]}\">\n\t\t\t\t\t\t<div class=\"elementor-container elementor-column-gap-default\">\n\t\t\t\t\t\t\t<div class=\"elementor-row\">\n\t\t\t\t\t<div class=\"elementor-column elementor-col-100 elementor-top-column elementor-element elementor-element-b8c0eb9\" data-id=\"b8c0eb9\" data-element_type=\"column\">\n\t\t\t<div class=\"elementor-column-wrap elementor-element-populated\">\n\t\t\t\t\t\t\t<div class=\"elementor-widget-wrap\">\n\t\t\t\t\t\t<div class=\"elementor-element elementor-element-5f82050 elementor-widget elementor-widget-text-editor\" data-id=\"5f82050\" data-element_type=\"widget\" data-widget_type=\"text-editor.default\">\n\t\t\t\t<div class=\"elementor-widget-container\">\n\t\t\t\t\t\t\t\t<div class=\"elementor-text-editor elementor-clearfix\">\n\t\t\t\t<ul><li><strong>Automatische Berichterstattung<\/strong> und Datenprotokollierung<\/li><li>Einfaches, robustes und zuverl\u00e4ssiges <strong>Design aus Edelstahl<\/strong><\/li><li><strong>Hochbelastbarer Schlauchaufroller<\/strong> aus Edelstahl<\/li><li>Hochleistungspumpe bietet <strong>132 Liter pro Minute bei 1200 Psi<\/strong><\/li><li><strong>Hydraulischer Allradantrieb<\/strong> mit soliden F\u00fchrungsr\u00e4dern<\/li><li><strong>Automatische Ausrichtung<\/strong> an den Anh\u00e4nger<\/li><li>Kann Hindernisse auf seinem Weg \u00fcberwinden<\/li><li>Senkt den Zeitaufwand, die Kosten und die potenziellen Sicherheitsrisiken der manuellen Reinigung<\/li><li><strong>Anpassbares Design<\/strong> an Ihre Unternehmensidentit\u00e4t<\/li><\/ul><p>\u00a0<\/p><p>Das Interior Trailer Wasch System wurde entwickelt, um Anh\u00e4nger effektiv zu reinigen und zu desinfizieren sowie die Einhaltung der Gesetze zu gew\u00e4hrleisten und gleichzeitig die Kosten zu minimieren.\u00a0<\/p><p>Das Waschsystem kann auf einem Dock oder auf einem in sich geschlossenen, beweglichen St\u00e4nder installiert werden, so dass das Innenleben von Anh\u00e4ngern und Beh\u00e4ltern gewaschen werden kann. Die Maschine kann mit einer Auto-Start-Funktion ausgestattet werden, was die Bedienung nochmals um ein Vielfaches einfacher macht. Den Anh\u00e4nger bis zum Dock oder St\u00e4nder zur\u00fccklegen und die Maschine startet dann automatisch.\u00a0<\/p><p>Die Wasch-, Sp\u00fcl- und Desinfektionszyklen k\u00f6nnen f\u00fcr einen typischen Anh\u00e4nger in nur zwei Minuten abgeschlossen werden. Der Interior Trailer verf\u00fcgt \u00fcber ein robustes und einfaches Design, um eine maximale Betriebszeit zu gew\u00e4hrleisten. Das Waschsystem kann auch mit Fernzugriff und einer Datenprotokollierungs- und Berichtserstattungsfunktion ausgestattet werden, dies erm\u00f6glicht eine automatische Berichtserstattung \u00fcber gereinigte und desinfizierte Anlagen. Eine Kombination aus benutzerfreundlichem, langlebigem Maschinendesign in Verbindung mit automatisierter Berichtserstellung stellt sicher, dass Ihre Flotte stets sauber, desinfiziert und in \u00dcbereinstimmung mit den geltenden Vorschriften und Bestimmungen ist.<\/p>\t\t\t\t\t<\/div>\n\t\t\t\t\t\t<\/div>\n\t\t\t\t<\/div>\n\t\t\t\t<div class=\"elementor-element elementor-element-ff3d123 elementor-widget elementor-widget-jet-video\" data-id=\"ff3d123\" data-element_type=\"widget\" data-widget_type=\"jet-video.default\">\n\t\t\t\t<div class=\"elementor-widget-container\">\n\t\t\t<div class=\"elementor-jet-video jet-elements\">\n<div class=\"jet-video jet-video--fa5-compat\" data-settings=\"{&quot;lightbox&quot;:false,&quot;autoplay&quot;:false}\"><video class=\"jet-video-player jet-video-html5-player jet-video-custom-play-button\" src=\"https:\/\/video.rogrotech.ch\/LKW-Anhaenger_Innenreinigung.mp4\" controls=\"\" playsinline=\"\" controlsList=\"nodownload\" poster=\"https:\/\/rogrotech.ch\/wp-content\/uploads\/2020\/06\/LKW-Anhaenger_Innenreinigung.jpg\"><\/video>\n<div class=\"jet-video__overlay\">\n<div class=\"jet-video__play-button\" role=\"button\" tabindex=\"0\" aria-label=\"Video play button\"><span class=\"jet-elements-icon jet-video__play-button-icon\"><i aria-hidden=\"true\" class=\"fas fa-play\"><\/i><\/span>\t<span class=\"elementor-screen-only\">Play Video<\/span>\n<\/div>\n<\/div>\n<\/div>\n<\/div>\t\t<\/div>\n\t\t\t\t<\/div>\n\t\t\t\t\t\t<\/div>\n\t\t\t\t\t<\/div>\n\t\t<\/div>\n\t\t\t\t\t\t\t\t<\/div>\n\t\t\t\t\t<\/div>\n\t\t<\/section>\n\t\t\t\t\t\t\t\t\t<\/div>\n\t\t\t<\/div>\n\t\t\t\t\t<\/div>\n\t\t","protected":false},"excerpt":{"rendered":"<p><strong>Vollautomatische Reinigung<\/strong> mit Wasch-, Sp\u00fcl- und Hygienemodus in 2 Minuten<\/p>\n","protected":false},"featured_media":13966,"comment_status":"open","ping_status":"closed","template":"","meta":[],"product_cat":[386],"product_tag":[],"_links":{"self":[{"href":"https:\/\/rogrotech.ch\/fr\/wp-json\/wp\/v2\/product\/13907"}],"collection":[{"href":"https:\/\/rogrotech.ch\/fr\/wp-json\/wp\/v2\/product"}],"about":[{"href":"https:\/\/rogrotech.ch\/fr\/wp-json\/wp\/v2\/types\/product"}],"replies":[{"embeddable":true,"href":"https:\/\/rogrotech.ch\/fr\/wp-json\/wp\/v2\/comments?post=13907"}],"version-history":[{"count":5,"href":"https:\/\/rogrotech.ch\/fr\/wp-json\/wp\/v2\/product\/13907\/revisions"}],"predecessor-version":[{"id":16567,"href":"https:\/\/rogrotech.ch\/fr\/wp-json\/wp\/v2\/product\/13907\/revisions\/16567"}],"wp:featuredmedia":[{"embeddable":true,"href":"https:\/\/rogrotech.ch\/fr\/wp-json\/wp\/v2\/media\/13966"}],"wp:attachment":[{"href":"https:\/\/rogrotech.ch\/fr\/wp-json\/wp\/v2\/media?parent=13907"}],"wp:term":[{"taxonomy":"product_cat","embeddable":true,"href":"https:\/\/rogrotech.ch\/fr\/wp-json\/wp\/v2\/product_cat?post=13907"},{"taxonomy":"product_tag","embeddable":true,"href":"https:\/\/rogrotech.ch\/fr\/wp-json\/wp\/v2\/product_tag?post=13907"}],"curies":[{"name":"wp","href":"https:\/\/api.w.org\/{rel}","templated":true}]}}