{"id":15835,"date":"2022-02-17T16:06:21","date_gmt":"2022-02-17T14:06:21","guid":{"rendered":"https:\/\/rogrotech.ch\/?post_type=product&#038;p=15835"},"modified":"2026-03-12T06:38:52","modified_gmt":"2026-03-12T04:38:52","slug":"attix-961-01-pc-ch-nass-trockensauger","status":"publish","type":"product","link":"https:\/\/rogrotech.ch\/fr\/shop\/reinigungsgeraete\/sauger\/gewerbesauger\/nass-trockensauger\/attix-961-01-pc-ch-nass-trockensauger\/","title":{"rendered":"ATTIX 961-01 PC CH Nass-\/Trockensauger"},"content":{"rendered":"<p>Im Produktionsbereich oder im Lager muss Schmutz schnell und zuverl\u00e4ssig beseitigt werden. Manche Verschmutzungen k\u00f6nnen sich zu gef\u00e4hrlichen und kostspieligen Gefahren entwickeln. Mit dem kraftvollen Nass-\/Trockensauger ATTIX 961-01 kann t\u00e4glich unter h\u00e4rtesten Bedingungen rasch und zuverl\u00e4ssig gereinigt werden.<\/p>\n<p>Der Nass-\/Trockensauger ATTIX 961-01 ist ein flexibler und zuverl\u00e4ssiger Hochleistungssauger f\u00fcr anspruchsvolle Reinigungsaufgaben. Mit dem Nass-\/Trockensauger ATTIX 961-01 sind Sie immer einen Schritt voraus. Der Beh\u00e4lter des ATTIX 961-01 Saugersist aus rostfreiem Edelstahl und sorgt so f\u00fcr einen hohen Schutz und eine lange Lebensdauer. Zum Entleeren kann der Beh\u00e4lter gekippt und einfach entnommen werden. H\u00e4ufige Unterbrechungen zum Entleeren des Beh\u00e4lters halten unn\u00f6tig bei der Reinigung auf. Durch das gro\u00dfe Fassungsverm\u00f6gen des ATTIX 961-01 (70 Liter) entf\u00e4llt h\u00e4ufiges Aussch\u00fctten. Jede Reinigung sollte schnell und gr\u00fcndlich erfolgen. Deshalb sind die zwei Motoren im ATTIX 961-01 optimal geeignet, die Arbeit rasch und effizient zu erledigen. H\u00e4ufige Unterbrechungen zum Entleeren des Beh\u00e4lters halten unn\u00f6tig bei der Reinigung auf. Durch das gro\u00dfe Fassungsverm\u00f6gen des ATTIX 961-01 (70 Liter) entf\u00e4llt h\u00e4ufiges Entleeren.<\/p>\n<ul>\n<li>Zweimotoriger Antrieb f\u00fcr industrielle Leistungen<\/li>\n<li>Auswaschbare PET-Vlies Filterpatrone<\/li>\n<li>Push&amp;Clean Filterabreinigungssystem<\/li>\n<li>70 l Edelstahlbeh\u00e4lter kippbar und entnehmbar<\/li>\n<li>38 mm Zubeh\u00f6r mit Edelstahlsaugrohren und 400 mm Bodend\u00fcse inklusive<\/li>\n<li>10 m Kabel sorgen f\u00fcr einen sehr gro\u00dfen Arbeitsradius<\/li>\n<li>Robuster Filtersack<\/li>\n<\/ul>\n","protected":false},"excerpt":{"rendered":"<p>Preis auf Anfrage<\/p>\n","protected":false},"featured_media":15836,"comment_status":"open","ping_status":"closed","template":"","meta":[],"product_cat":[62],"product_tag":[],"_links":{"self":[{"href":"https:\/\/rogrotech.ch\/fr\/wp-json\/wp\/v2\/product\/15835"}],"collection":[{"href":"https:\/\/rogrotech.ch\/fr\/wp-json\/wp\/v2\/product"}],"about":[{"href":"https:\/\/rogrotech.ch\/fr\/wp-json\/wp\/v2\/types\/product"}],"replies":[{"embeddable":true,"href":"https:\/\/rogrotech.ch\/fr\/wp-json\/wp\/v2\/comments?post=15835"}],"version-history":[{"count":2,"href":"https:\/\/rogrotech.ch\/fr\/wp-json\/wp\/v2\/product\/15835\/revisions"}],"predecessor-version":[{"id":16520,"href":"https:\/\/rogrotech.ch\/fr\/wp-json\/wp\/v2\/product\/15835\/revisions\/16520"}],"wp:featuredmedia":[{"embeddable":true,"href":"https:\/\/rogrotech.ch\/fr\/wp-json\/wp\/v2\/media\/15836"}],"wp:attachment":[{"href":"https:\/\/rogrotech.ch\/fr\/wp-json\/wp\/v2\/media?parent=15835"}],"wp:term":[{"taxonomy":"product_cat","embeddable":true,"href":"https:\/\/rogrotech.ch\/fr\/wp-json\/wp\/v2\/product_cat?post=15835"},{"taxonomy":"product_tag","embeddable":true,"href":"https:\/\/rogrotech.ch\/fr\/wp-json\/wp\/v2\/product_tag?post=15835"}],"curies":[{"name":"wp","href":"https:\/\/api.w.org\/{rel}","templated":true}]}}