{"id":15882,"date":"2022-02-18T08:56:06","date_gmt":"2022-02-18T06:56:06","guid":{"rendered":"https:\/\/rogrotech.ch\/?post_type=product&#038;p=15882"},"modified":"2026-03-12T06:37:33","modified_gmt":"2026-03-12T04:37:33","slug":"mc-3c-170-820-xt-kaltwasser-hochdruckreiniger","status":"publish","type":"product","link":"https:\/\/rogrotech.ch\/fr\/shop\/reinigungsgeraete\/hochdruckreiniger\/kaltwasser\/mc-3c-170-820-xt-kaltwasser-hochdruckreiniger\/","title":{"rendered":"MC 3C-170\/820 XT Kaltwasser Hochdruckreiniger"},"content":{"rendered":"<p>Der MC 3C eignet sich f\u00fcr leichte, allgemeine Reinigungsaufgaben und ist ideal f\u00fcr Gewerbe, kleinere Baufirmen, Kfz-Werkst\u00e4tten und landwirtschaftliche Betriebe. Diese f\u00fcr eine geringe bis mittlere Einsatzintensit\u00e4t entwickelte Produktreihe ist mit einer professionellen Motor-Pumpen-Einheit mit Edelstahlkolben ausgestattet.<\/p>\n<p>Der neue Kaltwasser Hochdruckreiniger MC 3C ist mit zwei neuen Technologien ausgestattet. Diese benutzerfreundlichen Merkmale vereinfachen das Handling und Verst\u00e4ndnis f\u00fcr diesen neuen Hochdruckreiniger.<\/p>\n<p><strong>Spezieller Schaumspr\u00fch-Halter.<\/strong>\u00a0Unsere Studien zeigten, dass der Schaumspr\u00fcher leicht beim Transport des Hochdruckreinigers kaputt gehen kann. Der Grund hierf\u00fcr ist die meist unsachgem\u00e4\u00dfe Aufbewahrung. Die vorgesehene Aufbewahrungsm\u00f6glichkeit wird oft nicht genutzt und somit ist der Schaumspr\u00fcher ungesch\u00fctzt. Die Modelle der MC-Reihe beinhalten einen innovativen Schaumspr\u00fch-Halter, der dieses Zubeh\u00f6r vor Besch\u00e4digungen sch\u00fctzt.<\/p>\n<p><strong>Innovative Zubeh\u00f6raufbewahrung<\/strong>. Nilfisk fokussiert eine einfache Bedienung und Handhabung der Produkte. Verbraucherstudien zeigen Schwachstellen in der Zubeh\u00f6raufbewahrung, welche zu Besch\u00e4digung und Bruch f\u00fchren k\u00f6nnen: Zum Beispiel f\u00e4llt h\u00e4ufig die Spritzpistole w\u00e4hrend des Transports auf den Boden. Um das Zubeh\u00f6r besser zu sch\u00fctzen, wurde ein einzigartiger Pistolenhalter entwickelt. Dieser ist erstmals bei den neuen MC 3 Kaltwasser Hochdruckreinigern angebracht worden.<\/p>\n<p>Diese Kaltwasser Hochdruckreiniger Reihe erm\u00f6glicht eine deutliche Reduzierung der Betriebskosten. Diese Reduzierung ist ein klares Schl\u00fcsselelement unserer Strategie. Die MC Hochdruckreiniger erh\u00f6hen die Reinigungseffizienz durchschnittlich um 15%. Dank des externen Reinigungsmittel-Systems wird der D\u00fcsendruck erh\u00f6ht und somit auch die Reinigungskraft. Dies bewirkt eine Reduzierung von Arbeitskosten, Wasser und Energie.<\/p>\n<p>Ein weiterer Teil unserer Bem\u00fchungen die Betriebskosten zu reduzieren, ist die Verbesserung der Wartbarkeit der MC Hochdruckreiniger Reihe. Dies wurde durch einen besseren Zugang zu Motor und Pumpe sichergestellt. Der integrierte \u00d6ltank und das \u00e4u\u00dfere \u00d6lschauglas erm\u00f6glichen ein einfaches Entleeren und Bef\u00fcllen des \u00d6ls.Die Zug\u00e4nglichkeit und Einfachheit unseres Service-Konzepts wird die Wartungszeit und somit die Servicekosten w\u00e4hrend der Lebensdauer der Maschine deutlich reduzieren.<\/p>\n<ul>\n<li>Antrieb durch Motor-Pumpen-Einheit mit 2800 U\/min.<\/li>\n<li>Messingzylinderkopf mit Edelstahlkolben<\/li>\n<li>Druckgesteuertes Regelsystem<\/li>\n<li>\u00d6lbeh\u00e4lter (Pumpe) mit \u00d6lstandsanzeige<\/li>\n<li>Einfacher Zugang zur Motor-Pumpen-Einheit<\/li>\n<li>Innovativer Halter sch\u00fctzt Spritzpistole vor Sch\u00e4den bei Lagerung und Transport<\/li>\n<li>Drehbarer Kabelhaken f\u00fcr einfacheres^Abnehmen und Aufwickeln des Netzkabels<\/li>\n<\/ul>\n","protected":false},"excerpt":{"rendered":"<p>Preis auf Anfrage<\/p>\n","protected":false},"featured_media":15883,"comment_status":"open","ping_status":"closed","template":"","meta":[],"product_cat":[47],"product_tag":[],"_links":{"self":[{"href":"https:\/\/rogrotech.ch\/fr\/wp-json\/wp\/v2\/product\/15882"}],"collection":[{"href":"https:\/\/rogrotech.ch\/fr\/wp-json\/wp\/v2\/product"}],"about":[{"href":"https:\/\/rogrotech.ch\/fr\/wp-json\/wp\/v2\/types\/product"}],"replies":[{"embeddable":true,"href":"https:\/\/rogrotech.ch\/fr\/wp-json\/wp\/v2\/comments?post=15882"}],"version-history":[{"count":2,"href":"https:\/\/rogrotech.ch\/fr\/wp-json\/wp\/v2\/product\/15882\/revisions"}],"predecessor-version":[{"id":16517,"href":"https:\/\/rogrotech.ch\/fr\/wp-json\/wp\/v2\/product\/15882\/revisions\/16517"}],"wp:featuredmedia":[{"embeddable":true,"href":"https:\/\/rogrotech.ch\/fr\/wp-json\/wp\/v2\/media\/15883"}],"wp:attachment":[{"href":"https:\/\/rogrotech.ch\/fr\/wp-json\/wp\/v2\/media?parent=15882"}],"wp:term":[{"taxonomy":"product_cat","embeddable":true,"href":"https:\/\/rogrotech.ch\/fr\/wp-json\/wp\/v2\/product_cat?post=15882"},{"taxonomy":"product_tag","embeddable":true,"href":"https:\/\/rogrotech.ch\/fr\/wp-json\/wp\/v2\/product_tag?post=15882"}],"curies":[{"name":"wp","href":"https:\/\/api.w.org\/{rel}","templated":true}]}}