{"id":15933,"date":"2022-02-18T09:54:36","date_gmt":"2022-02-18T07:54:36","guid":{"rendered":"https:\/\/rogrotech.ch\/?post_type=product&#038;p=15933"},"modified":"2026-03-12T06:36:23","modified_gmt":"2026-03-12T04:36:23","slug":"mc-7p-195-1280-kaltwasser-hochdruckreiniger","status":"publish","type":"product","link":"https:\/\/rogrotech.ch\/fr\/shop\/reinigungsgeraete\/hochdruckreiniger\/kaltwasser\/mc-7p-195-1280-kaltwasser-hochdruckreiniger\/","title":{"rendered":"MC 7P-195\/1280 Kaltwasser Hochdruckreiniger"},"content":{"rendered":"<p>Die MC 7P Kaltwasser Hochdruckreiniger der Industrieklasse vereinen die bew\u00e4hrte und unschlagbare Lebensdauer und Qualit\u00e4t der C3 Pumpe mit optimaler Ergonomie und Mobilit\u00e4t und machen sie so zu einem innovativen und unschlagbaren Partner f\u00fcr den Einsatz in Schwerindustrie, grossen landwirtschaftlichen Betrieben, im Transport- und Logistikbereich und der Lebensmittelindustrie.<\/p>\n<p>Innovativer Kaltwasser Hochdruckreiniger der Premiumklasse mit ergonomischem und robustem Design, der bew\u00e4hrten Industrie-C3 Pumpe und einem optimalem Service-Konzept.<\/p>\n<ul>\n<li>C3 Industriepumpe mit max. 85\u00b0C Zulauftemperatur und 4 Keramikkolben<\/li>\n<li>Strapazierf\u00e4higer und stabiler 30 mm Stahlrahmen<\/li>\n<li>Einklappbarer Transportgriff und Griffe zum leichteren Anheben<\/li>\n<li>Hohe Wendigkeit durch grosse Hinterr\u00e4der und Lenkrolle vorne mit Parkbremse<\/li>\n<li>Wartungsfreundliches Servicekonzept<\/li>\n<li>Ergo Zubeh\u00f6rkonzept<\/li>\n<li>Flussgesteuertes Regelsystem<\/li>\n<li>Sicherheitsfunktion bei \u00d6lverlust<\/li>\n<li>Wassermengenregulierung<\/li>\n<\/ul>\n","protected":false},"excerpt":{"rendered":"<p>Preis auf Anfrage<\/p>\n","protected":false},"featured_media":15934,"comment_status":"open","ping_status":"closed","template":"","meta":[],"product_cat":[47],"product_tag":[],"_links":{"self":[{"href":"https:\/\/rogrotech.ch\/fr\/wp-json\/wp\/v2\/product\/15933"}],"collection":[{"href":"https:\/\/rogrotech.ch\/fr\/wp-json\/wp\/v2\/product"}],"about":[{"href":"https:\/\/rogrotech.ch\/fr\/wp-json\/wp\/v2\/types\/product"}],"replies":[{"embeddable":true,"href":"https:\/\/rogrotech.ch\/fr\/wp-json\/wp\/v2\/comments?post=15933"}],"version-history":[{"count":2,"href":"https:\/\/rogrotech.ch\/fr\/wp-json\/wp\/v2\/product\/15933\/revisions"}],"predecessor-version":[{"id":16514,"href":"https:\/\/rogrotech.ch\/fr\/wp-json\/wp\/v2\/product\/15933\/revisions\/16514"}],"wp:featuredmedia":[{"embeddable":true,"href":"https:\/\/rogrotech.ch\/fr\/wp-json\/wp\/v2\/media\/15934"}],"wp:attachment":[{"href":"https:\/\/rogrotech.ch\/fr\/wp-json\/wp\/v2\/media?parent=15933"}],"wp:term":[{"taxonomy":"product_cat","embeddable":true,"href":"https:\/\/rogrotech.ch\/fr\/wp-json\/wp\/v2\/product_cat?post=15933"},{"taxonomy":"product_tag","embeddable":true,"href":"https:\/\/rogrotech.ch\/fr\/wp-json\/wp\/v2\/product_tag?post=15933"}],"curies":[{"name":"wp","href":"https:\/\/api.w.org\/{rel}","templated":true}]}}