{"id":15975,"date":"2022-02-18T10:35:47","date_gmt":"2022-02-18T08:35:47","guid":{"rendered":"https:\/\/rogrotech.ch\/?post_type=product&#038;p=15975"},"modified":"2026-03-12T06:36:42","modified_gmt":"2026-03-12T04:36:42","slug":"mh-3m-160-770-pa-heisswasser-hochdruckreiniger","status":"publish","type":"product","link":"https:\/\/rogrotech.ch\/fr\/shop\/reinigungsgeraete\/hochdruckreiniger\/warmwasser\/mh-3m-160-770-pa-heisswasser-hochdruckreiniger\/","title":{"rendered":"MH 3M-160\/770 PA Heisswasser Hochdruckreiniger"},"content":{"rendered":"<p>Der MH 3M Hochdruckreiniger ist ausgestattet mit einer NA4 Pumpe mit drei Keramikkolben und einem hocheffizienten 4-poligen Motor. Dies bietet ideale Leistungsstufen f\u00fcr die allgemeine Heisswasserreinigung<\/p>\n<p>Der MH 3M Heisswasser Hochdruckreiniger ist f\u00fcr alle Reinigungsaufgaben im Gewerbe und der Leichtindustrie geeignet. Dank dem verbesserten EcoPower W\u00e4rmetauscher und dem geringen Brennstoffverbrauch bietet der Hochdruckreiniger eine h\u00f6here Effizienz und erledigt Reinigungsaufgaben schneller. Vier grosse R\u00e4der und eine ideale Gewichtsverteilung erm\u00f6glichen einen einfachen Transport des Hochdruckreinigers auf vielen unterschiedlichen B\u00f6den. Dank der Strahlrohrhalterung, des drehbaren Hakens zum einfachen Abnehmen des Netzkabels und ideale Aufbewahrung der Reinigungsmitteltanks ist das Zubeh\u00f6r optimal verstaut. Zusammen mit dem leichten Zugang zu allen wichtigen Funktionen erzielt dieser Hochdruckreiniger bemerkenswerte Reinigungsergebnisse, spart Zeit und Geld.<\/p>\n<ul>\n<li>Hoch effizient<\/li>\n<li>4-poliger Motor<\/li>\n<li>EcoPower<\/li>\n<li>W\u00e4rmetauscher mit EcoModus<\/li>\n<li>Interne Diagnosefunktion<\/li>\n<li>Messingzylinderkopf<\/li>\n<li>3 keramikbeschichtete Kolben<\/li>\n<\/ul>\n<ul>\n<li>Warnsystem bei niedrigem Brennstofff\u00fcllstand<\/li>\n<li>Leichter Zugang zu allen Funktionen<\/li>\n<li>Warnsystem bei niedrigem Pumpen\u00f6lstand<\/li>\n<li>Innovatives Design mit 4 grossen R\u00e4dern<\/li>\n<li>Leicht zu man\u00f6vrieren<\/li>\n<li>Aufnahmen f\u00fcr Transport mit Gabelstapler<\/li>\n<\/ul>\n","protected":false},"excerpt":{"rendered":"<p>Preis auf Anfrage<\/p>\n","protected":false},"featured_media":15976,"comment_status":"open","ping_status":"closed","template":"","meta":[],"product_cat":[48],"product_tag":[],"_links":{"self":[{"href":"https:\/\/rogrotech.ch\/fr\/wp-json\/wp\/v2\/product\/15975"}],"collection":[{"href":"https:\/\/rogrotech.ch\/fr\/wp-json\/wp\/v2\/product"}],"about":[{"href":"https:\/\/rogrotech.ch\/fr\/wp-json\/wp\/v2\/types\/product"}],"replies":[{"embeddable":true,"href":"https:\/\/rogrotech.ch\/fr\/wp-json\/wp\/v2\/comments?post=15975"}],"version-history":[{"count":2,"href":"https:\/\/rogrotech.ch\/fr\/wp-json\/wp\/v2\/product\/15975\/revisions"}],"predecessor-version":[{"id":16511,"href":"https:\/\/rogrotech.ch\/fr\/wp-json\/wp\/v2\/product\/15975\/revisions\/16511"}],"wp:featuredmedia":[{"embeddable":true,"href":"https:\/\/rogrotech.ch\/fr\/wp-json\/wp\/v2\/media\/15976"}],"wp:attachment":[{"href":"https:\/\/rogrotech.ch\/fr\/wp-json\/wp\/v2\/media?parent=15975"}],"wp:term":[{"taxonomy":"product_cat","embeddable":true,"href":"https:\/\/rogrotech.ch\/fr\/wp-json\/wp\/v2\/product_cat?post=15975"},{"taxonomy":"product_tag","embeddable":true,"href":"https:\/\/rogrotech.ch\/fr\/wp-json\/wp\/v2\/product_tag?post=15975"}],"curies":[{"name":"wp","href":"https:\/\/api.w.org\/{rel}","templated":true}]}}