{"id":18390,"date":"2025-12-08T17:49:56","date_gmt":"2025-12-08T15:49:56","guid":{"rendered":"https:\/\/rogrotech.ch\/?post_type=product&#038;p=18390"},"modified":"2025-12-08T17:49:57","modified_gmt":"2025-12-08T15:49:57","slug":"404-pro-tex-2","status":"publish","type":"product","link":"https:\/\/rogrotech.ch\/fr\/shop\/reinigungsmittel\/fahrzeugreinigung\/fahrzeugwaesche\/404-pro-tex-2\/","title":{"rendered":"404 Pro Tex"},"content":{"rendered":"","protected":false},"excerpt":{"rendered":"<p><em><span style=\"color: #ff0000\">Preis auf Anfrage<\/span><\/em> &nbsp; <\/p>\n<p>Lackkonservierer f\u00fcr Waschanlagen. <\/p>\n<p>Wasserbasierender pflegender Lackkonservierer auf Polymerbasis. Milde Tenside und Polymere Komponenten sorgen f\u00fcr eine ausgezeichnetes reinigendes und pflegendes Ergebnis. In Textilanlagen bzw. Waschstrassen wird in der ersten Station nach der Reinigung mit einem Schaumgenerator Pro Tex aufgespr\u00fcht. Der Pflegeschaum wird dann mit Textilwalzen einmassiert und anschliessend mit Frischwasser abgesp\u00fclt. Anschliessend wird mit Trocknungshilfen die polierte Oberfl\u00e4che getrocknet. Erzeugt gl\u00e4nzenden Pflegefilm mit Wasserabperleffekt. Mit EASY-TO-CLEAN Effekt. <\/p>\n<p>Erh\u00e4ltlich in 25 Liter Kanister.<\/p>\n","protected":false},"featured_media":18391,"comment_status":"open","ping_status":"closed","template":"","meta":[],"product_cat":[54],"product_tag":[676,536,534,675,594,672,543,673,570,674,662],"_links":{"self":[{"href":"https:\/\/rogrotech.ch\/fr\/wp-json\/wp\/v2\/product\/18390"}],"collection":[{"href":"https:\/\/rogrotech.ch\/fr\/wp-json\/wp\/v2\/product"}],"about":[{"href":"https:\/\/rogrotech.ch\/fr\/wp-json\/wp\/v2\/types\/product"}],"replies":[{"embeddable":true,"href":"https:\/\/rogrotech.ch\/fr\/wp-json\/wp\/v2\/comments?post=18390"}],"version-history":[{"count":1,"href":"https:\/\/rogrotech.ch\/fr\/wp-json\/wp\/v2\/product\/18390\/revisions"}],"predecessor-version":[{"id":18396,"href":"https:\/\/rogrotech.ch\/fr\/wp-json\/wp\/v2\/product\/18390\/revisions\/18396"}],"wp:featuredmedia":[{"embeddable":true,"href":"https:\/\/rogrotech.ch\/fr\/wp-json\/wp\/v2\/media\/18391"}],"wp:attachment":[{"href":"https:\/\/rogrotech.ch\/fr\/wp-json\/wp\/v2\/media?parent=18390"}],"wp:term":[{"taxonomy":"product_cat","embeddable":true,"href":"https:\/\/rogrotech.ch\/fr\/wp-json\/wp\/v2\/product_cat?post=18390"},{"taxonomy":"product_tag","embeddable":true,"href":"https:\/\/rogrotech.ch\/fr\/wp-json\/wp\/v2\/product_tag?post=18390"}],"curies":[{"name":"wp","href":"https:\/\/api.w.org\/{rel}","templated":true}]}}