{"id":18399,"date":"2025-12-08T17:54:29","date_gmt":"2025-12-08T15:54:29","guid":{"rendered":"https:\/\/rogrotech.ch\/?post_type=product&#038;p=18399"},"modified":"2025-12-08T17:54:29","modified_gmt":"2025-12-08T15:54:29","slug":"406-nufa-kraftreiniger","status":"publish","type":"product","link":"https:\/\/rogrotech.ch\/fr\/shop\/reinigungsmittel\/fahrzeugreinigung\/fahrzeugwaesche\/406-nufa-kraftreiniger\/","title":{"rendered":"406 NUFA Kraftreiniger"},"content":{"rendered":"","protected":false},"excerpt":{"rendered":"<p><em><span style=\"color: #ff0000\">Preis auf Anfrage<\/span><\/em> &nbsp; <\/p>\n<p>Alkalischer Schaumreiniger zur Entfernung von \u00d6len, Fetten, Wachsen etc. Nufa Kraft Reiniger ist ein alkalischer, fl\u00fcssiger Schaumreiniger zur wirkungsvollen Entfernung von \u00d6len, Fetten, Wachsen und Pigmentschmutz, f\u00fcr den universellen Gebrauch. Nufa Kraftreiniger ist geeignet f\u00fcr den Einsatz im HD-Ger\u00e4t, im Druckspr\u00fchger\u00e4t oder f\u00fcr die manuelle Reinigung. Nufa Kraftreiniger ist biologisch abbaubar und frei von Kohlenwasserstoffen. Nufa Kraft \u2013 reiniger ist nicht f\u00fcr alkaliempfindliche Oberfl\u00e4chen wie Aluminium, Zink, Cadmium, Hochglanzlacke und empfindliche Kunststoffe geeignet.<\/p>\n<p> Erh\u00e4ltlich in 25 Liter Kanister.<\/p>\n","protected":false},"featured_media":18400,"comment_status":"open","ping_status":"closed","template":"","meta":[],"product_cat":[54],"product_tag":[686,683,549,523,534,682,677,684,528,627,685],"_links":{"self":[{"href":"https:\/\/rogrotech.ch\/fr\/wp-json\/wp\/v2\/product\/18399"}],"collection":[{"href":"https:\/\/rogrotech.ch\/fr\/wp-json\/wp\/v2\/product"}],"about":[{"href":"https:\/\/rogrotech.ch\/fr\/wp-json\/wp\/v2\/types\/product"}],"replies":[{"embeddable":true,"href":"https:\/\/rogrotech.ch\/fr\/wp-json\/wp\/v2\/comments?post=18399"}],"version-history":[{"count":1,"href":"https:\/\/rogrotech.ch\/fr\/wp-json\/wp\/v2\/product\/18399\/revisions"}],"predecessor-version":[{"id":18405,"href":"https:\/\/rogrotech.ch\/fr\/wp-json\/wp\/v2\/product\/18399\/revisions\/18405"}],"wp:featuredmedia":[{"embeddable":true,"href":"https:\/\/rogrotech.ch\/fr\/wp-json\/wp\/v2\/media\/18400"}],"wp:attachment":[{"href":"https:\/\/rogrotech.ch\/fr\/wp-json\/wp\/v2\/media?parent=18399"}],"wp:term":[{"taxonomy":"product_cat","embeddable":true,"href":"https:\/\/rogrotech.ch\/fr\/wp-json\/wp\/v2\/product_cat?post=18399"},{"taxonomy":"product_tag","embeddable":true,"href":"https:\/\/rogrotech.ch\/fr\/wp-json\/wp\/v2\/product_tag?post=18399"}],"curies":[{"name":"wp","href":"https:\/\/api.w.org\/{rel}","templated":true}]}}