{"id":18431,"date":"2025-12-08T18:09:14","date_gmt":"2025-12-08T16:09:14","guid":{"rendered":"https:\/\/rogrotech.ch\/?post_type=product&#038;p=18431"},"modified":"2025-12-08T18:09:14","modified_gmt":"2025-12-08T16:09:14","slug":"427-felgenreiniger","status":"publish","type":"product","link":"https:\/\/rogrotech.ch\/fr\/shop\/reinigungsmittel\/fahrzeugreinigung\/hand-wash\/427-felgenreiniger\/","title":{"rendered":"427 Felgenreiniger"},"content":{"rendered":"","protected":false},"excerpt":{"rendered":"<p><em><span style=\"color: #ff0000\">Preis auf Anfrage<\/span><\/em> &nbsp; <\/p>\n<p>Felgenreiniger f\u00fcr lackierte Alu- und Stahlfelgen. <\/p>\n<p> L\u00f6st sehr schnell und zuverl\u00e4ssig auch hartn\u00e4ckigste Fett-, \u00d6l- und Bremsabriebsr\u00fcckst\u00e4nde. Vorspr\u00fchen mit Spr\u00fchger\u00e4t bzw. direkt \u00fcber R\u00e4derw\u00e4scher. Bei Einsatz im Vorwaschbereich nicht auf heisse Felgen spr\u00fchen, nicht l\u00e4nger als 1 Minute einwirken lassen. <\/p>\n<p>Erh\u00e4ltlich in 25 Liter Kanister.<\/p>\n","protected":false},"featured_media":18432,"comment_status":"open","ping_status":"closed","template":"","meta":[],"product_cat":[381],"product_tag":[711,706,536,710,708,705,534,709,543,528,707],"_links":{"self":[{"href":"https:\/\/rogrotech.ch\/fr\/wp-json\/wp\/v2\/product\/18431"}],"collection":[{"href":"https:\/\/rogrotech.ch\/fr\/wp-json\/wp\/v2\/product"}],"about":[{"href":"https:\/\/rogrotech.ch\/fr\/wp-json\/wp\/v2\/types\/product"}],"replies":[{"embeddable":true,"href":"https:\/\/rogrotech.ch\/fr\/wp-json\/wp\/v2\/comments?post=18431"}],"version-history":[{"count":1,"href":"https:\/\/rogrotech.ch\/fr\/wp-json\/wp\/v2\/product\/18431\/revisions"}],"predecessor-version":[{"id":18437,"href":"https:\/\/rogrotech.ch\/fr\/wp-json\/wp\/v2\/product\/18431\/revisions\/18437"}],"wp:featuredmedia":[{"embeddable":true,"href":"https:\/\/rogrotech.ch\/fr\/wp-json\/wp\/v2\/media\/18432"}],"wp:attachment":[{"href":"https:\/\/rogrotech.ch\/fr\/wp-json\/wp\/v2\/media?parent=18431"}],"wp:term":[{"taxonomy":"product_cat","embeddable":true,"href":"https:\/\/rogrotech.ch\/fr\/wp-json\/wp\/v2\/product_cat?post=18431"},{"taxonomy":"product_tag","embeddable":true,"href":"https:\/\/rogrotech.ch\/fr\/wp-json\/wp\/v2\/product_tag?post=18431"}],"curies":[{"name":"wp","href":"https:\/\/api.w.org\/{rel}","templated":true}]}}