{"id":18490,"date":"2026-03-03T11:10:04","date_gmt":"2026-03-03T09:10:04","guid":{"rendered":"https:\/\/rogrotech.ch\/?post_type=product&#038;p=18490"},"modified":"2026-03-03T11:10:05","modified_gmt":"2026-03-03T09:10:05","slug":"428-turbo-s","status":"publish","type":"product","link":"https:\/\/rogrotech.ch\/fr\/shop\/reinigungsmittel\/428-turbo-s\/","title":{"rendered":"428 Turbo S"},"content":{"rendered":"","protected":false},"excerpt":{"rendered":"<p><em><span style=\"color: #ff0000\">Preis auf Anfrage<\/span><\/em><\/p>\n<p>Hochalkalisches Reinigungskonzentrat.<\/p>\n<p>Fl\u00fcssiges alkalisches Reinigungsmittel zur wirkungsvollen Entfernung von \u00d6len, Fetten, Wachsen und Pigmentschmutz. Eignet sich bestens als Vorreiniger f\u00fcr Waschhallenfliesen, wo extreme Wachsschichten von silikonhaltigen Wachsen vorhanden sind. Selbst hartn\u00e4ckige Verschmutzungen werden bei entsprechender Konzentration und Einwirkzeit problemlos beseitigt. Eignet sich besonders zur Reinigung stark verschmutzter Werkstattb\u00f6den und Fahrbahnen im Bereich der Zapfs\u00e4ulen, ohne dabei die Fugen anzugreifen.<\/p>\n<p>Erh\u00e4ltlich in 10 und 25 Liter Kanister.<\/p>\n","protected":false},"featured_media":18491,"comment_status":"open","ping_status":"closed","template":"","meta":[],"product_cat":[42],"product_tag":[718,717,536,715,523,534,644,528,714,716,555,691],"_links":{"self":[{"href":"https:\/\/rogrotech.ch\/fr\/wp-json\/wp\/v2\/product\/18490"}],"collection":[{"href":"https:\/\/rogrotech.ch\/fr\/wp-json\/wp\/v2\/product"}],"about":[{"href":"https:\/\/rogrotech.ch\/fr\/wp-json\/wp\/v2\/types\/product"}],"replies":[{"embeddable":true,"href":"https:\/\/rogrotech.ch\/fr\/wp-json\/wp\/v2\/comments?post=18490"}],"version-history":[{"count":1,"href":"https:\/\/rogrotech.ch\/fr\/wp-json\/wp\/v2\/product\/18490\/revisions"}],"predecessor-version":[{"id":18496,"href":"https:\/\/rogrotech.ch\/fr\/wp-json\/wp\/v2\/product\/18490\/revisions\/18496"}],"wp:featuredmedia":[{"embeddable":true,"href":"https:\/\/rogrotech.ch\/fr\/wp-json\/wp\/v2\/media\/18491"}],"wp:attachment":[{"href":"https:\/\/rogrotech.ch\/fr\/wp-json\/wp\/v2\/media?parent=18490"}],"wp:term":[{"taxonomy":"product_cat","embeddable":true,"href":"https:\/\/rogrotech.ch\/fr\/wp-json\/wp\/v2\/product_cat?post=18490"},{"taxonomy":"product_tag","embeddable":true,"href":"https:\/\/rogrotech.ch\/fr\/wp-json\/wp\/v2\/product_tag?post=18490"}],"curies":[{"name":"wp","href":"https:\/\/api.w.org\/{rel}","templated":true}]}}