{"id":18507,"date":"2026-03-03T11:41:34","date_gmt":"2026-03-03T09:41:34","guid":{"rendered":"https:\/\/rogrotech.ch\/?post_type=product&#038;p=18507"},"modified":"2026-03-03T11:41:34","modified_gmt":"2026-03-03T09:41:34","slug":"434-hybrid-shampoo-ultra","status":"publish","type":"product","link":"https:\/\/rogrotech.ch\/fr\/shop\/reinigungsmittel\/434-hybrid-shampoo-ultra\/","title":{"rendered":"434 Hybrid Shampoo Ultra"},"content":{"rendered":"","protected":false},"excerpt":{"rendered":"<p><!-- obsidian --><\/p>\n<p><em>Preis auf Anfrage<\/em><\/p>\n<p>Hochreaktives Hybridshampoo mit Lotus Effekt.<\/p>\n<p>Ph-neutrales, hochreaktives, trocknungsunterst\u00fctzendes Shampoo mit ausgezeichnetem Lotuseffekt mit wirtschaftlichem Verbrauch f\u00fcr Portalanlagen, Waschstrassen, SB-Waschpl\u00e4tzen und auch zur h\u00e4ndischen Nassw\u00e4sche geeignet. Mit Frischeduft. Durch seine auf der Lackoberfl\u00e4che gleitenden Eigenschaften erfolgt die Reinigung sehr schonend und sorgt f\u00fcr einen EASY-TO-CLEAN Effekt. Spezielle moderne Tensidkombinationen erm\u00f6glichen eine schnelle und intensive Schmutzl\u00f6sung. F\u00fcr jedes B\u00fcrstenmaterial geeignet. Unterst\u00fctzt eine perfekte Tiefenglanzwirkung. Ideal einsetzbar in Recyclinganlagen. Mit Anti-Kalk-Formel.<\/p>\n<p>Erh\u00e4ltlich in 25 Liter Kanister.<\/p>\n","protected":false},"featured_media":18508,"comment_status":"open","ping_status":"closed","template":"","meta":[],"product_cat":[42],"product_tag":[730,536,728,729,726,534,727,528,702,669,662],"_links":{"self":[{"href":"https:\/\/rogrotech.ch\/fr\/wp-json\/wp\/v2\/product\/18507"}],"collection":[{"href":"https:\/\/rogrotech.ch\/fr\/wp-json\/wp\/v2\/product"}],"about":[{"href":"https:\/\/rogrotech.ch\/fr\/wp-json\/wp\/v2\/types\/product"}],"replies":[{"embeddable":true,"href":"https:\/\/rogrotech.ch\/fr\/wp-json\/wp\/v2\/comments?post=18507"}],"version-history":[{"count":1,"href":"https:\/\/rogrotech.ch\/fr\/wp-json\/wp\/v2\/product\/18507\/revisions"}],"predecessor-version":[{"id":18513,"href":"https:\/\/rogrotech.ch\/fr\/wp-json\/wp\/v2\/product\/18507\/revisions\/18513"}],"wp:featuredmedia":[{"embeddable":true,"href":"https:\/\/rogrotech.ch\/fr\/wp-json\/wp\/v2\/media\/18508"}],"wp:attachment":[{"href":"https:\/\/rogrotech.ch\/fr\/wp-json\/wp\/v2\/media?parent=18507"}],"wp:term":[{"taxonomy":"product_cat","embeddable":true,"href":"https:\/\/rogrotech.ch\/fr\/wp-json\/wp\/v2\/product_cat?post=18507"},{"taxonomy":"product_tag","embeddable":true,"href":"https:\/\/rogrotech.ch\/fr\/wp-json\/wp\/v2\/product_tag?post=18507"}],"curies":[{"name":"wp","href":"https:\/\/api.w.org\/{rel}","templated":true}]}}