{"id":18587,"date":"2026-03-03T12:27:27","date_gmt":"2026-03-03T10:27:27","guid":{"rendered":"https:\/\/rogrotech.ch\/?post_type=product&#038;p=18587"},"modified":"2026-03-03T12:27:27","modified_gmt":"2026-03-03T10:27:27","slug":"540-clean-ex","status":"publish","type":"product","link":"https:\/\/rogrotech.ch\/fr\/shop\/reinigungsmittel\/540-clean-ex\/","title":{"rendered":"540 Clean-ex"},"content":{"rendered":"","protected":false},"excerpt":{"rendered":"<p><em><span style=\"color: #ff0000\">Preis auf Anfrage<\/span><\/em><\/p>\n<p>Extremer Schmutzbrecher.<\/p>\n<p>\u00c4usserst kraftvoller Reiniger. Entfernt schnell und gr\u00fcndlich extreme Verkrustungen von Schmutz, Fett- und \u00d6lr\u00fcckst\u00e4nden. Zu allgemeinen Reinigungsarbeiten in Industriebetrieben. Hervorragend geeignet zur Reinigung von Hallen- und Werkstattb\u00f6den, Steinfassaden sowie Oberfl\u00e4chen in der Lebensmittelindustrie mit hohem Verschmutzungsgrad. F\u00fcr manuellen und maschinellen Einsatz (Reinigungsmaschinen, HD-Ger\u00e4t) geeignet.<\/p>\n<p>Erh\u00e4ltlich in 10 Liter Kanister und 200 Liter Fass.<\/p>\n","protected":false},"featured_media":0,"comment_status":"open","ping_status":"closed","template":"","meta":[],"product_cat":[42],"product_tag":[788,789,785,786,558,523,534,787,528,716,784,555],"_links":{"self":[{"href":"https:\/\/rogrotech.ch\/fr\/wp-json\/wp\/v2\/product\/18587"}],"collection":[{"href":"https:\/\/rogrotech.ch\/fr\/wp-json\/wp\/v2\/product"}],"about":[{"href":"https:\/\/rogrotech.ch\/fr\/wp-json\/wp\/v2\/types\/product"}],"replies":[{"embeddable":true,"href":"https:\/\/rogrotech.ch\/fr\/wp-json\/wp\/v2\/comments?post=18587"}],"version-history":[{"count":1,"href":"https:\/\/rogrotech.ch\/fr\/wp-json\/wp\/v2\/product\/18587\/revisions"}],"predecessor-version":[{"id":18588,"href":"https:\/\/rogrotech.ch\/fr\/wp-json\/wp\/v2\/product\/18587\/revisions\/18588"}],"wp:attachment":[{"href":"https:\/\/rogrotech.ch\/fr\/wp-json\/wp\/v2\/media?parent=18587"}],"wp:term":[{"taxonomy":"product_cat","embeddable":true,"href":"https:\/\/rogrotech.ch\/fr\/wp-json\/wp\/v2\/product_cat?post=18587"},{"taxonomy":"product_tag","embeddable":true,"href":"https:\/\/rogrotech.ch\/fr\/wp-json\/wp\/v2\/product_tag?post=18587"}],"curies":[{"name":"wp","href":"https:\/\/api.w.org\/{rel}","templated":true}]}}