{"id":18649,"date":"2026-03-04T04:32:38","date_gmt":"2026-03-04T02:32:38","guid":{"rendered":"https:\/\/rogrotech.ch\/?post_type=product&#038;p=18649"},"modified":"2026-03-04T04:32:38","modified_gmt":"2026-03-04T02:32:38","slug":"423-xxl-turbo-schaum-ultra-purple","status":"publish","type":"product","link":"https:\/\/rogrotech.ch\/fr\/shop\/reinigungsmittel\/423-xxl-turbo-schaum-ultra-purple\/","title":{"rendered":"423 XXL Turbo Schaum Ultra PURPLE"},"content":{"rendered":"","protected":false},"excerpt":{"rendered":"<p><em><span style=\"color: #ff0000\">Preis auf Anfrage<\/span><\/em><\/p>\n<p>Schaum f\u00fcr SB-Hochdruck Schaumsysteme.<\/p>\n<p>Bringt einen dichten, feinporigen Schaum, extra lang haftend. Entfernt zuverl\u00e4ssig Insekten, Russ, Smog, \u00dcbertankungen und allgemeinen Strassenschmutz. Verh\u00e4lt sich materialschonend f\u00fcr KFZ und gegen\u00fcber der Anlagentechnik. Frei von NTA und Phosphat. Bringt eine angenehme und intesiv duftende Atmosph\u00e4re mit einem aussergew\u00f6hnlichen Schaumerlebnis. Aufgrund der effizienten Tesindkombination wird das Brauchwasser trotz eines erh\u00f6hten Schaumvolumens nicht st\u00e4rker belastet.<\/p>\n<p>Erh\u00e4ltlich in 25 Liter Kanister.<\/p>\n","protected":false},"featured_media":18651,"comment_status":"open","ping_status":"closed","template":"","meta":[],"product_cat":[42],"product_tag":[848,536,695,692,534,847,528,666,627,691,690],"_links":{"self":[{"href":"https:\/\/rogrotech.ch\/fr\/wp-json\/wp\/v2\/product\/18649"}],"collection":[{"href":"https:\/\/rogrotech.ch\/fr\/wp-json\/wp\/v2\/product"}],"about":[{"href":"https:\/\/rogrotech.ch\/fr\/wp-json\/wp\/v2\/types\/product"}],"replies":[{"embeddable":true,"href":"https:\/\/rogrotech.ch\/fr\/wp-json\/wp\/v2\/comments?post=18649"}],"version-history":[{"count":1,"href":"https:\/\/rogrotech.ch\/fr\/wp-json\/wp\/v2\/product\/18649\/revisions"}],"predecessor-version":[{"id":18656,"href":"https:\/\/rogrotech.ch\/fr\/wp-json\/wp\/v2\/product\/18649\/revisions\/18656"}],"wp:featuredmedia":[{"embeddable":true,"href":"https:\/\/rogrotech.ch\/fr\/wp-json\/wp\/v2\/media\/18651"}],"wp:attachment":[{"href":"https:\/\/rogrotech.ch\/fr\/wp-json\/wp\/v2\/media?parent=18649"}],"wp:term":[{"taxonomy":"product_cat","embeddable":true,"href":"https:\/\/rogrotech.ch\/fr\/wp-json\/wp\/v2\/product_cat?post=18649"},{"taxonomy":"product_tag","embeddable":true,"href":"https:\/\/rogrotech.ch\/fr\/wp-json\/wp\/v2\/product_tag?post=18649"}],"curies":[{"name":"wp","href":"https:\/\/api.w.org\/{rel}","templated":true}]}}