{"id":18836,"date":"2026-03-11T06:45:30","date_gmt":"2026-03-11T04:45:30","guid":{"rendered":"https:\/\/rogrotech.ch\/?post_type=product&#038;p=18836"},"modified":"2026-03-12T07:28:57","modified_gmt":"2026-03-12T05:28:57","slug":"orangenoelreiniger-500ml","status":"publish","type":"product","link":"https:\/\/rogrotech.ch\/fr\/shop\/xclean\/orangenoelreiniger-500ml\/","title":{"rendered":"Orangen\u00f6lreiniger 500ml"},"content":{"rendered":"","protected":false},"excerpt":{"rendered":"<p><em><span style=\"color: #ff0000\">Preis auf Anfrage<\/span><\/em><\/p>\n<p>Entfernt Flecken aus Kleidung, Teppichb\u00f6den und Polster. Auch Kaugummi- und Farbflecken, verharzte Fette, Gummiabrieb auf Fu\u00dfb\u00f6den, Tinte- und Kugelschreiberflecken, Lackund \u00d6lfarben, Klebstoffreste, Nagellack, Maschinen\u00f6l und -Fett, Wachs- und Versiegelungsr\u00fcckst\u00e4nde.<\/p>\n<p>Mindestbestellmenge 15 Stk.<\/p>\n","protected":false},"featured_media":18837,"comment_status":"open","ping_status":"closed","template":"","meta":[],"product_cat":[712],"product_tag":[1134,1132,1133,1138,1140,1131,1136,1139,1137,1135,1141],"_links":{"self":[{"href":"https:\/\/rogrotech.ch\/fr\/wp-json\/wp\/v2\/product\/18836"}],"collection":[{"href":"https:\/\/rogrotech.ch\/fr\/wp-json\/wp\/v2\/product"}],"about":[{"href":"https:\/\/rogrotech.ch\/fr\/wp-json\/wp\/v2\/types\/product"}],"replies":[{"embeddable":true,"href":"https:\/\/rogrotech.ch\/fr\/wp-json\/wp\/v2\/comments?post=18836"}],"version-history":[{"count":1,"href":"https:\/\/rogrotech.ch\/fr\/wp-json\/wp\/v2\/product\/18836\/revisions"}],"predecessor-version":[{"id":18842,"href":"https:\/\/rogrotech.ch\/fr\/wp-json\/wp\/v2\/product\/18836\/revisions\/18842"}],"wp:featuredmedia":[{"embeddable":true,"href":"https:\/\/rogrotech.ch\/fr\/wp-json\/wp\/v2\/media\/18837"}],"wp:attachment":[{"href":"https:\/\/rogrotech.ch\/fr\/wp-json\/wp\/v2\/media?parent=18836"}],"wp:term":[{"taxonomy":"product_cat","embeddable":true,"href":"https:\/\/rogrotech.ch\/fr\/wp-json\/wp\/v2\/product_cat?post=18836"},{"taxonomy":"product_tag","embeddable":true,"href":"https:\/\/rogrotech.ch\/fr\/wp-json\/wp\/v2\/product_tag?post=18836"}],"curies":[{"name":"wp","href":"https:\/\/api.w.org\/{rel}","templated":true}]}}