{"id":1913,"date":"2019-08-30T12:25:47","date_gmt":"2019-08-30T10:25:47","guid":{"rendered":"https:\/\/neu.rogrotech.ch\/?post_type=product&#038;p=1913"},"modified":"2023-03-20T15:28:11","modified_gmt":"2023-03-20T13:28:11","slug":"hd-schlauch-car-wasch-blau-200bar-m18","status":"publish","type":"product","link":"https:\/\/rogrotech.ch\/fr\/shop\/carwash-waschnlagen\/carwash-ersatzteile\/hd-schlauch-car-wasch-blau-200bar-m18\/","title":{"rendered":"HD-Schlauch Car-Wasch Blau 200bar M18"},"content":{"rendered":"<ul>\n<li>Eingang: M18 Innengewinde<\/li>\n<li>Ausgang: M18 Innengewinde<\/li>\n<li>D\u00fcsengr\u00f6\u00dfe: DN6<\/li>\n<li>Temperatur: max. 60\u00b0C<\/li>\n<li>Druck: max. 200bar<\/li>\n<\/ul>\n","protected":false},"excerpt":{"rendered":"<p>Preis auf Anfrage<\/p>\n","protected":false},"featured_media":1899,"comment_status":"open","ping_status":"closed","template":"","meta":[],"product_cat":[395,393,88,71],"product_tag":[],"_links":{"self":[{"href":"https:\/\/rogrotech.ch\/fr\/wp-json\/wp\/v2\/product\/1913"}],"collection":[{"href":"https:\/\/rogrotech.ch\/fr\/wp-json\/wp\/v2\/product"}],"about":[{"href":"https:\/\/rogrotech.ch\/fr\/wp-json\/wp\/v2\/types\/product"}],"replies":[{"embeddable":true,"href":"https:\/\/rogrotech.ch\/fr\/wp-json\/wp\/v2\/comments?post=1913"}],"version-history":[{"count":3,"href":"https:\/\/rogrotech.ch\/fr\/wp-json\/wp\/v2\/product\/1913\/revisions"}],"predecessor-version":[{"id":16731,"href":"https:\/\/rogrotech.ch\/fr\/wp-json\/wp\/v2\/product\/1913\/revisions\/16731"}],"wp:featuredmedia":[{"embeddable":true,"href":"https:\/\/rogrotech.ch\/fr\/wp-json\/wp\/v2\/media\/1899"}],"wp:attachment":[{"href":"https:\/\/rogrotech.ch\/fr\/wp-json\/wp\/v2\/media?parent=1913"}],"wp:term":[{"taxonomy":"product_cat","embeddable":true,"href":"https:\/\/rogrotech.ch\/fr\/wp-json\/wp\/v2\/product_cat?post=1913"},{"taxonomy":"product_tag","embeddable":true,"href":"https:\/\/rogrotech.ch\/fr\/wp-json\/wp\/v2\/product_tag?post=1913"}],"curies":[{"name":"wp","href":"https:\/\/api.w.org\/{rel}","templated":true}]}}