{"id":3085,"date":"2019-09-16T15:00:20","date_gmt":"2019-09-16T13:00:20","guid":{"rendered":"http:\/\/rogrotech.ch\/?post_type=product&#038;p=3085"},"modified":"2022-08-31T12:36:41","modified_gmt":"2022-08-31T10:36:41","slug":"lsu-155-nass-trockensauger","status":"publish","type":"product","link":"https:\/\/rogrotech.ch\/fr\/shop\/reinigungsgeraete\/sauger\/gewerbesauger\/nass-trockensauger\/lsu-155-nass-trockensauger\/","title":{"rendered":"Viper LSU 155 Nass-\/Trockensauger"},"content":{"rendered":"<p>Der VIPER LSU 155 ist ein Nass-\/ Trockensauger f\u00fcr professionelle Anwendungen. Er ist leicht und einfach zu bedienen, robust und verf\u00fcgt \u00fcber eine optimale Saugleistung.<\/p>\n<div>\n<p>Die VIPER LSU Produktfamilie ist modular aufgebaut und verf\u00fcgt \u00fcber unterschiedliche Beh\u00e4ltergr\u00f6ssen. Die LSU 155 besitzt eine Beh\u00e4lterkapazit\u00e4t von 55 Liter. Die Sauger sind mit einer, zwei oder auch mit drei Saugturbinen erh\u00e4ltlich. Sie haben die Auswahl zwischen einem Tank aus Edelstahl oder einem Kunststofftank. Der Kunststofftank ist lichtdurchl\u00e4ssig, dadurch l\u00e4sst sich der aktuelle F\u00fcllstand sehr leicht erkennen. Zus\u00e4tzlich ist an diesem Modell ein Ablaufschlauch angebracht. So kann der Beh\u00e4lter ohne ein Abnehmen des Motorkopfes geleert werden. Die grossen Hinterr\u00e4der und die lenkf\u00e4higen Vorderr\u00e4der gew\u00e4hrleisten eine hohe Man\u00f6vrierf\u00e4higkeit. Standardm\u00e4ssig ist die Maschine mit einem umfangreichen Zubeh\u00f6r, wie Fugend\u00fcse, einer runden Staubb\u00fcrste, einer Nassd\u00fcse sowie eine Trockensaugd\u00fcse, ausgestattet.<\/p>\n<\/div>\n<ul>\n<li>Einfache Bedienung und Wartung<\/li>\n<li>Optimale Saugleistung<\/li>\n<li>Ablassschlauch<\/li>\n<li>Robustes Geh\u00e4use<\/li>\n<li>Grosse Hinterr\u00e4der und lenkf\u00e4hige Vorderr\u00e4der<\/li>\n<li>Kabelaufnahme &amp; Zubeh\u00f6rhalterung<\/li>\n<li>F\u00fcr den Nass \/ und Trockeneinsatz ausgelegt<\/li>\n<li>EU\/UK Versionen erh\u00e4ltlich<\/li>\n<li style=\"list-style-type: none;\"><\/li>\n<\/ul>\n","protected":false},"excerpt":{"rendered":"<p>Preis auf Anfrage<\/p>\n","protected":false},"featured_media":3087,"comment_status":"open","ping_status":"closed","template":"","meta":[],"product_cat":[62],"product_tag":[],"_links":{"self":[{"href":"https:\/\/rogrotech.ch\/fr\/wp-json\/wp\/v2\/product\/3085"}],"collection":[{"href":"https:\/\/rogrotech.ch\/fr\/wp-json\/wp\/v2\/product"}],"about":[{"href":"https:\/\/rogrotech.ch\/fr\/wp-json\/wp\/v2\/types\/product"}],"replies":[{"embeddable":true,"href":"https:\/\/rogrotech.ch\/fr\/wp-json\/wp\/v2\/comments?post=3085"}],"version-history":[{"count":2,"href":"https:\/\/rogrotech.ch\/fr\/wp-json\/wp\/v2\/product\/3085\/revisions"}],"predecessor-version":[{"id":16669,"href":"https:\/\/rogrotech.ch\/fr\/wp-json\/wp\/v2\/product\/3085\/revisions\/16669"}],"wp:featuredmedia":[{"embeddable":true,"href":"https:\/\/rogrotech.ch\/fr\/wp-json\/wp\/v2\/media\/3087"}],"wp:attachment":[{"href":"https:\/\/rogrotech.ch\/fr\/wp-json\/wp\/v2\/media?parent=3085"}],"wp:term":[{"taxonomy":"product_cat","embeddable":true,"href":"https:\/\/rogrotech.ch\/fr\/wp-json\/wp\/v2\/product_cat?post=3085"},{"taxonomy":"product_tag","embeddable":true,"href":"https:\/\/rogrotech.ch\/fr\/wp-json\/wp\/v2\/product_tag?post=3085"}],"curies":[{"name":"wp","href":"https:\/\/api.w.org\/{rel}","templated":true}]}}