{"id":3112,"date":"2019-09-17T09:12:51","date_gmt":"2019-09-17T07:12:51","guid":{"rendered":"http:\/\/rogrotech.ch\/?post_type=product&#038;p=3112"},"modified":"2022-08-31T14:02:39","modified_gmt":"2022-08-31T12:02:39","slug":"viper-ps480","status":"publish","type":"product","link":"https:\/\/rogrotech.ch\/fr\/shop\/reinigungsgeraete\/bodenreinigung\/kehrmaschine\/viper-ps480\/","title":{"rendered":"Viper PS480"},"content":{"rendered":"<div>\n<div id=\"more\">\n<p>Der PS480 ist die erste Handkehrmaschine von Viper und bietet Ihnen eine robuste und hochproduktive L\u00f6sung f\u00fcr Innen- wie Aussenreinigung, die einfach zu bedienen und zu einem g\u00fcnstigen Preis erh\u00e4ltlich ist.<\/p>\n<div>\n<p>Die kompakte Konstruktion bietet Kosteneffizienz in der bekannten Qualit\u00e4t von Viper. Das Ger\u00e4t ist auf einem robusten Rahmen aufgebaut und die Besen werden \u00fcber Riemen durch die R\u00e4der angetrieben. Dies ist eine sehr wartungsarme L\u00f6sung, da weder Motor, noch Batterie oder Stromkabel ben\u00f6tigt werden.<\/p>\n<p>Sie k\u00f6nnen sich auf die Reinigung konzentrieren und das Ger\u00e4t bietet mit seinem 38 Liter grossen Kehrgutbeh\u00e4lter eine hohe Kapazit\u00e4t. Die Viper PS480 entfernt Papier, Bl\u00e4tter, Flaschendeckel, Korken, Zigarettenkippen, sogar kleine Schrauben und N\u00e4gel usw. im Aussen- und Innenbereich.<\/p>\n<p>Ihre einfache Mechanik macht diese Handkehrmaschine \u00e4usserst zuverl\u00e4ssig. Sie l\u00e4sst sich dank ihres geringen Gewichts leicht steuern und mit einer Arbeitsbreite von 72 cm erm\u00f6glicht die PS480 eine schnelle und produktive Reinigung von Gesch\u00e4ften, Tankstellen, Parkpl\u00e4tzen, Schulen, kleineren Produktionsanlagen, Lagern, Busstationen\/Bahnh\u00f6fen, H\u00f6fen, Gehwegen, Aussenbereichen von B\u00fcrogeb\u00e4uden usw.<\/p>\n<\/div>\n<ul>\n<li>Da das Ger\u00e4t kompakt und leicht ist, k\u00f6nnen Sie die Handkehrmaschine auch in engen Bereichen einsetzen<\/li>\n<li>Praktisch wartungsfreie Kehrmaschine, da sie rein mechanisch arbeitet und somit ohne Motor, Batterie oder Stromkabel auskommt.<\/li>\n<li>Der Druck der Hauptkehrwalze kann durch Drehen eines Einstellknopfes verstellt werden. Sie wird durch beide R\u00e4der angetrieben und wenn das Ger\u00e4t zur\u00fcckgezogen wird, h\u00f6rt die Walze auf, sich zu drehen.<\/li>\n<li>Um die Hauptkehrwalze auszutauschen, brauchen nur je drei Schrauben auf beiden Seiten entfernt zu werden.<\/li>\n<li>Der Seitenbesen wird von einem Riemen angetrieben. Um die Riemenspannung zu erh\u00f6hen m\u00fcssen nur wenige Handgriffe vorgenommen werden<\/li>\n<li>Zum Austausch des Seitenbesens einfach drei Schrauben entfernen.<\/li>\n<li>Der Kehrgutbeh\u00e4lter mit 38 Liter Kapazit\u00e4t ist sehr leicht und l\u00e4sst sich dank des robusten Griffs einfach entleeren.<\/li>\n<\/ul>\n<\/div>\n<\/div>\n","protected":false},"excerpt":{"rendered":"<p>Preis auf Anfrage<\/p>\n","protected":false},"featured_media":3114,"comment_status":"open","ping_status":"closed","template":"","meta":[],"product_cat":[52],"product_tag":[],"_links":{"self":[{"href":"https:\/\/rogrotech.ch\/fr\/wp-json\/wp\/v2\/product\/3112"}],"collection":[{"href":"https:\/\/rogrotech.ch\/fr\/wp-json\/wp\/v2\/product"}],"about":[{"href":"https:\/\/rogrotech.ch\/fr\/wp-json\/wp\/v2\/types\/product"}],"replies":[{"embeddable":true,"href":"https:\/\/rogrotech.ch\/fr\/wp-json\/wp\/v2\/comments?post=3112"}],"version-history":[{"count":3,"href":"https:\/\/rogrotech.ch\/fr\/wp-json\/wp\/v2\/product\/3112\/revisions"}],"predecessor-version":[{"id":16255,"href":"https:\/\/rogrotech.ch\/fr\/wp-json\/wp\/v2\/product\/3112\/revisions\/16255"}],"wp:featuredmedia":[{"embeddable":true,"href":"https:\/\/rogrotech.ch\/fr\/wp-json\/wp\/v2\/media\/3114"}],"wp:attachment":[{"href":"https:\/\/rogrotech.ch\/fr\/wp-json\/wp\/v2\/media?parent=3112"}],"wp:term":[{"taxonomy":"product_cat","embeddable":true,"href":"https:\/\/rogrotech.ch\/fr\/wp-json\/wp\/v2\/product_cat?post=3112"},{"taxonomy":"product_tag","embeddable":true,"href":"https:\/\/rogrotech.ch\/fr\/wp-json\/wp\/v2\/product_tag?post=3112"}],"curies":[{"name":"wp","href":"https:\/\/api.w.org\/{rel}","templated":true}]}}