{"id":529,"date":"2019-08-05T17:11:16","date_gmt":"2019-08-05T15:11:16","guid":{"rendered":"https:\/\/neu.rogrotech.ch\/?post_type=product&#038;p=529"},"modified":"2022-08-31T15:36:58","modified_gmt":"2022-08-31T13:36:58","slug":"nilfisk-hochdruckreiniger-c-110-7-5-x-tra","status":"publish","type":"product","link":"https:\/\/rogrotech.ch\/fr\/shop\/reinigungsgeraete\/hochdruckreiniger\/heimundhobby\/nilfisk-hochdruckreiniger-c-110-7-5-x-tra\/","title":{"rendered":"Nilfisk C 110.7-5 X-TRA Hochdruckreiniger"},"content":{"rendered":"<p>Perfekt wenn Sie einen handlichen Hochdruckreiniger f\u00fcr allt\u00e4gliche Reinigungsaufgaben ben\u00f6tigen. Ideal f\u00fcr kleinere Haushalte und typische Aufgaben f\u00fcr Haus &amp; Garten, welche aber weniger oft durchgef\u00fchrt werden, wie z.B die Reinigung von Autos, Motorr\u00e4dern, Fahrr\u00e4dern, Steinplatten, Treppe etc. Durch die aufrechte Bauweise und den integrierten Transportwagen sind sie sehr leicht zu transportieren. Au\u00dferdem k\u00f6nnen sie mit einer speziellen Wandhalterung platzsparend an der Wand befestigt werden. Er besitzt eine handliche Gr\u00f6\u00dfe und ist unkompliziert zu bedienen.<\/p>\n<ul>\n<li>Schlauchl\u00e4nge von 5 metern.<\/li>\n<li>Max. Druck 110 bar.<\/li>\n<li>Click&amp;Clean (C&amp;C) D\u00fcsenkonzept f\u00fcr schnellen und einfachen D\u00fcsenwechsel.<\/li>\n<li>Transportwagen<\/li>\n<li>Zuverl\u00e4ssige Aluminiumpumpe.<\/li>\n<li>Integrierte R\u00e4der f\u00fcr hohe Mobilit\u00e4t beim X-tra Modell.<\/li>\n<li>Automatik Start\/Stopp.<\/li>\n<li>Kompakt und leicht zu verstauen.<\/li>\n<li>Leichtgewicht.<\/li>\n<li>Einfach zu bedienen.<\/li>\n<li>Aufbewahrung von Hochdruckpistole, Strahlrohr, Schlauch, Stromkabel, Schaumspr\u00fcher und D\u00fcsen direkt am Ger\u00e4t.<\/li>\n<li>Anti-Drill-System gegen das Verdrehen des Hochdruckschlauches.<\/li>\n<\/ul>\n","protected":false},"excerpt":{"rendered":"<p>Preis auf Anfrage<\/p>\n","protected":false},"featured_media":466,"comment_status":"open","ping_status":"closed","template":"","meta":[],"product_cat":[49],"product_tag":[],"_links":{"self":[{"href":"https:\/\/rogrotech.ch\/fr\/wp-json\/wp\/v2\/product\/529"}],"collection":[{"href":"https:\/\/rogrotech.ch\/fr\/wp-json\/wp\/v2\/product"}],"about":[{"href":"https:\/\/rogrotech.ch\/fr\/wp-json\/wp\/v2\/types\/product"}],"replies":[{"embeddable":true,"href":"https:\/\/rogrotech.ch\/fr\/wp-json\/wp\/v2\/comments?post=529"}],"version-history":[{"count":3,"href":"https:\/\/rogrotech.ch\/fr\/wp-json\/wp\/v2\/product\/529\/revisions"}],"predecessor-version":[{"id":16766,"href":"https:\/\/rogrotech.ch\/fr\/wp-json\/wp\/v2\/product\/529\/revisions\/16766"}],"wp:featuredmedia":[{"embeddable":true,"href":"https:\/\/rogrotech.ch\/fr\/wp-json\/wp\/v2\/media\/466"}],"wp:attachment":[{"href":"https:\/\/rogrotech.ch\/fr\/wp-json\/wp\/v2\/media?parent=529"}],"wp:term":[{"taxonomy":"product_cat","embeddable":true,"href":"https:\/\/rogrotech.ch\/fr\/wp-json\/wp\/v2\/product_cat?post=529"},{"taxonomy":"product_tag","embeddable":true,"href":"https:\/\/rogrotech.ch\/fr\/wp-json\/wp\/v2\/product_tag?post=529"}],"curies":[{"name":"wp","href":"https:\/\/api.w.org\/{rel}","templated":true}]}}