{"id":534,"date":"2019-08-05T17:19:58","date_gmt":"2019-08-05T15:19:58","guid":{"rendered":"https:\/\/neu.rogrotech.ch\/?post_type=product&#038;p=534"},"modified":"2022-08-31T15:35:12","modified_gmt":"2022-08-31T13:35:12","slug":"nilfisk-staubsauger-elite-chco14p10a1","status":"publish","type":"product","link":"https:\/\/rogrotech.ch\/fr\/shop\/reinigungsgeraete\/sauger\/heimundhobbysauger\/nilfisk-staubsauger-elite-chco14p10a1\/","title":{"rendered":"Nilfisk ELITE Staubsauger"},"content":{"rendered":"<p>Der Nilfisk Elite Sauger ist der perfekte Helfer im Haushalt, wenn Sie eine starke Saugleistung, eine benutzerfreundliche und komfortabel Bedienung und eine excellente Filtration der Abluft bevorzugen. Der Sauger verf\u00fcgt \u00fcber vielseitige Helfer wie eine Fernbedienung am Handrohr, um das Ger\u00e4t ein- oder auszuschalten bzw. die Leistung zu regulieren.<\/p>\n<ul>\n<li><strong>Schmutzaufnahme:<\/strong> ein starker Saugermotor kombiniert mit speziell entwickeltem Zubeh\u00f6r &#8211; gew\u00e4hrleistet eine optimale Schmutzaufnahme.<\/li>\n<li><strong>Allergie Filtration:<\/strong> hochdichter Staubbeutel, luftdichte Bauweise und ein HEPA 14 Filter h\u00e4lt selbst kleinste Partikel, Tierhaare, Hausstaubmilben und deren Kot zur\u00fcck.<\/li>\n<li><strong>Fernbedienung<\/strong> des Saugers komfortabel am Handrohr.<\/li>\n<li><strong>Sehr leises Arbeitsge\u00e4usch<\/strong> st\u00f6rt kaum im Alltag zuhause.<\/li>\n<\/ul>\n<p>Seit geraumer Zeit leiden vermehrt Menschen an Allergien oder Asthma. Eine Ursache ist der Hausstaub und Milben in Teppichen und anderen Textilien. Die Vermeidung der unn\u00f6tigen Verbreitung von Hausstaub und Milben in der Umgebungsluft war uns ein gro\u00dfes Anliegen bei der Entwicklung des Saugers Nilfisk Elite. Durch die ausgezeichnete Ultra Filtration des Nilfisk Elite Saugers werden nicht nur aufgesaugte Staubpartikel im Inneren des hochdichten Staubbeutels zur\u00fcckgehalten, sondern es wird auch die eingesaugte Umgebungsluft gefiltert.<\/p>\n<p><strong>Der HEPA Filter:<\/strong><br \/>\nEin Staubsauger mit einer hochwertigen Filtration der Abluft ist etwas teurer als normale Staubsauger. Diese Investition dankt Ihnen aber Ihr gesunder K\u00f6rper und eine saubere Umgebungsluft in Ihren Wohnr\u00e4umen.<\/p>\n<p>Der Nilfisk Elite wurde auf Langlebigkeit getrimmt und zudem eine einfache, ergonomische und komfortable Bedienung gesichert.<\/p>\n<p>Mit dem Nilfisk Elite Energy Eco steht die Umwelt im Fokus: mehr als 95% von Maschine und Verpackung sind recyclebar und trotz eines sehr geringen Energieverbrauchs aufgrund des hochwertigen Motors hat das Ger\u00e4t eine ausgezeichnete Saugleistung.<\/p>\n","protected":false},"excerpt":{"rendered":"<p>Preis auf Anfrage<\/p>\n","protected":false},"featured_media":470,"comment_status":"open","ping_status":"closed","template":"","meta":[],"product_cat":[44],"product_tag":[],"_links":{"self":[{"href":"https:\/\/rogrotech.ch\/fr\/wp-json\/wp\/v2\/product\/534"}],"collection":[{"href":"https:\/\/rogrotech.ch\/fr\/wp-json\/wp\/v2\/product"}],"about":[{"href":"https:\/\/rogrotech.ch\/fr\/wp-json\/wp\/v2\/types\/product"}],"replies":[{"embeddable":true,"href":"https:\/\/rogrotech.ch\/fr\/wp-json\/wp\/v2\/comments?post=534"}],"version-history":[{"count":2,"href":"https:\/\/rogrotech.ch\/fr\/wp-json\/wp\/v2\/product\/534\/revisions"}],"predecessor-version":[{"id":16764,"href":"https:\/\/rogrotech.ch\/fr\/wp-json\/wp\/v2\/product\/534\/revisions\/16764"}],"wp:featuredmedia":[{"embeddable":true,"href":"https:\/\/rogrotech.ch\/fr\/wp-json\/wp\/v2\/media\/470"}],"wp:attachment":[{"href":"https:\/\/rogrotech.ch\/fr\/wp-json\/wp\/v2\/media?parent=534"}],"wp:term":[{"taxonomy":"product_cat","embeddable":true,"href":"https:\/\/rogrotech.ch\/fr\/wp-json\/wp\/v2\/product_cat?post=534"},{"taxonomy":"product_tag","embeddable":true,"href":"https:\/\/rogrotech.ch\/fr\/wp-json\/wp\/v2\/product_tag?post=534"}],"curies":[{"name":"wp","href":"https:\/\/api.w.org\/{rel}","templated":true}]}}