{"id":553,"date":"2019-08-06T09:00:07","date_gmt":"2019-08-06T07:00:07","guid":{"rendered":"https:\/\/neu.rogrotech.ch\/?post_type=product&#038;p=553"},"modified":"2022-08-31T15:27:51","modified_gmt":"2022-08-31T13:27:51","slug":"nilfisk-gd5-battery-rueckentragesauger","status":"publish","type":"product","link":"https:\/\/rogrotech.ch\/fr\/shop\/reinigungsgeraete\/sauger\/gewerbesauger\/trockensauger\/nilfisk-gd5-battery-rueckentragesauger\/","title":{"rendered":"Nilfisk GD5 BATTERY R\u00fcckentragesauger"},"content":{"rendered":"<div>\n<p>Der Nilfisk GD 5 Battery bietet Ihnen alles, was Sie brauchen, um Ihre Arbeit schneller zu erledigen &#8211; ohne Kabel und Steckdosen. Dank des ergonomischen Designs des Tragegestells k\u00f6nnen Sie m\u00fchelos arbeiten. Der Nilfisk GD 5 Battery ist kompakt und mobil und eignet sich hervorragend f\u00fcr die Reinigung in Einrichtungen mit begrenztem Platzangebot zwischen Sitzen, Tischen und Regalen. Das Ger\u00e4t ist die ideale Wahl f\u00fcr Caf\u00e9s, Restaurants, Shops, Kinos, Auditorien und Konferenzr\u00e4ume sowie f\u00fcr die Transportbranche. Zus\u00e4tzlich zu dieser extremen Mobilit\u00e4t verf\u00fcgt die Maschine \u00fcber eine lange Laufzeit, eine schnelle Batterieladung und eine spezielle Boost-Funktion, um eine aussergew\u00f6hnliche Produktivit\u00e4t zu gew\u00e4hrleisten. Durch den Einsatz von zwei 36V Lithium-Batterien kann ununterbrochen gesaugt werden.<\/p>\n<p>Wenn es hart auf hart kommt, schalten Sie einfach die Boost-Funktion ein und die Saugleistung wird erh\u00f6ht, um eine optimale Reinigung zu gew\u00e4hrleisten. Das alles geschieht mit einer Geschwindigkeit, die von netzbetriebenen Staubsaugern nicht erreicht werden kann, und dank des erstklassigen Schalldruckpegels von nur 60 dB(A) ist die Tagesreinigung kein Problem mehr.<\/p>\n<\/div>\n<ul class=\"nf-product-key-selling-points\">\n<li style=\"list-style-type: none;\">\n<ul>\n<li>Maximale Freiheit und Mobilit\u00e4t durch kabelloses und ergonomisches Rucksackdesign<\/li>\n<li>Hohe Produktivit\u00e4t mit bis zu 60 Minuten Laufzeit mit einer voll aufgeladenen 36V Lithium-Batterie<\/li>\n<li>Die klassenbeste Ladezeit von nur 40 Minuten erm\u00f6glicht eine kontinuierliche Reinigung mit zwei Batterien.<\/li>\n<li>Sichere Reinigungsumgebung f\u00fcr G\u00e4ste, Besucher und den Betreiber ohne Kabel zum Stolpern<\/li>\n<li>Optimale Leistung mit Boost-Funktion erh\u00f6ht die Saugleistung f\u00fcr schwere Reinigungsarbeiten.<\/li>\n<li>Niedriger Schalldruckpegel erm\u00f6glicht kosteng\u00fcnstige Reinigung am Tag<\/li>\n<\/ul>\n<\/li>\n<\/ul>\n","protected":false},"excerpt":{"rendered":"<p>Preis auf Anfrage<\/p>\n","protected":false},"featured_media":471,"comment_status":"open","ping_status":"closed","template":"","meta":[],"product_cat":[61],"product_tag":[],"_links":{"self":[{"href":"https:\/\/rogrotech.ch\/fr\/wp-json\/wp\/v2\/product\/553"}],"collection":[{"href":"https:\/\/rogrotech.ch\/fr\/wp-json\/wp\/v2\/product"}],"about":[{"href":"https:\/\/rogrotech.ch\/fr\/wp-json\/wp\/v2\/types\/product"}],"replies":[{"embeddable":true,"href":"https:\/\/rogrotech.ch\/fr\/wp-json\/wp\/v2\/comments?post=553"}],"version-history":[{"count":2,"href":"https:\/\/rogrotech.ch\/fr\/wp-json\/wp\/v2\/product\/553\/revisions"}],"predecessor-version":[{"id":16757,"href":"https:\/\/rogrotech.ch\/fr\/wp-json\/wp\/v2\/product\/553\/revisions\/16757"}],"wp:featuredmedia":[{"embeddable":true,"href":"https:\/\/rogrotech.ch\/fr\/wp-json\/wp\/v2\/media\/471"}],"wp:attachment":[{"href":"https:\/\/rogrotech.ch\/fr\/wp-json\/wp\/v2\/media?parent=553"}],"wp:term":[{"taxonomy":"product_cat","embeddable":true,"href":"https:\/\/rogrotech.ch\/fr\/wp-json\/wp\/v2\/product_cat?post=553"},{"taxonomy":"product_tag","embeddable":true,"href":"https:\/\/rogrotech.ch\/fr\/wp-json\/wp\/v2\/product_tag?post=553"}],"curies":[{"name":"wp","href":"https:\/\/api.w.org\/{rel}","templated":true}]}}