{"id":554,"date":"2019-08-06T09:09:48","date_gmt":"2019-08-06T07:09:48","guid":{"rendered":"https:\/\/neu.rogrotech.ch\/?post_type=product&#038;p=554"},"modified":"2022-08-31T15:26:10","modified_gmt":"2022-08-31T13:26:10","slug":"nilfisk-attix-33-2l-ic-staubsauger","status":"publish","type":"product","link":"https:\/\/rogrotech.ch\/fr\/shop\/reinigungsgeraete\/sauger\/gewerbesauger\/nass-trockensauger\/nilfisk-attix-33-2l-ic-staubsauger\/","title":{"rendered":"Nilfisk ATTIX 33-2L IC Nass-\/Trockensauger"},"content":{"rendered":"<div>\n<p>Die neuen Entstauber der ATTIX 33 Baureihe setzen neue Massst\u00e4be im Nilfisk Nass-\/Trockensauger Portfolio in puncto Funktion und Leistungsf\u00e4higkeit. Ein innovatives Filtersystem, optimierte Leistungsdaten und ein robustes Design bieten eine \u00fcberlegene L\u00f6sung f\u00fcr professionelle Kunden, die eine sichere und zuverl\u00e4ssige Maschine ben\u00f6tigen. Die neuen Modelle besitzen deutlich mehr Saugleistung, ein versiegeltes System und eine vollautomatische Filterabreinigung. Die ideale L\u00f6sung &#8211; nicht nur f\u00fcr Anwendungen in der Industrie oder im Baugewerbe. Der Nass-\/Trockensauger ATTIX 33 bietet eine ausserordentliche Produktivit\u00e4t dank des automatischen Filterreinigungssystems InfiniClean&#x2122;. Das InfiniClean&#x2122; System ist ein vollautomatisches Filterabreiniungssystem mit minimalstem Saugkraftverlust. Dadurch verringern sich die Stillstandzeiten erheblich, da der Beh\u00e4lter bef\u00fcllt werden kann ohne den Filter zu warten &#8211; selbst bei den anspruchvollsten Feinstaub-Anwendungen. Der waschbare und langlebige PFTE Filter reduziert ebenso den Wartungsaufwand und somit die Wartungskosten. Leichte Handhabung und Benutzerfreundlichkeit &#8211; vor allem wenn der Nass-\/Trockensauger von einem Arbeitsplatz zum anderen transportiert werden muss &#8211; sind weitere bemerkenswerte Merkmale der ATTIX 33 Entstauber. Alle Modelle verf\u00fcgen \u00fcber flexible Aufbewahrungsm\u00f6glichkeiten f\u00fcr Werkzeuge und Zubeh\u00f6rteile, somit sind alle wichtigen Utensilien stets griffbereit.<\/p>\n<\/div>\n<ul class=\"nf-product-key-selling-points\">\n<li style=\"list-style-type: none;\">\n<ul>\n<li>InfiniClean&#x2122; &#8211; vollautomatisches Filterabreinigungssystem mit minimalstem Saugkraftverlust w\u00e4hrend der Abreinigung<\/li>\n<li>PTFE, M-Klasse Flachfaltenfilter mit einem Abscheidegrad von mindestens 99,9 %<\/li>\n<li>Zertifiziert nach Staubklasse L (ohne ATTIX 33-01 IC)<\/li>\n<li>30 l Schmutzbeh\u00e4lter mit robustem Stossf\u00e4nger<\/li>\n<li>Robustes Fahrgestell mit Stahlrollen<\/li>\n<li>Multifit Anschluss-System f\u00fcr h\u00f6chste Flexibilit\u00e4t<\/li>\n<li>Adapterplatte zur Aufnahme einer g\u00e4ngingen Werkzeugbox<\/li>\n<li>Optionaler Trolleygriff f\u00fcr bequemen Transport und sichere Lagerung<\/li>\n<\/ul>\n<\/li>\n<\/ul>\n","protected":false},"excerpt":{"rendered":"<p>Preis auf Anfrage<\/p>\n","protected":false},"featured_media":461,"comment_status":"open","ping_status":"closed","template":"","meta":[],"product_cat":[62],"product_tag":[],"_links":{"self":[{"href":"https:\/\/rogrotech.ch\/fr\/wp-json\/wp\/v2\/product\/554"}],"collection":[{"href":"https:\/\/rogrotech.ch\/fr\/wp-json\/wp\/v2\/product"}],"about":[{"href":"https:\/\/rogrotech.ch\/fr\/wp-json\/wp\/v2\/types\/product"}],"replies":[{"embeddable":true,"href":"https:\/\/rogrotech.ch\/fr\/wp-json\/wp\/v2\/comments?post=554"}],"version-history":[{"count":2,"href":"https:\/\/rogrotech.ch\/fr\/wp-json\/wp\/v2\/product\/554\/revisions"}],"predecessor-version":[{"id":16756,"href":"https:\/\/rogrotech.ch\/fr\/wp-json\/wp\/v2\/product\/554\/revisions\/16756"}],"wp:featuredmedia":[{"embeddable":true,"href":"https:\/\/rogrotech.ch\/fr\/wp-json\/wp\/v2\/media\/461"}],"wp:attachment":[{"href":"https:\/\/rogrotech.ch\/fr\/wp-json\/wp\/v2\/media?parent=554"}],"wp:term":[{"taxonomy":"product_cat","embeddable":true,"href":"https:\/\/rogrotech.ch\/fr\/wp-json\/wp\/v2\/product_cat?post=554"},{"taxonomy":"product_tag","embeddable":true,"href":"https:\/\/rogrotech.ch\/fr\/wp-json\/wp\/v2\/product_tag?post=554"}],"curies":[{"name":"wp","href":"https:\/\/api.w.org\/{rel}","templated":true}]}}