{"id":556,"date":"2019-08-06T09:21:45","date_gmt":"2019-08-06T07:21:45","guid":{"rendered":"https:\/\/neu.rogrotech.ch\/?post_type=product&#038;p=556"},"modified":"2022-08-31T15:01:54","modified_gmt":"2022-08-31T13:01:54","slug":"nilfisk-attix-44-2l-ic-mobile-staubsauger","status":"publish","type":"product","link":"https:\/\/rogrotech.ch\/fr\/shop\/reinigungsgeraete\/sauger\/gewerbesauger\/nass-trockensauger\/nilfisk-attix-44-2l-ic-mobile-staubsauger\/","title":{"rendered":"Nilfisk ATTIX 44-2L IC MOBILE CH Nass-\/Trockensauger"},"content":{"rendered":"<div>\n<p>Der ATTIX 44 verf\u00fcgt \u00fcber eine bemerkenswerte Produktivi\u00e4t dank seines vollautomatischen Filterabreinigungssystems InfiniClean&#x2122;. Auch bei anspruchsvollen Feinstaubanwendungen bleibt so der Aufwand f\u00fcr die Filterwartung gering. Einfache Handhabung und Benutzerfreundlichkeit sind die Attribute des ATTIX 44. Intelligente und innovative L\u00f6sungen bietet dieser Industriesauger, wernn es um Aufbewahrungsm\u00f6gichkeiten f\u00fcr Werkzeuge und Zubeh\u00f6re geht. Alles, was Sie f\u00fcr Ihre t\u00e4gliche Arbeit ben\u00f6tigen, l\u00e4sst sich an dieser Maschine unterbringen.<\/p>\n<\/div>\n<ul class=\"nf-product-key-selling-points\">\n<li style=\"list-style-type: none;\">\n<ul>\n<li>InfiniClean&#x2122; &#8211; vollautomatisches Filterabreinigungssystem mit minimalstem Saugkraftverlust w\u00e4hrend der Abreinigung<\/li>\n<li>PTFE, M-Klasse Flachfaltenfilter mit einem Abscheidegrad von mindestens 99,9 %<\/li>\n<li>Zertifiziert nach Staubklasse L<\/li>\n<li>42 l Schmutzbeh\u00e4lter mit robustem Stossf\u00e4nger<\/li>\n<li>Robustes Fahrgestell mit Stahlrollen<\/li>\n<li>Multifit Anschluss-System f\u00fcr h\u00f6chste Flexibilit\u00e4t<\/li>\n<li>Adapterplatte zur Aufnahme einer g\u00e4ngingen Werkzeugbox (L-Boxx \/ TANOS-Systainer)<\/li>\n<li>Optionaler Trolleygriff f\u00fcr bequemen Transport und sichere Lagerung<\/li>\n<\/ul>\n<\/li>\n<\/ul>\n","protected":false},"excerpt":{"rendered":"<p>Preis auf Anfrage<\/p>\n","protected":false},"featured_media":459,"comment_status":"open","ping_status":"closed","template":"","meta":[],"product_cat":[62],"product_tag":[],"_links":{"self":[{"href":"https:\/\/rogrotech.ch\/fr\/wp-json\/wp\/v2\/product\/556"}],"collection":[{"href":"https:\/\/rogrotech.ch\/fr\/wp-json\/wp\/v2\/product"}],"about":[{"href":"https:\/\/rogrotech.ch\/fr\/wp-json\/wp\/v2\/types\/product"}],"replies":[{"embeddable":true,"href":"https:\/\/rogrotech.ch\/fr\/wp-json\/wp\/v2\/comments?post=556"}],"version-history":[{"count":4,"href":"https:\/\/rogrotech.ch\/fr\/wp-json\/wp\/v2\/product\/556\/revisions"}],"predecessor-version":[{"id":16735,"href":"https:\/\/rogrotech.ch\/fr\/wp-json\/wp\/v2\/product\/556\/revisions\/16735"}],"wp:featuredmedia":[{"embeddable":true,"href":"https:\/\/rogrotech.ch\/fr\/wp-json\/wp\/v2\/media\/459"}],"wp:attachment":[{"href":"https:\/\/rogrotech.ch\/fr\/wp-json\/wp\/v2\/media?parent=556"}],"wp:term":[{"taxonomy":"product_cat","embeddable":true,"href":"https:\/\/rogrotech.ch\/fr\/wp-json\/wp\/v2\/product_cat?post=556"},{"taxonomy":"product_tag","embeddable":true,"href":"https:\/\/rogrotech.ch\/fr\/wp-json\/wp\/v2\/product_tag?post=556"}],"curies":[{"name":"wp","href":"https:\/\/api.w.org\/{rel}","templated":true}]}}