{"id":565,"date":"2019-08-06T11:33:24","date_gmt":"2019-08-06T09:33:24","guid":{"rendered":"https:\/\/neu.rogrotech.ch\/?post_type=product&#038;p=565"},"modified":"2022-08-31T15:05:56","modified_gmt":"2022-08-31T13:05:56","slug":"nilfisk-vp100-eu","status":"publish","type":"product","link":"https:\/\/rogrotech.ch\/fr\/shop\/reinigungsgeraete\/sauger\/gewerbesauger\/trockensauger\/nilfisk-vp100-eu\/","title":{"rendered":"Nilfisk VP100 EU Go-Line Trockensauger"},"content":{"rendered":"<div>\n<p>Der VP100 ist ein leicht zu bedienender Trockensauger zu einem attraktiven Preis mit geringen Wartungskosten. Der Trockensauger bietet eine bezahlbare Qualit\u00e4t trotz sehr niedrigen Unterhaltskosten. Der VP100 ist vollst\u00e4ndig kompatibel mit dem bestehenden Zubeh\u00f6rprogramm der gewerblichen Trockensaugern mit Nennweite DN 32mm. Dies erm\u00f6glicht einen schnellen, einfachen Austausch des Zubeh\u00f6rs.<\/p>\n<p>Als weiteres Plus ist die enorme Platzeinsparung durch stapelbare Aufbewahrung zu nennen.<\/p>\n<\/div>\n<ul class=\"nf-product-key-selling-points\">\n<li style=\"list-style-type: none;\">\n<ul>\n<li>Intuitive Bedienung<\/li>\n<li>Netzkabelaufbewahrung<\/li>\n<li>Zubeh\u00f6raufbewahrung<\/li>\n<li>Einfacher Staubbeutelwechsel<\/li>\n<\/ul>\n<\/li>\n<\/ul>\n","protected":false},"excerpt":{"rendered":"<p>Preis auf Anfrage<\/p>\n","protected":false},"featured_media":566,"comment_status":"open","ping_status":"closed","template":"","meta":[],"product_cat":[61],"product_tag":[],"_links":{"self":[{"href":"https:\/\/rogrotech.ch\/fr\/wp-json\/wp\/v2\/product\/565"}],"collection":[{"href":"https:\/\/rogrotech.ch\/fr\/wp-json\/wp\/v2\/product"}],"about":[{"href":"https:\/\/rogrotech.ch\/fr\/wp-json\/wp\/v2\/types\/product"}],"replies":[{"embeddable":true,"href":"https:\/\/rogrotech.ch\/fr\/wp-json\/wp\/v2\/comments?post=565"}],"version-history":[{"count":2,"href":"https:\/\/rogrotech.ch\/fr\/wp-json\/wp\/v2\/product\/565\/revisions"}],"predecessor-version":[{"id":16738,"href":"https:\/\/rogrotech.ch\/fr\/wp-json\/wp\/v2\/product\/565\/revisions\/16738"}],"wp:featuredmedia":[{"embeddable":true,"href":"https:\/\/rogrotech.ch\/fr\/wp-json\/wp\/v2\/media\/566"}],"wp:attachment":[{"href":"https:\/\/rogrotech.ch\/fr\/wp-json\/wp\/v2\/media?parent=565"}],"wp:term":[{"taxonomy":"product_cat","embeddable":true,"href":"https:\/\/rogrotech.ch\/fr\/wp-json\/wp\/v2\/product_cat?post=565"},{"taxonomy":"product_tag","embeddable":true,"href":"https:\/\/rogrotech.ch\/fr\/wp-json\/wp\/v2\/product_tag?post=565"}],"curies":[{"name":"wp","href":"https:\/\/api.w.org\/{rel}","templated":true}]}}