{"id":571,"date":"2019-08-06T14:53:40","date_gmt":"2019-08-06T12:53:40","guid":{"rendered":"https:\/\/neu.rogrotech.ch\/?post_type=product&#038;p=571"},"modified":"2022-08-31T15:06:48","modified_gmt":"2022-08-31T13:06:48","slug":"nilfisk-attix-751-11-ch","status":"publish","type":"product","link":"https:\/\/rogrotech.ch\/fr\/shop\/reinigungsgeraete\/sauger\/gewerbesauger\/nass-trockensauger\/nilfisk-attix-751-11-ch\/","title":{"rendered":"Nilfisk ATTIX 751-11 CH Nass-\/Trockensauger"},"content":{"rendered":"<div>\n<p>Der Nass-\/Trockensauger ATTIX 7 ist f\u00fcr Anwender gedacht, die Wert auf eine hohe Kapazit\u00e4t und eine enorm hohe Saugleistung legen. Und dabei ist er noch extrem leise. Der ATTIX 7 hat einen Edelstahlbeh\u00e4lter und Ausstattungsmerkmale wie automatische Filterabreinigung, Einschaltautomatik und vieles mehr. Der 70 l Beh\u00e4lter, mit dem der Nass-\/Trockensauger ATTIX 7 ausgestattet ist, erm\u00f6glicht Ihnen lange Arbeitsintervalle ohne Beh\u00e4lterleerung. Muss der Schmutzbeh\u00e4lter dann entleert werden, ist das kipp- oder herausnehmbare Beh\u00e4ltersystem \u00e4u\u00dferst bequem und zeitsparend. Wenn bei Ihren Reinigungsaufgaben \u00ab\u00a0hohes Volumen\u00a0\u00bb zu den Priorit\u00e4ten geh\u00f6rt, finden Sie in der Nass-\/Trockensauger Modellreihe ATTIX 7 sicher den passenden Sauger. Die Betriebskosten werden mit den waschbaren PET-Vlies-Filterelementen minimiert, und dank des leisen Arbeitsger\u00e4uschs k\u00f6nnen Sie in der N\u00e4he von anderen arbeiten, ohne sie zu st\u00f6ren. Modelle mit Einschaltautomatik sind ideal f\u00fcr Anwender, die die Sauger in Verbindung mit Elektrowerkzeugen einsetzen, denn das Ein- bzw. Ausschalten der Werkzeuge schaltet auch den Sauger ein bzw. aus. Eine zus\u00e4tzliche Airbox erf\u00fcllt dieselbe Funktion in Verbindung mit Druckluftwerkzeugen. Das Modell EasyDisposal (ED) ist ideal f\u00fcr Anwendungen im Baugewerbe, da der \u00ab\u00a0Beh\u00e4lter\u00a0\u00bb aus einem au\u00dfen liegenden Entsorgungssack besteht, der im Handumdrehen gewechselt ist, damit Sie sofort weiterarbeiten k\u00f6nnen.<\/p>\n<\/div>\n<ul class=\"nf-product-key-selling-points\">\n<li style=\"list-style-type: none;\">\n<ul>\n<li>Industrielle Spezifikationen, robuste Konstruktion und Leistungsst\u00e4rke&#8230; so definiert man ATTIX 7.<\/li>\n<li>Das vollautomatische XtremeClean Filterabreinigungssystem (modellabh\u00e4ngig) erledigt die Filterreinigung regelm\u00e4\u00dfig, ohne Ihre Arbeit auch nur einen Augenblick zu unterbrechen.<\/li>\n<li>Waschbarer PET Vliesfilter f\u00fcr hohe Staubabscheidung und niedrige Wartungskosten.<\/li>\n<li>SilentPower.<\/li>\n<li>Spitzenleistung, die man sieht, aber nicht h\u00f6rt.<\/li>\n<li>70 l Edelstahlbeh\u00e4lter und ein Filtersack f\u00fcr h\u00f6chste Staubabscheidung und Arbeitseffizienz.<\/li>\n<li>ATTIX 751-61 = Wassersauger.<\/li>\n<li>ATTIX 751-71 = Feuerwehrsauger.<\/li>\n<\/ul>\n<\/li>\n<\/ul>\n","protected":false},"excerpt":{"rendered":"<p>Preis auf Anfrage<\/p>\n","protected":false},"featured_media":572,"comment_status":"open","ping_status":"closed","template":"","meta":[],"product_cat":[62],"product_tag":[],"_links":{"self":[{"href":"https:\/\/rogrotech.ch\/fr\/wp-json\/wp\/v2\/product\/571"}],"collection":[{"href":"https:\/\/rogrotech.ch\/fr\/wp-json\/wp\/v2\/product"}],"about":[{"href":"https:\/\/rogrotech.ch\/fr\/wp-json\/wp\/v2\/types\/product"}],"replies":[{"embeddable":true,"href":"https:\/\/rogrotech.ch\/fr\/wp-json\/wp\/v2\/comments?post=571"}],"version-history":[{"count":2,"href":"https:\/\/rogrotech.ch\/fr\/wp-json\/wp\/v2\/product\/571\/revisions"}],"predecessor-version":[{"id":16739,"href":"https:\/\/rogrotech.ch\/fr\/wp-json\/wp\/v2\/product\/571\/revisions\/16739"}],"wp:featuredmedia":[{"embeddable":true,"href":"https:\/\/rogrotech.ch\/fr\/wp-json\/wp\/v2\/media\/572"}],"wp:attachment":[{"href":"https:\/\/rogrotech.ch\/fr\/wp-json\/wp\/v2\/media?parent=571"}],"wp:term":[{"taxonomy":"product_cat","embeddable":true,"href":"https:\/\/rogrotech.ch\/fr\/wp-json\/wp\/v2\/product_cat?post=571"},{"taxonomy":"product_tag","embeddable":true,"href":"https:\/\/rogrotech.ch\/fr\/wp-json\/wp\/v2\/product_tag?post=571"}],"curies":[{"name":"wp","href":"https:\/\/api.w.org\/{rel}","templated":true}]}}