{"id":5758,"date":"2019-12-02T14:34:02","date_gmt":"2019-12-02T12:34:02","guid":{"rendered":"http:\/\/rogrotech.ch\/?post_type=product&#038;p=5758"},"modified":"2022-08-31T11:26:45","modified_gmt":"2022-08-31T09:26:45","slug":"rohrreinigungsschlauch-mit-duese-10m-dn5-200-bar","status":"publish","type":"product","link":"https:\/\/rogrotech.ch\/fr\/shop\/reinigungsgeraete\/hochdruckreiniger\/zubehoer-ersatzteile-hochdruckreiniger\/rohrreinigungsschlauch-mit-duese-10m-dn5-200-bar\/","title":{"rendered":"Rohrreinigungsschlauch mit D\u00fcse 10m DN5, 200 bar"},"content":{"rendered":"<p>Anschluss ST 30 Nippel M 22 AG<br \/>\nD\u00fcsengr\u00f6\u00dfe KN 055 mit 3 Strahlen nach hinten und kein Strahl nach vorne, am Schlauch vorhanden.<\/p>\n","protected":false},"excerpt":{"rendered":"<p>Preis auf Anfrage<\/p>\n","protected":false},"featured_media":5759,"comment_status":"open","ping_status":"closed","template":"","meta":[],"product_cat":[64],"product_tag":[],"_links":{"self":[{"href":"https:\/\/rogrotech.ch\/fr\/wp-json\/wp\/v2\/product\/5758"}],"collection":[{"href":"https:\/\/rogrotech.ch\/fr\/wp-json\/wp\/v2\/product"}],"about":[{"href":"https:\/\/rogrotech.ch\/fr\/wp-json\/wp\/v2\/types\/product"}],"replies":[{"embeddable":true,"href":"https:\/\/rogrotech.ch\/fr\/wp-json\/wp\/v2\/comments?post=5758"}],"version-history":[{"count":2,"href":"https:\/\/rogrotech.ch\/fr\/wp-json\/wp\/v2\/product\/5758\/revisions"}],"predecessor-version":[{"id":16585,"href":"https:\/\/rogrotech.ch\/fr\/wp-json\/wp\/v2\/product\/5758\/revisions\/16585"}],"wp:featuredmedia":[{"embeddable":true,"href":"https:\/\/rogrotech.ch\/fr\/wp-json\/wp\/v2\/media\/5759"}],"wp:attachment":[{"href":"https:\/\/rogrotech.ch\/fr\/wp-json\/wp\/v2\/media?parent=5758"}],"wp:term":[{"taxonomy":"product_cat","embeddable":true,"href":"https:\/\/rogrotech.ch\/fr\/wp-json\/wp\/v2\/product_cat?post=5758"},{"taxonomy":"product_tag","embeddable":true,"href":"https:\/\/rogrotech.ch\/fr\/wp-json\/wp\/v2\/product_tag?post=5758"}],"curies":[{"name":"wp","href":"https:\/\/api.w.org\/{rel}","templated":true}]}}