{"id":716,"date":"2019-08-13T13:20:54","date_gmt":"2019-08-13T11:20:54","guid":{"rendered":"https:\/\/neu.rogrotech.ch\/?post_type=product&#038;p=716"},"modified":"2022-08-31T14:29:39","modified_gmt":"2022-08-31T12:29:39","slug":"nilfisk-sw750-batterie-kehrmaschine","status":"publish","type":"product","link":"https:\/\/rogrotech.ch\/fr\/shop\/reinigungsgeraete\/bodenreinigung\/kehrmaschine\/nilfisk-sw750-batterie-kehrmaschine\/","title":{"rendered":"Nilfisk SW750 (Batterie) Kehrmaschine"},"content":{"rendered":"<div class=\"nf-product-info col-md-8\">\n<div>\n<p>Mit der Nilfisk SW 750 Kehrmaschine k\u00f6nnen Innen- und Au\u00dfenbereiche staubfrei gekehrt werden. Die Maschine ist einfach zu bedienen und verf\u00fcgt \u00fcber einen kr\u00e4ftigen Batterieantrieb. Auch zur effizienten Reinigung von gro\u00dfen Teppichfl\u00e4chen optimal geeignet. Im Lieferumfang ist ein eingebautes Ladeger\u00e4t und eine wartungsfreie Batterie enthalten. Durch das extrem niedrige Arbeitsger\u00e4usch ist die Maschine auch tags\u00fcber in ger\u00e4uschempfindlichen Bereichen problemlos einsetzbar. Die Nilfisk SW 750 ist selbsterkl\u00e4rend und wartungsfreundlich.<\/p>\n<\/div>\n<ul class=\"nf-product-key-selling-points\">\n<li style=\"list-style-type: none;\">\n<ul>\n<li>Serienm\u00e4\u00dfig mit wasserfestem Polyesterfilter<\/li>\n<li>Die Kehrmaschine verf\u00fcgt \u00fcber einen regelbaren Fahrantrieb<\/li>\n<li>Fl\u00e4chenleistung bis zu 2.900 m\u00b2 pro Stunde<\/li>\n<li>Extrem leise 59 dB(A)<\/li>\n<li>Wartungsfreie Batterie und Ladeger\u00e4t im Lieferumfang<\/li>\n<li>Optionales Teppichkehrset<\/li>\n<li>Gr\u00f6\u00dfere Batterie (80 Ah) f\u00fcr l\u00e4ngere Laufzeit separat bestellbar<\/li>\n<\/ul>\n<\/li>\n<\/ul>\n<\/div>\n","protected":false},"excerpt":{"rendered":"<p>Preis auf Anfrage<\/p>\n","protected":false},"featured_media":717,"comment_status":"open","ping_status":"closed","template":"","meta":[],"product_cat":[52],"product_tag":[],"_links":{"self":[{"href":"https:\/\/rogrotech.ch\/fr\/wp-json\/wp\/v2\/product\/716"}],"collection":[{"href":"https:\/\/rogrotech.ch\/fr\/wp-json\/wp\/v2\/product"}],"about":[{"href":"https:\/\/rogrotech.ch\/fr\/wp-json\/wp\/v2\/types\/product"}],"replies":[{"embeddable":true,"href":"https:\/\/rogrotech.ch\/fr\/wp-json\/wp\/v2\/comments?post=716"}],"version-history":[{"count":2,"href":"https:\/\/rogrotech.ch\/fr\/wp-json\/wp\/v2\/product\/716\/revisions"}],"predecessor-version":[{"id":16723,"href":"https:\/\/rogrotech.ch\/fr\/wp-json\/wp\/v2\/product\/716\/revisions\/16723"}],"wp:featuredmedia":[{"embeddable":true,"href":"https:\/\/rogrotech.ch\/fr\/wp-json\/wp\/v2\/media\/717"}],"wp:attachment":[{"href":"https:\/\/rogrotech.ch\/fr\/wp-json\/wp\/v2\/media?parent=716"}],"wp:term":[{"taxonomy":"product_cat","embeddable":true,"href":"https:\/\/rogrotech.ch\/fr\/wp-json\/wp\/v2\/product_cat?post=716"},{"taxonomy":"product_tag","embeddable":true,"href":"https:\/\/rogrotech.ch\/fr\/wp-json\/wp\/v2\/product_tag?post=716"}],"curies":[{"name":"wp","href":"https:\/\/api.w.org\/{rel}","templated":true}]}}