{"id":14921,"date":"2021-01-18T08:47:30","date_gmt":"2021-01-18T06:47:30","guid":{"rendered":"https:\/\/rogrotech.ch\/?post_type=product&#038;p=14921"},"modified":"2022-08-31T08:50:18","modified_gmt":"2022-08-31T06:50:18","slug":"sprueh-set-fuer-druckluftspruehdose","status":"publish","type":"product","link":"https:\/\/rogrotech.ch\/it\/shop\/reinigungsmittel\/zubehoer\/sprueh-set-fuer-druckluftspruehdose\/","title":{"rendered":"Spr\u00fch-Set f\u00fcr Druckluftspr\u00fchdose"},"content":{"rendered":"","protected":false},"excerpt":{"rendered":"<p>Preis auf Anfrage<\/p>\n","protected":false},"featured_media":14922,"comment_status":"open","ping_status":"closed","template":"","meta":[],"product_cat":[68],"product_tag":[],"_links":{"self":[{"href":"https:\/\/rogrotech.ch\/it\/wp-json\/wp\/v2\/product\/14921"}],"collection":[{"href":"https:\/\/rogrotech.ch\/it\/wp-json\/wp\/v2\/product"}],"about":[{"href":"https:\/\/rogrotech.ch\/it\/wp-json\/wp\/v2\/types\/product"}],"replies":[{"embeddable":true,"href":"https:\/\/rogrotech.ch\/it\/wp-json\/wp\/v2\/comments?post=14921"}],"version-history":[{"count":2,"href":"https:\/\/rogrotech.ch\/it\/wp-json\/wp\/v2\/product\/14921\/revisions"}],"predecessor-version":[{"id":16565,"href":"https:\/\/rogrotech.ch\/it\/wp-json\/wp\/v2\/product\/14921\/revisions\/16565"}],"wp:featuredmedia":[{"embeddable":true,"href":"https:\/\/rogrotech.ch\/it\/wp-json\/wp\/v2\/media\/14922"}],"wp:attachment":[{"href":"https:\/\/rogrotech.ch\/it\/wp-json\/wp\/v2\/media?parent=14921"}],"wp:term":[{"taxonomy":"product_cat","embeddable":true,"href":"https:\/\/rogrotech.ch\/it\/wp-json\/wp\/v2\/product_cat?post=14921"},{"taxonomy":"product_tag","embeddable":true,"href":"https:\/\/rogrotech.ch\/it\/wp-json\/wp\/v2\/product_tag?post=14921"}],"curies":[{"name":"wp","href":"https:\/\/api.w.org\/{rel}","templated":true}]}}