{"id":15378,"date":"2021-04-19T09:45:36","date_gmt":"2021-04-19T07:45:36","guid":{"rendered":"https:\/\/rogrotech.ch\/?post_type=product&#038;p=15378"},"modified":"2026-03-12T06:56:58","modified_gmt":"2026-03-12T04:56:58","slug":"lichtschrankenverstaerker-autom-abg-ir-schaltgeraet","status":"publish","type":"product","link":"https:\/\/rogrotech.ch\/it\/shop\/carwash-waschnlagen\/carwash-ersatzteile\/ersatzteile-washtec\/lichtschrankenverstaerker-autom-abg-ir-schaltgeraet\/","title":{"rendered":"Lichtschrankenverst\u00e4rker Autom.-ABG IR-Schaltger\u00e4t"},"content":{"rendered":"<p>Lichtschrankenverst\u00e4rker Autom.-ABG IR-Schaltger\u00e4t ISG-A104\/230VAC<\/p>\n","protected":false},"excerpt":{"rendered":"<p>Preis auf Anfrage<\/p>\n","protected":false},"featured_media":15379,"comment_status":"open","ping_status":"closed","template":"","meta":[],"product_cat":[380],"product_tag":[],"_links":{"self":[{"href":"https:\/\/rogrotech.ch\/it\/wp-json\/wp\/v2\/product\/15378"}],"collection":[{"href":"https:\/\/rogrotech.ch\/it\/wp-json\/wp\/v2\/product"}],"about":[{"href":"https:\/\/rogrotech.ch\/it\/wp-json\/wp\/v2\/types\/product"}],"replies":[{"embeddable":true,"href":"https:\/\/rogrotech.ch\/it\/wp-json\/wp\/v2\/comments?post=15378"}],"version-history":[{"count":2,"href":"https:\/\/rogrotech.ch\/it\/wp-json\/wp\/v2\/product\/15378\/revisions"}],"predecessor-version":[{"id":16532,"href":"https:\/\/rogrotech.ch\/it\/wp-json\/wp\/v2\/product\/15378\/revisions\/16532"}],"wp:featuredmedia":[{"embeddable":true,"href":"https:\/\/rogrotech.ch\/it\/wp-json\/wp\/v2\/media\/15379"}],"wp:attachment":[{"href":"https:\/\/rogrotech.ch\/it\/wp-json\/wp\/v2\/media?parent=15378"}],"wp:term":[{"taxonomy":"product_cat","embeddable":true,"href":"https:\/\/rogrotech.ch\/it\/wp-json\/wp\/v2\/product_cat?post=15378"},{"taxonomy":"product_tag","embeddable":true,"href":"https:\/\/rogrotech.ch\/it\/wp-json\/wp\/v2\/product_tag?post=15378"}],"curies":[{"name":"wp","href":"https:\/\/api.w.org\/{rel}","templated":true}]}}