{"id":15776,"date":"2022-02-17T15:01:31","date_gmt":"2022-02-17T13:01:31","guid":{"rendered":"https:\/\/rogrotech.ch\/?post_type=product&#038;p=15776"},"modified":"2026-03-12T06:43:25","modified_gmt":"2026-03-12T04:43:25","slug":"attix-30-01-ch-nass-trockensauger","status":"publish","type":"product","link":"https:\/\/rogrotech.ch\/it\/shop\/reinigungsgeraete\/sauger\/gewerbesauger\/nass-trockensauger\/attix-30-01-ch-nass-trockensauger\/","title":{"rendered":"ATTIX 30-01 CH Nass-\/Trockensauger"},"content":{"rendered":"<p>Der ATTIX 30 ist die neue Industriesauger-L\u00f6sung f\u00fcr Anwender, die hohe Saugleistung in einem kompakten und flexiblen Sauger suchen. Er ist leise, klein und mobil, aber er bietet die gleiche \u00fcberzeugende Saugleistung wie die anderen ATTIX-Modelle. Erh\u00e4ltlich mit Push&amp;Clean Filterabreinigung (Ausnahme 30-01)<\/p>\n<p>Die kompakte Gr\u00f6sse und hohe Leistungskraft des Nass-\/Trockensaugers ATTIX 30, genauso wie bei den anderen Modellen der ATTIX-Reihe, erm\u00f6glicht dem Benutzer eine hohe Mobilit\u00e4t. Die auschwaschbaren PET- Filterelemente helfen, die Betriebskosten zu senken. Das Multifit-System erm\u00f6glicht die Verwendung des gesamten vielf\u00e4ltigen Zubeh\u00f6rs. Durch den geringen Ger\u00e4uschpegel k\u00f6nnen Sie arbeiten, wenn andere in der N\u00e4he sind, ohne diese zu st\u00f6ren. Die 11-er-Modelle sind zus\u00e4tzlich mit einer Steckdose ausgestattet, wodurch sich die Verwendung eines zus\u00e4tzlichen Verl\u00e4ngerungskabels er\u00fcbrigt, denn Elektrowerkzeug kann direkt am Sauger angeschlossen werden. Die 21-er-Modelle verf\u00fcgen \u00fcber eine Einschaltautomatik und sind damit ideal f\u00fcr Anwender, die das Ger\u00e4t in Verbindung mit Elektrohandwerkzeug einsetzen, denn das Ein- bzw. Ausschalten des Werkzeugs schaltet auch den Sauger ein bzw. aus. Die Airbox, ein optional erh\u00e4ltlicher Druckluftanschluss, erf\u00fcllt dieselbe Funktion in Verbindung mit Druckluftwerkzeug.<\/p>\n<ul>\n<li>Kompakt, ergonomisch und kraftvoll<\/li>\n<li>Waschbares PET-Filterelement senkt die Unterhaltskosten<\/li>\n<li>SilentPower<\/li>\n<li>30 l Beh\u00e4ltervolumen und Vliesfiltersack<\/li>\n<li>Softstart<\/li>\n<li>Push&amp;Clean Filterabreinigung (Ausnahme 30-01)<\/li>\n<\/ul>\n","protected":false},"excerpt":{"rendered":"<p>Preis auf Anfrage<\/p>\n","protected":false},"featured_media":15777,"comment_status":"open","ping_status":"closed","template":"","meta":[],"product_cat":[62],"product_tag":[],"_links":{"self":[{"href":"https:\/\/rogrotech.ch\/it\/wp-json\/wp\/v2\/product\/15776"}],"collection":[{"href":"https:\/\/rogrotech.ch\/it\/wp-json\/wp\/v2\/product"}],"about":[{"href":"https:\/\/rogrotech.ch\/it\/wp-json\/wp\/v2\/types\/product"}],"replies":[{"embeddable":true,"href":"https:\/\/rogrotech.ch\/it\/wp-json\/wp\/v2\/comments?post=15776"}],"version-history":[{"count":2,"href":"https:\/\/rogrotech.ch\/it\/wp-json\/wp\/v2\/product\/15776\/revisions"}],"predecessor-version":[{"id":16524,"href":"https:\/\/rogrotech.ch\/it\/wp-json\/wp\/v2\/product\/15776\/revisions\/16524"}],"wp:featuredmedia":[{"embeddable":true,"href":"https:\/\/rogrotech.ch\/it\/wp-json\/wp\/v2\/media\/15777"}],"wp:attachment":[{"href":"https:\/\/rogrotech.ch\/it\/wp-json\/wp\/v2\/media?parent=15776"}],"wp:term":[{"taxonomy":"product_cat","embeddable":true,"href":"https:\/\/rogrotech.ch\/it\/wp-json\/wp\/v2\/product_cat?post=15776"},{"taxonomy":"product_tag","embeddable":true,"href":"https:\/\/rogrotech.ch\/it\/wp-json\/wp\/v2\/product_tag?post=15776"}],"curies":[{"name":"wp","href":"https:\/\/api.w.org\/{rel}","templated":true}]}}