{"id":15987,"date":"2022-02-18T10:46:45","date_gmt":"2022-02-18T08:46:45","guid":{"rendered":"https:\/\/rogrotech.ch\/?post_type=product&#038;p=15987"},"modified":"2024-01-09T11:57:52","modified_gmt":"2024-01-09T09:57:52","slug":"mh-4m-180-860-fa-heisswasser-hochdruckreiniger","status":"publish","type":"product","link":"https:\/\/rogrotech.ch\/it\/shop\/reinigungsgeraete\/hochdruckreiniger\/warmwasser\/mh-4m-180-860-fa-heisswasser-hochdruckreiniger\/","title":{"rendered":"MH 4M-180\/860 FA Heisswasser Hochdruckreiniger"},"content":{"rendered":"<p>Der MH 4M ist mit einer kraftvollen Industriepumpe mit 3 langlebigen Keramikkolben<br \/>\nausger\u00fcstet und eignet sich f\u00fcr eine Einsatzdauer von bis zu sechs Stunden t\u00e4glich. Dar\u00fcber hinaus verbessert das flussgesteuerte Regelsystem den Bedienkomfort, die Handhabung sowie die\u00a0Zuverl\u00e4ssigkeit des Ger\u00e4ts.<\/p>\n<p>Die MH 4M Heisswasser Hochdruckreiniger sind perfekt geeignet f\u00fcr den t\u00e4glichen Einsatz bis zu 6 Stunden bei schweren Reinigungsaufgaben. Dank des verbesserten EcoPower Systems sind diese Hochdruckreiniger sehr effizient und schnell in der Reinigung.Service- und Wartungsarbeiten sind sehr schnell durchf\u00fchrbar, da alle wichtigen Funktionen leicht erreichbar sind. Die Diagnosefunktion der 4M Hochdruckreiniger weist auf n\u00f6tige Wartungsarbeiten hin. Diese rechtzeitige Alarmierung vermindert die Stillstandszeiten.Vier grosse R\u00e4der und eine ideale Gewichtsverteilung erm\u00f6glichen einen einfachen Transport des Hochdruckreinigers auf vielen unterschiedlichen B\u00f6den.Dank der Strahlrohrhalterung, des drehbaren Hakens zum einfachen Abnehmen des Netzkabels und der\u00a0idealen Aufbewahrung der Reinigungsmitteltanks ist das Zubeh\u00f6r optimal verstaut. Zusammen mit dem leichten Zugang zu allen wichtigen Funktionen erzielt dieser Hochdruckreiniger bemerkenswerte Reinigungsergebnisse, spart Zeit und Geld.<\/p>\n<ul>\n<li>4-poliger Motor, Messingzylinderkopf<\/li>\n<li>EcoPower W\u00e4rmetauscher mit EcoModus<\/li>\n<li>Interne Diagnosefunktion<\/li>\n<li>Grosser Wassereinlassfilter zum Schutz der Pumpe vor Verunreinigungen<\/li>\n<li>3 Keramikkolben<\/li>\n<li>Flussgesteuertes Regelsystem (nicht MH 4M-210\/1000 X)<\/li>\n<li>\u00d6ltank mit \u00d6lstandsanzeige<\/li>\n<li>Warnsystem bei niedrigem Pumpen\u00f6lstand<\/li>\n<li>Warnsystem bei niedrigem Brennstofff\u00fcllstand<\/li>\n<li>Leicht zu man\u00f6vrieren, Aufnahmen f\u00fcr Transport mit Gabelstapler<\/li>\n<\/ul>\n","protected":false},"excerpt":{"rendered":"<p>Preis auf Anfrage<\/p>\n","protected":false},"featured_media":15988,"comment_status":"open","ping_status":"closed","template":"","meta":[],"product_cat":[48],"product_tag":[],"_links":{"self":[{"href":"https:\/\/rogrotech.ch\/it\/wp-json\/wp\/v2\/product\/15987"}],"collection":[{"href":"https:\/\/rogrotech.ch\/it\/wp-json\/wp\/v2\/product"}],"about":[{"href":"https:\/\/rogrotech.ch\/it\/wp-json\/wp\/v2\/types\/product"}],"replies":[{"embeddable":true,"href":"https:\/\/rogrotech.ch\/it\/wp-json\/wp\/v2\/comments?post=15987"}],"version-history":[{"count":2,"href":"https:\/\/rogrotech.ch\/it\/wp-json\/wp\/v2\/product\/15987\/revisions"}],"predecessor-version":[{"id":16510,"href":"https:\/\/rogrotech.ch\/it\/wp-json\/wp\/v2\/product\/15987\/revisions\/16510"}],"wp:featuredmedia":[{"embeddable":true,"href":"https:\/\/rogrotech.ch\/it\/wp-json\/wp\/v2\/media\/15988"}],"wp:attachment":[{"href":"https:\/\/rogrotech.ch\/it\/wp-json\/wp\/v2\/media?parent=15987"}],"wp:term":[{"taxonomy":"product_cat","embeddable":true,"href":"https:\/\/rogrotech.ch\/it\/wp-json\/wp\/v2\/product_cat?post=15987"},{"taxonomy":"product_tag","embeddable":true,"href":"https:\/\/rogrotech.ch\/it\/wp-json\/wp\/v2\/product_tag?post=15987"}],"curies":[{"name":"wp","href":"https:\/\/api.w.org\/{rel}","templated":true}]}}