{"id":16016,"date":"2022-02-18T11:03:29","date_gmt":"2022-02-18T09:03:29","guid":{"rendered":"https:\/\/rogrotech.ch\/?post_type=product&#038;p=16016"},"modified":"2024-01-09T11:57:27","modified_gmt":"2024-01-09T09:57:27","slug":"mh-5m-210-1100-fax-heisswasser-hochdruckreiniger","status":"publish","type":"product","link":"https:\/\/rogrotech.ch\/it\/shop\/reinigungsgeraete\/hochdruckreiniger\/warmwasser\/mh-5m-210-1100-fax-heisswasser-hochdruckreiniger\/","title":{"rendered":"MH 5M-210\/1100 FAX Heisswasser Hochdruckreiniger"},"content":{"rendered":"<p>Die Reihe MH 5M bietet hohe Reinigungswirkung und niedrige Betriebskosten dank einer optimalen Reinigungs- und Heizleistung. Der MH 5M ist das ideale Heisswasserger\u00e4t f\u00fcr mittelschwere und regelm\u00e4ssige Reinigungsaufgaben in kundennahen Bereichen wie der Automobil- und Transportbranche sowie in Landwirtschaft und Industrie.<\/p>\n<p>Der vielseitige Heisswasser Hochdruckreiniger Reihe MH 5M kombiniert niedrige Betriebskosten, hohe Leistung, Benutzerfreundlichkeit, beste Mobilit\u00e4t der Klasse und grosse Reinigungswirkung. Das innovative Design erm\u00f6glicht leichtes Man\u00f6vrieren \u00fcber alle Arten von Oberfl\u00e4chen hinweg. Das flussgesteuerte Regelsystem tr\u00e4gt zu einem noch komfortableren Einsatz der Maschine bei und gew\u00e4hrleistet Langlebigkeit und Zuverl\u00e4ssigkeit. Das EcoPower-W\u00e4rmesystem bietet &gt; 92% Wirkungsgrad f\u00fcr deutlich reduzierten Kraftstoffverbrauch und niedrigere Betriebskosten.<\/p>\n<ul>\n<li>EcoPower W\u00e4rmetauscher (&gt;92% Wirkungsgrad) mit EcoModus sorgt f\u00fcr niedrige Brennstoffkosten<\/li>\n<li>Messingzylinderkopf<\/li>\n<li>3 Keramikkolben<\/li>\n<li>Flussgesteuertes Regelsystem (nicht MH 5M-210\/1100 X)<\/li>\n<li>Innovatives Design mit 4 grossen R\u00e4dern gew\u00e4hrleistet \u00fcberzeugende Mobilit\u00e4t<\/li>\n<li>\u00d6ltank mit \u00d6lstandsanzeige<\/li>\n<li>Warnsystem bei niedrigem Pumpen\u00f6lstand &amp; Brennstofff\u00fcllstand<\/li>\n<li>Interne Diagnosefunktion<\/li>\n<\/ul>\n","protected":false},"excerpt":{"rendered":"<p>Preis auf Anfrage<\/p>\n","protected":false},"featured_media":16017,"comment_status":"open","ping_status":"closed","template":"","meta":[],"product_cat":[48],"product_tag":[],"_links":{"self":[{"href":"https:\/\/rogrotech.ch\/it\/wp-json\/wp\/v2\/product\/16016"}],"collection":[{"href":"https:\/\/rogrotech.ch\/it\/wp-json\/wp\/v2\/product"}],"about":[{"href":"https:\/\/rogrotech.ch\/it\/wp-json\/wp\/v2\/types\/product"}],"replies":[{"embeddable":true,"href":"https:\/\/rogrotech.ch\/it\/wp-json\/wp\/v2\/comments?post=16016"}],"version-history":[{"count":2,"href":"https:\/\/rogrotech.ch\/it\/wp-json\/wp\/v2\/product\/16016\/revisions"}],"predecessor-version":[{"id":16508,"href":"https:\/\/rogrotech.ch\/it\/wp-json\/wp\/v2\/product\/16016\/revisions\/16508"}],"wp:featuredmedia":[{"embeddable":true,"href":"https:\/\/rogrotech.ch\/it\/wp-json\/wp\/v2\/media\/16017"}],"wp:attachment":[{"href":"https:\/\/rogrotech.ch\/it\/wp-json\/wp\/v2\/media?parent=16016"}],"wp:term":[{"taxonomy":"product_cat","embeddable":true,"href":"https:\/\/rogrotech.ch\/it\/wp-json\/wp\/v2\/product_cat?post=16016"},{"taxonomy":"product_tag","embeddable":true,"href":"https:\/\/rogrotech.ch\/it\/wp-json\/wp\/v2\/product_tag?post=16016"}],"curies":[{"name":"wp","href":"https:\/\/api.w.org\/{rel}","templated":true}]}}