{"id":16033,"date":"2022-02-18T11:39:41","date_gmt":"2022-02-18T09:39:41","guid":{"rendered":"https:\/\/rogrotech.ch\/?post_type=product&#038;p=16033"},"modified":"2026-03-12T06:27:21","modified_gmt":"2026-03-12T04:27:21","slug":"sw900-p-nachlaeufer-kehrmaschinen","status":"publish","type":"product","link":"https:\/\/rogrotech.ch\/it\/shop\/reinigungsgeraete\/bodenreinigung\/kehrmaschine\/sw900-p-nachlaeufer-kehrmaschinen\/","title":{"rendered":"SW900 P Nachl\u00e4ufer-Kehrmaschinen"},"content":{"rendered":"<p>Die\u00a0SW900 Kehrmaschine erm\u00f6glicht produktives, staubfreies Kehren im Innen- und Au\u00dfenbereich. Die guten ergonomischen Eigenschaften werden durch den einstellbaren B\u00fcgelgriff, den leicht entnehmbaren, auf Transportrollen gelagerten und mit Griff ausgestatten Schmutzbeh\u00e4ter unterstrichen.<\/p>\n<p>Die SW900 Kehrmaschine erm\u00f6glicht staubfreies Kehren im Innen- und Au\u00dfenbereich. Durch die kompakten Ma\u00dfe kehrt diese Maschine auch verstellte oder kleine Fl\u00e4chen. Sie ist optimal f\u00fcr Industrie, Handel, Hotels, Dienstleister und \u00f6ffentliche Einrichtungen geeignet und reinigt dort kleine bis mittlere Fl\u00e4chen \u00fcberzeugend.<\/p>\n<ul>\n<li>60 Liter Schmutzbeh\u00e4lter mit B\u00fcgelgriff und Transportrollen<\/li>\n<li>Gute Arbeitsergonomie durch einstellbaren Schubb\u00fcgelWerkzeugfreier, schneller Wechsel von Kehrwalze, Seitenbesen und Filterelement<\/li>\n<li>Guter Zugang zu den Maschinenkomponenten<\/li>\n<li>Das Bedienelement erlaubt die Einstellung aller Kehrfunktionen aus der Arbeitsposition<\/li>\n<li>Nicht markierende R\u00e4der, Schl\u00fcsselschalter und Batterieanzeige serienm\u00e4\u00dfig<\/li>\n<li>Der Seitenbesen startet beim Absenken automatisch<\/li>\n<li>Optionales Zubeh\u00f6r erh\u00e4ltlich<\/li>\n<\/ul>\n","protected":false},"excerpt":{"rendered":"<p>Preis auf Anfrage<\/p>\n","protected":false},"featured_media":16035,"comment_status":"open","ping_status":"closed","template":"","meta":[],"product_cat":[52],"product_tag":[],"_links":{"self":[{"href":"https:\/\/rogrotech.ch\/it\/wp-json\/wp\/v2\/product\/16033"}],"collection":[{"href":"https:\/\/rogrotech.ch\/it\/wp-json\/wp\/v2\/product"}],"about":[{"href":"https:\/\/rogrotech.ch\/it\/wp-json\/wp\/v2\/types\/product"}],"replies":[{"embeddable":true,"href":"https:\/\/rogrotech.ch\/it\/wp-json\/wp\/v2\/comments?post=16033"}],"version-history":[{"count":2,"href":"https:\/\/rogrotech.ch\/it\/wp-json\/wp\/v2\/product\/16033\/revisions"}],"predecessor-version":[{"id":16507,"href":"https:\/\/rogrotech.ch\/it\/wp-json\/wp\/v2\/product\/16033\/revisions\/16507"}],"wp:featuredmedia":[{"embeddable":true,"href":"https:\/\/rogrotech.ch\/it\/wp-json\/wp\/v2\/media\/16035"}],"wp:attachment":[{"href":"https:\/\/rogrotech.ch\/it\/wp-json\/wp\/v2\/media?parent=16033"}],"wp:term":[{"taxonomy":"product_cat","embeddable":true,"href":"https:\/\/rogrotech.ch\/it\/wp-json\/wp\/v2\/product_cat?post=16033"},{"taxonomy":"product_tag","embeddable":true,"href":"https:\/\/rogrotech.ch\/it\/wp-json\/wp\/v2\/product_tag?post=16033"}],"curies":[{"name":"wp","href":"https:\/\/api.w.org\/{rel}","templated":true}]}}