{"id":18304,"date":"2025-12-08T16:05:53","date_gmt":"2025-12-08T14:05:53","guid":{"rendered":"https:\/\/rogrotech.ch\/?post_type=product&#038;p=18304"},"modified":"2025-12-08T16:07:03","modified_gmt":"2025-12-08T14:07:03","slug":"309-orange-window","status":"publish","type":"product","link":"https:\/\/rogrotech.ch\/it\/shop\/reinigungsmittel\/fahrzeugreinigung\/hand-wash\/309-orange-window\/","title":{"rendered":"309 Orange Window"},"content":{"rendered":"","protected":false},"excerpt":{"rendered":"<p><em><span style=\"color: #ff0000\">Preis auf Anfrage<\/span><\/em> &nbsp; <\/p>\n<p>Glasreiniger f\u00fcr Fenster, Spiegel, Pl\u00e4ttli usw. Wirksamer Glasreiniger zum Reinigen von verschmutzten Autoscheiben und allen anderen Glasoberfl\u00e4chen.<\/p>\n<p> Erh\u00e4ltlich in 10 und 25 Liter Kanister.<\/p>\n","protected":false},"featured_media":18305,"comment_status":"open","ping_status":"closed","template":"","meta":[],"product_cat":[381],"product_tag":[620,619,536,617,574,572,524,534,616,552,575,618],"_links":{"self":[{"href":"https:\/\/rogrotech.ch\/it\/wp-json\/wp\/v2\/product\/18304"}],"collection":[{"href":"https:\/\/rogrotech.ch\/it\/wp-json\/wp\/v2\/product"}],"about":[{"href":"https:\/\/rogrotech.ch\/it\/wp-json\/wp\/v2\/types\/product"}],"replies":[{"embeddable":true,"href":"https:\/\/rogrotech.ch\/it\/wp-json\/wp\/v2\/comments?post=18304"}],"version-history":[{"count":1,"href":"https:\/\/rogrotech.ch\/it\/wp-json\/wp\/v2\/product\/18304\/revisions"}],"predecessor-version":[{"id":18310,"href":"https:\/\/rogrotech.ch\/it\/wp-json\/wp\/v2\/product\/18304\/revisions\/18310"}],"wp:featuredmedia":[{"embeddable":true,"href":"https:\/\/rogrotech.ch\/it\/wp-json\/wp\/v2\/media\/18305"}],"wp:attachment":[{"href":"https:\/\/rogrotech.ch\/it\/wp-json\/wp\/v2\/media?parent=18304"}],"wp:term":[{"taxonomy":"product_cat","embeddable":true,"href":"https:\/\/rogrotech.ch\/it\/wp-json\/wp\/v2\/product_cat?post=18304"},{"taxonomy":"product_tag","embeddable":true,"href":"https:\/\/rogrotech.ch\/it\/wp-json\/wp\/v2\/product_tag?post=18304"}],"curies":[{"name":"wp","href":"https:\/\/api.w.org\/{rel}","templated":true}]}}