{"id":18322,"date":"2025-12-08T16:39:57","date_gmt":"2025-12-08T14:39:57","guid":{"rendered":"https:\/\/rogrotech.ch\/?post_type=product&#038;p=18322"},"modified":"2025-12-08T16:39:57","modified_gmt":"2025-12-08T14:39:57","slug":"353-star-cleaner","status":"publish","type":"product","link":"https:\/\/rogrotech.ch\/it\/shop\/reinigungsmittel\/fahrzeugreinigung\/hand-wash\/353-star-cleaner\/","title":{"rendered":"353 Star Cleaner"},"content":{"rendered":"","protected":false},"excerpt":{"rendered":"<p><em><span style=\"color: #ff0000\">Preis auf Anfrage<\/span><\/em> &nbsp; <\/p>\n<p>Entfernt R\u00fcckst\u00e4nde von Polituren und Polierpasten. Reinigt Gummi und Plastik. Geeignet f\u00fcr die Anwendung an Carrosserien. Farblos. <\/p>\n<p>Erh\u00e4ltlich in 1 Liter PL-Flasche.<\/p>\n","protected":false},"featured_media":18323,"comment_status":"open","ping_status":"closed","template":"","meta":[],"product_cat":[381],"product_tag":[641,536,640,569,594,543,639,637,528,636,638],"_links":{"self":[{"href":"https:\/\/rogrotech.ch\/it\/wp-json\/wp\/v2\/product\/18322"}],"collection":[{"href":"https:\/\/rogrotech.ch\/it\/wp-json\/wp\/v2\/product"}],"about":[{"href":"https:\/\/rogrotech.ch\/it\/wp-json\/wp\/v2\/types\/product"}],"replies":[{"embeddable":true,"href":"https:\/\/rogrotech.ch\/it\/wp-json\/wp\/v2\/comments?post=18322"}],"version-history":[{"count":1,"href":"https:\/\/rogrotech.ch\/it\/wp-json\/wp\/v2\/product\/18322\/revisions"}],"predecessor-version":[{"id":18328,"href":"https:\/\/rogrotech.ch\/it\/wp-json\/wp\/v2\/product\/18322\/revisions\/18328"}],"wp:featuredmedia":[{"embeddable":true,"href":"https:\/\/rogrotech.ch\/it\/wp-json\/wp\/v2\/media\/18323"}],"wp:attachment":[{"href":"https:\/\/rogrotech.ch\/it\/wp-json\/wp\/v2\/media?parent=18322"}],"wp:term":[{"taxonomy":"product_cat","embeddable":true,"href":"https:\/\/rogrotech.ch\/it\/wp-json\/wp\/v2\/product_cat?post=18322"},{"taxonomy":"product_tag","embeddable":true,"href":"https:\/\/rogrotech.ch\/it\/wp-json\/wp\/v2\/product_tag?post=18322"}],"curies":[{"name":"wp","href":"https:\/\/api.w.org\/{rel}","templated":true}]}}