{"id":18372,"date":"2025-12-08T17:43:57","date_gmt":"2025-12-08T15:43:57","guid":{"rendered":"https:\/\/rogrotech.ch\/?post_type=product&#038;p=18372"},"modified":"2025-12-08T17:43:57","modified_gmt":"2025-12-08T15:43:57","slug":"36gs-green-star-2","status":"publish","type":"product","link":"https:\/\/rogrotech.ch\/it\/shop\/reinigungsmittel\/fahrzeugreinigung\/scheibenwaschzusatz\/36gs-green-star-2\/","title":{"rendered":"36GS Green Star"},"content":{"rendered":"","protected":false},"excerpt":{"rendered":"<p><em><span style=\"color: #ff0000\">Preis auf Anfrage<\/span><\/em> &nbsp; <\/p>\n<p>Scheibenwaschzusatz mit zuverl\u00e4ssigem Gefrierschutz. Zuverl\u00e4ssiges Gefrierschutz- und Reinigungsmittel f\u00fcr Scheibenwaschanlagen mit angenehm frischem Duft nach gr\u00fcnem Apfel. <\/p>\n<p>Erh\u00e4ltlich in 25 Liter Kanister und 200 Liter Fass.<\/p>\n","protected":false},"featured_media":0,"comment_status":"open","ping_status":"closed","template":"","meta":[],"product_cat":[485],"product_tag":[656,657,536,558,654,621,534,528,655,642,638,646],"_links":{"self":[{"href":"https:\/\/rogrotech.ch\/it\/wp-json\/wp\/v2\/product\/18372"}],"collection":[{"href":"https:\/\/rogrotech.ch\/it\/wp-json\/wp\/v2\/product"}],"about":[{"href":"https:\/\/rogrotech.ch\/it\/wp-json\/wp\/v2\/types\/product"}],"replies":[{"embeddable":true,"href":"https:\/\/rogrotech.ch\/it\/wp-json\/wp\/v2\/comments?post=18372"}],"version-history":[{"count":1,"href":"https:\/\/rogrotech.ch\/it\/wp-json\/wp\/v2\/product\/18372\/revisions"}],"predecessor-version":[{"id":18373,"href":"https:\/\/rogrotech.ch\/it\/wp-json\/wp\/v2\/product\/18372\/revisions\/18373"}],"wp:attachment":[{"href":"https:\/\/rogrotech.ch\/it\/wp-json\/wp\/v2\/media?parent=18372"}],"wp:term":[{"taxonomy":"product_cat","embeddable":true,"href":"https:\/\/rogrotech.ch\/it\/wp-json\/wp\/v2\/product_cat?post=18372"},{"taxonomy":"product_tag","embeddable":true,"href":"https:\/\/rogrotech.ch\/it\/wp-json\/wp\/v2\/product_tag?post=18372"}],"curies":[{"name":"wp","href":"https:\/\/api.w.org\/{rel}","templated":true}]}}