{"id":18376,"date":"2025-12-08T17:46:18","date_gmt":"2025-12-08T15:46:18","guid":{"rendered":"https:\/\/rogrotech.ch\/?post_type=product&#038;p=18376"},"modified":"2025-12-08T17:46:18","modified_gmt":"2025-12-08T15:46:18","slug":"402-perlglanz-trockner-2","status":"publish","type":"product","link":"https:\/\/rogrotech.ch\/it\/shop\/reinigungsmittel\/fahrzeugreinigung\/fahrzeugwaesche\/402-perlglanz-trockner-2\/","title":{"rendered":"402 Perlglanz Trockner"},"content":{"rendered":"","protected":false},"excerpt":{"rendered":"<p><em><span style=\"color: #ff0000\">Preis auf Anfrage<\/span><\/em> &nbsp; <\/p>\n<p>Spezialtrocknungshilfe f\u00fcr Portalanlagen, Waschstrassen und SB-Waschpl\u00e4tze. Perlglanz Trockner ist eine Spezialtrocknungshilfe mit wirtschaftlichem Verbrauch f\u00fcr Portalanlagen, Waschstrassen und SB-Waschpl\u00e4tze. Durch hochwertige Rohstoffe wird eine mikroperlenfreie Trocknung mit innovativer Glanzgebung gew\u00e4hrleistet. Die Lackoberfl\u00e4che wird durch die ausgew\u00e4hlten Pflegekomponenten versiegelt und so vor \u00e4usseren Witterungseinfl\u00fcssen gesch\u00fctzt. F\u00fcr jedes B\u00fcrstenmaterial geeignet. Unterst\u00fctzt eine perfekte Tiefenglanzwirkung. Hervorragend einsetzbar in Recyclinganlagen. <\/p>\n<p>Erh\u00e4ltlich in 25 Liter Kanister.<\/p>\n","protected":false},"featured_media":18377,"comment_status":"open","ping_status":"closed","template":"","meta":[],"product_cat":[54],"product_tag":[667,536,588,664,534,661,666,660,663,662,665],"_links":{"self":[{"href":"https:\/\/rogrotech.ch\/it\/wp-json\/wp\/v2\/product\/18376"}],"collection":[{"href":"https:\/\/rogrotech.ch\/it\/wp-json\/wp\/v2\/product"}],"about":[{"href":"https:\/\/rogrotech.ch\/it\/wp-json\/wp\/v2\/types\/product"}],"replies":[{"embeddable":true,"href":"https:\/\/rogrotech.ch\/it\/wp-json\/wp\/v2\/comments?post=18376"}],"version-history":[{"count":1,"href":"https:\/\/rogrotech.ch\/it\/wp-json\/wp\/v2\/product\/18376\/revisions"}],"predecessor-version":[{"id":18382,"href":"https:\/\/rogrotech.ch\/it\/wp-json\/wp\/v2\/product\/18376\/revisions\/18382"}],"wp:featuredmedia":[{"embeddable":true,"href":"https:\/\/rogrotech.ch\/it\/wp-json\/wp\/v2\/media\/18377"}],"wp:attachment":[{"href":"https:\/\/rogrotech.ch\/it\/wp-json\/wp\/v2\/media?parent=18376"}],"wp:term":[{"taxonomy":"product_cat","embeddable":true,"href":"https:\/\/rogrotech.ch\/it\/wp-json\/wp\/v2\/product_cat?post=18376"},{"taxonomy":"product_tag","embeddable":true,"href":"https:\/\/rogrotech.ch\/it\/wp-json\/wp\/v2\/product_tag?post=18376"}],"curies":[{"name":"wp","href":"https:\/\/api.w.org\/{rel}","templated":true}]}}