{"id":18422,"date":"2025-12-08T18:02:42","date_gmt":"2025-12-08T16:02:42","guid":{"rendered":"https:\/\/rogrotech.ch\/?post_type=product&#038;p=18422"},"modified":"2025-12-08T18:02:42","modified_gmt":"2025-12-08T16:02:42","slug":"424-jet-foam-2","status":"publish","type":"product","link":"https:\/\/rogrotech.ch\/it\/shop\/reinigungsmittel\/fahrzeugreinigung\/fahrzeugwaesche\/424-jet-foam-2\/","title":{"rendered":"424 Jet Foam"},"content":{"rendered":"","protected":false},"excerpt":{"rendered":"<p><em><span style=\"color: #ff0000\">Preis auf Anfrage<\/span><\/em> &nbsp; <\/p>\n<p>Schaumaktives Reinigungskonzentrat.<\/p>\n<p> Stark sch\u00e4umendes Reinigungskonzentrat mit wirtschaftlichem Verbrauch f\u00fcr SB-Waschpl\u00e4tze. Mit Frischeduftmanagement. Seine speziellen Rezepturbestandteile erm\u00f6glichen eine schnelle und intensive Schmutz- und Fettl\u00f6sung. Unterst\u00fctzt eine perfekte Tiefenglanzwirkung. Hervorragend einsetzbar in Recyclinganlagen. <\/p>\n<p>Erh\u00e4ltlich in 25 Liter Kanister.<\/p>\n","protected":false},"featured_media":18423,"comment_status":"open","ping_status":"closed","template":"","meta":[],"product_cat":[54],"product_tag":[699,688,536,698,692,697,534,644,528,627,662],"_links":{"self":[{"href":"https:\/\/rogrotech.ch\/it\/wp-json\/wp\/v2\/product\/18422"}],"collection":[{"href":"https:\/\/rogrotech.ch\/it\/wp-json\/wp\/v2\/product"}],"about":[{"href":"https:\/\/rogrotech.ch\/it\/wp-json\/wp\/v2\/types\/product"}],"replies":[{"embeddable":true,"href":"https:\/\/rogrotech.ch\/it\/wp-json\/wp\/v2\/comments?post=18422"}],"version-history":[{"count":1,"href":"https:\/\/rogrotech.ch\/it\/wp-json\/wp\/v2\/product\/18422\/revisions"}],"predecessor-version":[{"id":18428,"href":"https:\/\/rogrotech.ch\/it\/wp-json\/wp\/v2\/product\/18422\/revisions\/18428"}],"wp:featuredmedia":[{"embeddable":true,"href":"https:\/\/rogrotech.ch\/it\/wp-json\/wp\/v2\/media\/18423"}],"wp:attachment":[{"href":"https:\/\/rogrotech.ch\/it\/wp-json\/wp\/v2\/media?parent=18422"}],"wp:term":[{"taxonomy":"product_cat","embeddable":true,"href":"https:\/\/rogrotech.ch\/it\/wp-json\/wp\/v2\/product_cat?post=18422"},{"taxonomy":"product_tag","embeddable":true,"href":"https:\/\/rogrotech.ch\/it\/wp-json\/wp\/v2\/product_tag?post=18422"}],"curies":[{"name":"wp","href":"https:\/\/api.w.org\/{rel}","templated":true}]}}