{"id":18514,"date":"2026-03-03T11:43:13","date_gmt":"2026-03-03T09:43:13","guid":{"rendered":"https:\/\/rogrotech.ch\/?post_type=product&#038;p=18514"},"modified":"2026-03-03T11:47:01","modified_gmt":"2026-03-03T09:47:01","slug":"437-glanz-shampoo","status":"publish","type":"product","link":"https:\/\/rogrotech.ch\/it\/shop\/reinigungsmittel\/437-glanz-shampoo\/","title":{"rendered":"437 Glanz Shampoo"},"content":{"rendered":"","protected":false},"excerpt":{"rendered":"<p><em><span style=\"color: #ff0000\">Preis auf Anfrage<\/span><\/em><\/p>\n<p>Glanzbringendes Shampoo.<\/p>\n<p>Stark reinigendes Shampoo f\u00fcr Portalanlagen, Waschstrassen, SB-Waschpl\u00e4tze und auch zur h\u00e4ndischen Nassw\u00e4sche geeignet. Mit Frischeduft. Durch seine auf der Lackoberfl\u00e4che gleitenden Eigenschaften erfolgt die Reinigung sehr schonend. Ausgew\u00e4hlte Tensidkombination erm\u00f6glicht eine schnelle und intensive Schmutzl\u00f6sung auf allen glatten Fahrzeugoberfl\u00e4chen und Materialien. F\u00fcr jedes B\u00fcrstenmaterial geeignet. Unterst\u00fctzt eine perfekte Tiefenglanzwirkung. Hervorragend einsetzbar in Recyclinganlagen.<\/p>\n<p>Erh\u00e4ltlich in 25 Liter Kanister.<\/p>\n","protected":false},"featured_media":18515,"comment_status":"open","ping_status":"closed","template":"","meta":[],"product_cat":[42],"product_tag":[733,536,731,588,732,534,543,528,702,606,662],"_links":{"self":[{"href":"https:\/\/rogrotech.ch\/it\/wp-json\/wp\/v2\/product\/18514"}],"collection":[{"href":"https:\/\/rogrotech.ch\/it\/wp-json\/wp\/v2\/product"}],"about":[{"href":"https:\/\/rogrotech.ch\/it\/wp-json\/wp\/v2\/types\/product"}],"replies":[{"embeddable":true,"href":"https:\/\/rogrotech.ch\/it\/wp-json\/wp\/v2\/comments?post=18514"}],"version-history":[{"count":1,"href":"https:\/\/rogrotech.ch\/it\/wp-json\/wp\/v2\/product\/18514\/revisions"}],"predecessor-version":[{"id":18520,"href":"https:\/\/rogrotech.ch\/it\/wp-json\/wp\/v2\/product\/18514\/revisions\/18520"}],"wp:featuredmedia":[{"embeddable":true,"href":"https:\/\/rogrotech.ch\/it\/wp-json\/wp\/v2\/media\/18515"}],"wp:attachment":[{"href":"https:\/\/rogrotech.ch\/it\/wp-json\/wp\/v2\/media?parent=18514"}],"wp:term":[{"taxonomy":"product_cat","embeddable":true,"href":"https:\/\/rogrotech.ch\/it\/wp-json\/wp\/v2\/product_cat?post=18514"},{"taxonomy":"product_tag","embeddable":true,"href":"https:\/\/rogrotech.ch\/it\/wp-json\/wp\/v2\/product_tag?post=18514"}],"curies":[{"name":"wp","href":"https:\/\/api.w.org\/{rel}","templated":true}]}}