{"id":18546,"date":"2026-03-03T12:09:42","date_gmt":"2026-03-03T10:09:42","guid":{"rendered":"https:\/\/rogrotech.ch\/?post_type=product&#038;p=18546"},"modified":"2026-03-03T12:11:52","modified_gmt":"2026-03-03T10:11:52","slug":"464-insekten-vorreiniger-ultra","status":"publish","type":"product","link":"https:\/\/rogrotech.ch\/it\/shop\/reinigungsmittel\/464-insekten-vorreiniger-ultra\/","title":{"rendered":"464 Insekten und Vorreiniger Ultra"},"content":{"rendered":"","protected":false},"excerpt":{"rendered":"<p><em><span style=\"color: #ff0000\">Preis auf Anfrage<\/span><\/em><\/p>\n<p>Alkalisches Vorreinigungskonzentrat mit spezieller Tensidkombination.<\/p>\n<p>Ergiebiges, alkalisches Vorreinigungskonzentrat mit spezieller Tensidkombination. Entwickelt f\u00fcr den Einsatz in Waschanlagen und ebenso als manuelle Vorreinigung in der Gebrauchtwagenaufbereitung, bzw. dem Einsatz in Vorspr\u00fchger\u00e4ten. L\u00f6st schnell und schonend Verschmutzungen wie Insekten-, \u00d6l-, Fett-, Diesel- und Pigmentverschmutzungen. Mit Verdunstungsverz\u00f6gerer. Problemlos einsetzbar bei Recyclinganlagen.<\/p>\n<p>Erh\u00e4ltlich in 25 Liter Kanister.<\/p>\n","protected":false},"featured_media":18547,"comment_status":"open","ping_status":"closed","template":"","meta":[],"product_cat":[42],"product_tag":[755,683,536,752,534,644,528,680,754,669,753],"_links":{"self":[{"href":"https:\/\/rogrotech.ch\/it\/wp-json\/wp\/v2\/product\/18546"}],"collection":[{"href":"https:\/\/rogrotech.ch\/it\/wp-json\/wp\/v2\/product"}],"about":[{"href":"https:\/\/rogrotech.ch\/it\/wp-json\/wp\/v2\/types\/product"}],"replies":[{"embeddable":true,"href":"https:\/\/rogrotech.ch\/it\/wp-json\/wp\/v2\/comments?post=18546"}],"version-history":[{"count":3,"href":"https:\/\/rogrotech.ch\/it\/wp-json\/wp\/v2\/product\/18546\/revisions"}],"predecessor-version":[{"id":18554,"href":"https:\/\/rogrotech.ch\/it\/wp-json\/wp\/v2\/product\/18546\/revisions\/18554"}],"wp:featuredmedia":[{"embeddable":true,"href":"https:\/\/rogrotech.ch\/it\/wp-json\/wp\/v2\/media\/18547"}],"wp:attachment":[{"href":"https:\/\/rogrotech.ch\/it\/wp-json\/wp\/v2\/media?parent=18546"}],"wp:term":[{"taxonomy":"product_cat","embeddable":true,"href":"https:\/\/rogrotech.ch\/it\/wp-json\/wp\/v2\/product_cat?post=18546"},{"taxonomy":"product_tag","embeddable":true,"href":"https:\/\/rogrotech.ch\/it\/wp-json\/wp\/v2\/product_tag?post=18546"}],"curies":[{"name":"wp","href":"https:\/\/api.w.org\/{rel}","templated":true}]}}