{"id":18628,"date":"2026-03-03T12:41:55","date_gmt":"2026-03-03T10:41:55","guid":{"rendered":"https:\/\/rogrotech.ch\/?post_type=product&#038;p=18628"},"modified":"2026-03-03T12:41:55","modified_gmt":"2026-03-03T10:41:55","slug":"637-facility-cleaner","status":"publish","type":"product","link":"https:\/\/rogrotech.ch\/it\/shop\/reinigungsmittel\/637-facility-cleaner\/","title":{"rendered":"637 Facility Cleaner"},"content":{"rendered":"","protected":false},"excerpt":{"rendered":"<p><em><span style=\"color: #ff0000\">Preis auf Anfrage<\/span><\/em><\/p>\n<p>Entfernt Kalkr\u00fcckst\u00e4nde, Urinstein und andere Verschmutzungen. Ausgezeichneter Reiniger f\u00fcr den gesamten Sanit\u00e4rbereich. Entfernt rasch und m\u00fchelos Kalkr\u00fcckst\u00e4nde, Urinstein und andere Verschmutzungen. Reinigt, desodoriert und gibt Frische und Hygiene.<\/p>\n<p>Erh\u00e4ltlich in 10 Liter Kanister.<\/p>\n","protected":false},"featured_media":18629,"comment_status":"open","ping_status":"closed","template":"","meta":[],"product_cat":[42],"product_tag":[837,834,821,836,830,831,534,528,833,832,835],"_links":{"self":[{"href":"https:\/\/rogrotech.ch\/it\/wp-json\/wp\/v2\/product\/18628"}],"collection":[{"href":"https:\/\/rogrotech.ch\/it\/wp-json\/wp\/v2\/product"}],"about":[{"href":"https:\/\/rogrotech.ch\/it\/wp-json\/wp\/v2\/types\/product"}],"replies":[{"embeddable":true,"href":"https:\/\/rogrotech.ch\/it\/wp-json\/wp\/v2\/comments?post=18628"}],"version-history":[{"count":1,"href":"https:\/\/rogrotech.ch\/it\/wp-json\/wp\/v2\/product\/18628\/revisions"}],"predecessor-version":[{"id":18634,"href":"https:\/\/rogrotech.ch\/it\/wp-json\/wp\/v2\/product\/18628\/revisions\/18634"}],"wp:featuredmedia":[{"embeddable":true,"href":"https:\/\/rogrotech.ch\/it\/wp-json\/wp\/v2\/media\/18629"}],"wp:attachment":[{"href":"https:\/\/rogrotech.ch\/it\/wp-json\/wp\/v2\/media?parent=18628"}],"wp:term":[{"taxonomy":"product_cat","embeddable":true,"href":"https:\/\/rogrotech.ch\/it\/wp-json\/wp\/v2\/product_cat?post=18628"},{"taxonomy":"product_tag","embeddable":true,"href":"https:\/\/rogrotech.ch\/it\/wp-json\/wp\/v2\/product_tag?post=18628"}],"curies":[{"name":"wp","href":"https:\/\/api.w.org\/{rel}","templated":true}]}}