{"id":18709,"date":"2026-03-10T09:49:39","date_gmt":"2026-03-10T07:49:39","guid":{"rendered":"https:\/\/rogrotech.ch\/?post_type=product&#038;p=18709"},"modified":"2026-03-12T07:39:12","modified_gmt":"2026-03-12T05:39:12","slug":"waschhandschuh-soft-touch-dual","status":"publish","type":"product","link":"https:\/\/rogrotech.ch\/it\/shop\/xclean\/waschhandschuh-soft-touch-dual\/","title":{"rendered":"Waschhandschuh Soft Touch Dual"},"content":{"rendered":"","protected":false},"excerpt":{"rendered":"<p><em><span style=\"color: #ff0000\">Preis auf Anfrage<\/span><\/em><\/p>\n<p>Aus hochwertiger und funktionaler Mikrofaser, beidseitig utra soft und flauschig mit Handmanschette. Dicht gewebte Mikrofasern sorgen f\u00fcr hohes Fl\u00e4chengewicht, 100%ig kratz-und fusselfrei, \u00e4u\u00dferst lackschonend. Optimal aussp\u00fclbar, mit der Maschine waschbar. Gutes Handling.<\/p>\n<p>&nbsp;<\/p>\n","protected":false},"featured_media":0,"comment_status":"open","ping_status":"closed","template":"","meta":[],"product_cat":[712],"product_tag":[899,895,893,894,897,891,898,892,896,900,901],"_links":{"self":[{"href":"https:\/\/rogrotech.ch\/it\/wp-json\/wp\/v2\/product\/18709"}],"collection":[{"href":"https:\/\/rogrotech.ch\/it\/wp-json\/wp\/v2\/product"}],"about":[{"href":"https:\/\/rogrotech.ch\/it\/wp-json\/wp\/v2\/types\/product"}],"replies":[{"embeddable":true,"href":"https:\/\/rogrotech.ch\/it\/wp-json\/wp\/v2\/comments?post=18709"}],"version-history":[{"count":1,"href":"https:\/\/rogrotech.ch\/it\/wp-json\/wp\/v2\/product\/18709\/revisions"}],"predecessor-version":[{"id":18710,"href":"https:\/\/rogrotech.ch\/it\/wp-json\/wp\/v2\/product\/18709\/revisions\/18710"}],"wp:attachment":[{"href":"https:\/\/rogrotech.ch\/it\/wp-json\/wp\/v2\/media?parent=18709"}],"wp:term":[{"taxonomy":"product_cat","embeddable":true,"href":"https:\/\/rogrotech.ch\/it\/wp-json\/wp\/v2\/product_cat?post=18709"},{"taxonomy":"product_tag","embeddable":true,"href":"https:\/\/rogrotech.ch\/it\/wp-json\/wp\/v2\/product_tag?post=18709"}],"curies":[{"name":"wp","href":"https:\/\/api.w.org\/{rel}","templated":true}]}}