{"id":18771,"date":"2026-03-11T05:58:28","date_gmt":"2026-03-11T03:58:28","guid":{"rendered":"https:\/\/rogrotech.ch\/?post_type=product&#038;p=18771"},"modified":"2026-03-12T07:30:57","modified_gmt":"2026-03-12T05:30:57","slug":"leder-reiniger-500ml","status":"publish","type":"product","link":"https:\/\/rogrotech.ch\/it\/shop\/xclean\/leder-reiniger-500ml\/","title":{"rendered":"Leder Reiniger 500ml"},"content":{"rendered":"","protected":false},"excerpt":{"rendered":"<p><em><span style=\"color: #ff0000\">Preis auf Anfrage<\/span><\/em><\/p>\n<p>Schmutz- und Fleckentferner. Schnell, porentief und schonend. F\u00fcr alle Glattlederfl\u00e4chen. Entfernt auch hartn\u00e4ckigen Schmutz wie Fett und Jeans-Abrieb. Nicht einsetzbar bei Rau-und Wildleder. Nach der Reinigung empfehlen wir die Versiegelung mit Leder Pflege.<\/p>\n<p>Mindestbestellmenge 15 Stk.<\/p>\n","protected":false},"featured_media":18772,"comment_status":"open","ping_status":"closed","template":"","meta":[],"product_cat":[712],"product_tag":[1027,1023,1029,1022,1031,1025,1024,1028,1030,1026,1032],"_links":{"self":[{"href":"https:\/\/rogrotech.ch\/it\/wp-json\/wp\/v2\/product\/18771"}],"collection":[{"href":"https:\/\/rogrotech.ch\/it\/wp-json\/wp\/v2\/product"}],"about":[{"href":"https:\/\/rogrotech.ch\/it\/wp-json\/wp\/v2\/types\/product"}],"replies":[{"embeddable":true,"href":"https:\/\/rogrotech.ch\/it\/wp-json\/wp\/v2\/comments?post=18771"}],"version-history":[{"count":1,"href":"https:\/\/rogrotech.ch\/it\/wp-json\/wp\/v2\/product\/18771\/revisions"}],"predecessor-version":[{"id":18777,"href":"https:\/\/rogrotech.ch\/it\/wp-json\/wp\/v2\/product\/18771\/revisions\/18777"}],"wp:featuredmedia":[{"embeddable":true,"href":"https:\/\/rogrotech.ch\/it\/wp-json\/wp\/v2\/media\/18772"}],"wp:attachment":[{"href":"https:\/\/rogrotech.ch\/it\/wp-json\/wp\/v2\/media?parent=18771"}],"wp:term":[{"taxonomy":"product_cat","embeddable":true,"href":"https:\/\/rogrotech.ch\/it\/wp-json\/wp\/v2\/product_cat?post=18771"},{"taxonomy":"product_tag","embeddable":true,"href":"https:\/\/rogrotech.ch\/it\/wp-json\/wp\/v2\/product_tag?post=18771"}],"curies":[{"name":"wp","href":"https:\/\/api.w.org\/{rel}","templated":true}]}}