{"id":18860,"date":"2026-03-11T07:17:55","date_gmt":"2026-03-11T05:17:55","guid":{"rendered":"https:\/\/rogrotech.ch\/?post_type=product&#038;p=18860"},"modified":"2026-03-12T07:27:26","modified_gmt":"2026-03-12T05:27:26","slug":"autoparfum-new-car-100ml","status":"publish","type":"product","link":"https:\/\/rogrotech.ch\/it\/shop\/xclean\/autoparfum-new-car-100ml\/","title":{"rendered":"Autoparfum NEW CAR 100ml"},"content":{"rendered":"","protected":false},"excerpt":{"rendered":"<p><em><span style=\"color: #ff0000\">Preis auf Anfrage<\/span><\/em><\/p>\n<p>Sorgt f\u00fcr angenehmen und lang anhaltenden Duft. Mit AIR-TECH-Technologie, werden schlechte Ger\u00fcche effektiv neutralisiert, die Duftnote sorgt f\u00fcr den angenehmen Geruch.<\/p>\n<p>Mindestbestellmenge 24 Stk.<\/p>\n","protected":false},"featured_media":18861,"comment_status":"open","ping_status":"closed","template":"","meta":[],"product_cat":[712],"product_tag":[1203,1198,1202,1196,1199,1201,1204,1205,1197,1200,1206],"_links":{"self":[{"href":"https:\/\/rogrotech.ch\/it\/wp-json\/wp\/v2\/product\/18860"}],"collection":[{"href":"https:\/\/rogrotech.ch\/it\/wp-json\/wp\/v2\/product"}],"about":[{"href":"https:\/\/rogrotech.ch\/it\/wp-json\/wp\/v2\/types\/product"}],"replies":[{"embeddable":true,"href":"https:\/\/rogrotech.ch\/it\/wp-json\/wp\/v2\/comments?post=18860"}],"version-history":[{"count":1,"href":"https:\/\/rogrotech.ch\/it\/wp-json\/wp\/v2\/product\/18860\/revisions"}],"predecessor-version":[{"id":18866,"href":"https:\/\/rogrotech.ch\/it\/wp-json\/wp\/v2\/product\/18860\/revisions\/18866"}],"wp:featuredmedia":[{"embeddable":true,"href":"https:\/\/rogrotech.ch\/it\/wp-json\/wp\/v2\/media\/18861"}],"wp:attachment":[{"href":"https:\/\/rogrotech.ch\/it\/wp-json\/wp\/v2\/media?parent=18860"}],"wp:term":[{"taxonomy":"product_cat","embeddable":true,"href":"https:\/\/rogrotech.ch\/it\/wp-json\/wp\/v2\/product_cat?post=18860"},{"taxonomy":"product_tag","embeddable":true,"href":"https:\/\/rogrotech.ch\/it\/wp-json\/wp\/v2\/product_tag?post=18860"}],"curies":[{"name":"wp","href":"https:\/\/api.w.org\/{rel}","templated":true}]}}