{"id":18874,"date":"2026-03-11T07:21:24","date_gmt":"2026-03-11T05:21:24","guid":{"rendered":"https:\/\/rogrotech.ch\/?post_type=product&#038;p=18874"},"modified":"2026-03-12T07:26:53","modified_gmt":"2026-03-12T05:26:53","slug":"autoparfum-tropical-season-100ml","status":"publish","type":"product","link":"https:\/\/rogrotech.ch\/it\/shop\/xclean\/autoparfum-tropical-season-100ml\/","title":{"rendered":"Autoparfum TROPICAL SEASON 100ml"},"content":{"rendered":"","protected":false},"excerpt":{"rendered":"<p><em><span style=\"color: #ff0000\">Preis auf Anfrage<\/span><\/em><\/p>\n<p>Sorgt f\u00fcr angenehmen und lang anhaltenden Duft. Mit AIR-TECH-Technologie, werden schlechte Ger\u00fcche effektiv neutralisiert, die Duftnote sorgt f\u00fcr den angenehmen Geruch.<\/p>\n<p>Mindestbestellmenge 24 Stk.<\/p>\n","protected":false},"featured_media":18875,"comment_status":"open","ping_status":"closed","template":"","meta":[],"product_cat":[712],"product_tag":[1222,1188,1217,1221,1224,1225,1223,1219,1218,1220,1226],"_links":{"self":[{"href":"https:\/\/rogrotech.ch\/it\/wp-json\/wp\/v2\/product\/18874"}],"collection":[{"href":"https:\/\/rogrotech.ch\/it\/wp-json\/wp\/v2\/product"}],"about":[{"href":"https:\/\/rogrotech.ch\/it\/wp-json\/wp\/v2\/types\/product"}],"replies":[{"embeddable":true,"href":"https:\/\/rogrotech.ch\/it\/wp-json\/wp\/v2\/comments?post=18874"}],"version-history":[{"count":1,"href":"https:\/\/rogrotech.ch\/it\/wp-json\/wp\/v2\/product\/18874\/revisions"}],"predecessor-version":[{"id":18880,"href":"https:\/\/rogrotech.ch\/it\/wp-json\/wp\/v2\/product\/18874\/revisions\/18880"}],"wp:featuredmedia":[{"embeddable":true,"href":"https:\/\/rogrotech.ch\/it\/wp-json\/wp\/v2\/media\/18875"}],"wp:attachment":[{"href":"https:\/\/rogrotech.ch\/it\/wp-json\/wp\/v2\/media?parent=18874"}],"wp:term":[{"taxonomy":"product_cat","embeddable":true,"href":"https:\/\/rogrotech.ch\/it\/wp-json\/wp\/v2\/product_cat?post=18874"},{"taxonomy":"product_tag","embeddable":true,"href":"https:\/\/rogrotech.ch\/it\/wp-json\/wp\/v2\/product_tag?post=18874"}],"curies":[{"name":"wp","href":"https:\/\/api.w.org\/{rel}","templated":true}]}}