{"id":18888,"date":"2026-03-11T07:23:50","date_gmt":"2026-03-11T05:23:50","guid":{"rendered":"https:\/\/rogrotech.ch\/?post_type=product&#038;p=18888"},"modified":"2026-03-12T07:26:28","modified_gmt":"2026-03-12T05:26:28","slug":"balsam-tiefenpfleger-400ml","status":"publish","type":"product","link":"https:\/\/rogrotech.ch\/it\/shop\/xclean\/balsam-tiefenpfleger-400ml\/","title":{"rendered":"Balsam Tiefenpfleger 400ml"},"content":{"rendered":"","protected":false},"excerpt":{"rendered":"<p><em><span style=\"color: #ff0000\">Preis auf Anfrage<\/span><\/em><\/p>\n<p>UV-Schutz. Wasserabweisend. Reinigt und pflegt alle Kunststoffteile, Reifen im Aussenbereich von Fahrzeugen seidengl\u00e4nzend. Sch\u00fctzt vor br\u00fcchig werden. Wirkt farbauffrischend, h\u00e4lt den Gummi elastisch, erzeugt einen tiefen, satten Glanz. Mit Langzeitwirkung.<\/p>\n<p>Mindestbestellmenge 12 Stk.<\/p>\n","protected":false},"featured_media":18889,"comment_status":"open","ping_status":"closed","template":"","meta":[],"product_cat":[712],"product_tag":[1246,1238,1245,1244,1240,1247,1239,1241,1243,1242,1248],"_links":{"self":[{"href":"https:\/\/rogrotech.ch\/it\/wp-json\/wp\/v2\/product\/18888"}],"collection":[{"href":"https:\/\/rogrotech.ch\/it\/wp-json\/wp\/v2\/product"}],"about":[{"href":"https:\/\/rogrotech.ch\/it\/wp-json\/wp\/v2\/types\/product"}],"replies":[{"embeddable":true,"href":"https:\/\/rogrotech.ch\/it\/wp-json\/wp\/v2\/comments?post=18888"}],"version-history":[{"count":1,"href":"https:\/\/rogrotech.ch\/it\/wp-json\/wp\/v2\/product\/18888\/revisions"}],"predecessor-version":[{"id":18894,"href":"https:\/\/rogrotech.ch\/it\/wp-json\/wp\/v2\/product\/18888\/revisions\/18894"}],"wp:featuredmedia":[{"embeddable":true,"href":"https:\/\/rogrotech.ch\/it\/wp-json\/wp\/v2\/media\/18889"}],"wp:attachment":[{"href":"https:\/\/rogrotech.ch\/it\/wp-json\/wp\/v2\/media?parent=18888"}],"wp:term":[{"taxonomy":"product_cat","embeddable":true,"href":"https:\/\/rogrotech.ch\/it\/wp-json\/wp\/v2\/product_cat?post=18888"},{"taxonomy":"product_tag","embeddable":true,"href":"https:\/\/rogrotech.ch\/it\/wp-json\/wp\/v2\/product_tag?post=18888"}],"curies":[{"name":"wp","href":"https:\/\/api.w.org\/{rel}","templated":true}]}}