{"id":509,"date":"2019-08-05T16:33:46","date_gmt":"2019-08-05T14:33:46","guid":{"rendered":"https:\/\/neu.rogrotech.ch\/?post_type=product&#038;p=509"},"modified":"2022-08-31T15:43:47","modified_gmt":"2022-08-31T13:43:47","slug":"nilfisk-buddy-ii-18l-kompakter-nass-trockensauger","status":"publish","type":"product","link":"https:\/\/rogrotech.ch\/it\/shop\/reinigungsgeraete\/sauger\/heimundhobbysauger\/nilfisk-buddy-ii-18l-kompakter-nass-trockensauger\/","title":{"rendered":"Nilfisk BUDDY II 18L Kompakter Nass-\/Trockensauger"},"content":{"rendered":"<p>Nasse oder trockene Reinigungsaufgaben, ob sie nun mit Wasser, Erde, Schlamm oder Holzsp\u00e4nen verbunden sind, sind eine Qual. Doch kein Problem f\u00fcr den Nilfisk Nass-\/Trockensauger Buddy ll mit seinem grossz\u00fcgigen 18 Liter Beh\u00e4lter. Mit der robusten Bauweise und starken Leistung ist er ideal f\u00fcr die Reinigung von Werkst\u00e4tten, Autoinnenr\u00e4umen, Garagen und nassen R\u00e4umen.<\/p>\n<ul>\n<li>Auswaschbares PET Filterelement: Erlaubt das Aufsaugen von feuchtem Schmutz, ohne einen Nassfilter einsetzen zu m\u00fcssen. Das Filterelement ist abwaschbar und erleichtert die Reinigung der Maschine<\/li>\n<li>Ausblasfunktion: Leichtes Aufblasen von jeglichen Luftk\u00f6rpern (Blasadapter erforderlich)<\/li>\n<li>Klickd\u00fcse f\u00fcr eine Nass- und Trockenanwendung: Die B\u00fcrstend\u00fcse l\u00e4sst sich durch ein Klicksystem leicht gegen eine D\u00fcse mit Gummilippen austauschen. Mit einem \u201eKlick\u201c vom Trocken- zum Nasseinsatz.<\/li>\n<li>Integrierter Schwimmer: Sch\u00fctzt die Maschine, der Saugvorgang wird unterbrochen, sobald der Beh\u00e4lter mit Fl\u00fcssigkeit gef\u00fcllt ist.<\/li>\n<\/ul>\n<p>&nbsp;<\/p>\n","protected":false},"excerpt":{"rendered":"<p>Preis auf Anfrage<\/p>\n","protected":false},"featured_media":465,"comment_status":"open","ping_status":"closed","template":"","meta":[],"product_cat":[44],"product_tag":[],"_links":{"self":[{"href":"https:\/\/rogrotech.ch\/it\/wp-json\/wp\/v2\/product\/509"}],"collection":[{"href":"https:\/\/rogrotech.ch\/it\/wp-json\/wp\/v2\/product"}],"about":[{"href":"https:\/\/rogrotech.ch\/it\/wp-json\/wp\/v2\/types\/product"}],"replies":[{"embeddable":true,"href":"https:\/\/rogrotech.ch\/it\/wp-json\/wp\/v2\/comments?post=509"}],"version-history":[{"count":2,"href":"https:\/\/rogrotech.ch\/it\/wp-json\/wp\/v2\/product\/509\/revisions"}],"predecessor-version":[{"id":16772,"href":"https:\/\/rogrotech.ch\/it\/wp-json\/wp\/v2\/product\/509\/revisions\/16772"}],"wp:featuredmedia":[{"embeddable":true,"href":"https:\/\/rogrotech.ch\/it\/wp-json\/wp\/v2\/media\/465"}],"wp:attachment":[{"href":"https:\/\/rogrotech.ch\/it\/wp-json\/wp\/v2\/media?parent=509"}],"wp:term":[{"taxonomy":"product_cat","embeddable":true,"href":"https:\/\/rogrotech.ch\/it\/wp-json\/wp\/v2\/product_cat?post=509"},{"taxonomy":"product_tag","embeddable":true,"href":"https:\/\/rogrotech.ch\/it\/wp-json\/wp\/v2\/product_tag?post=509"}],"curies":[{"name":"wp","href":"https:\/\/api.w.org\/{rel}","templated":true}]}}