{"id":551,"date":"2019-08-06T08:42:54","date_gmt":"2019-08-06T06:42:54","guid":{"rendered":"https:\/\/neu.rogrotech.ch\/?post_type=product&#038;p=551"},"modified":"2022-08-31T15:29:40","modified_gmt":"2022-08-31T13:29:40","slug":"nilfisk-attix-761-21-xc","status":"publish","type":"product","link":"https:\/\/rogrotech.ch\/it\/shop\/reinigungsgeraete\/sauger\/industriesauger\/nilfisk-attix-761-21-xc\/","title":{"rendered":"Nilfisk ATTIX 761-21 XC Nass-\/Trockensauger"},"content":{"rendered":"<div>\n<p>Der 70 l Beh\u00e4lter, mit dem der Nass-\/Trockensauger ATTIX 761-21 XC ausgestattet ist, erm\u00f6glicht Ihnen lange Arbeitsintervalle ohne Beh\u00e4lterleerung. Muss der Schmutzbeh\u00e4lter dann entleert werden, ist das kipp- oder herausnehmbare Beh\u00e4ltersystem \u00e4u\u00dferst bequem und zeitsparend. Wenn bei Ihren Reinigungsaufgaben &#8220;hohes Volumen&#8221; zu den Priorit\u00e4ten geh\u00f6rt, finden Sie in diesem Nass-\/Trockensauger Modell sicher den passenden Sauger. Die Betriebskosten werden mit den waschbaren PET-Vlies-Filterelementen minimiert, und dank des leisen Arbeitsger\u00e4uschs k\u00f6nnen Sie in der N\u00e4he von anderen arbeiten, ohne sie zu st\u00f6ren. Modelle mit Einschaltautomatik sind ideal f\u00fcr Anwender, die die Sauger in Verbindung mit Elektrowerkzeugen einsetzen, denn das Ein- bzw. Ausschalten der Werkzeuge schaltet auch den Sauger ein bzw. aus. Eine zus\u00e4tzliche Airbox erf\u00fcllt dieselbe Funktion in Verbindung mit Druckluftwerkzeugen.<\/p>\n<\/div>\n<ul class=\"nf-product-key-selling-points\">\n<li style=\"list-style-type: none;\">\n<ul>\n<li>Industrielle Spezifikationen, robuste Konstruktion und Leistungsst\u00e4rke&#8230; so definiert man ATTIX 7.<\/li>\n<li>Das vollautomatische XtremeClean Filterabreinigungssystem (modellabh\u00e4ngig) erledigt die Filterreinigung regelm\u00e4\u00dfig, ohne Ihre Arbeit auch nur einen Augenblick zu unterbrechen.<\/li>\n<li>Waschbarer PET Vliesfilter f\u00fcr hohe Staubabscheidung und niedrige Wartungskosten.<\/li>\n<li>SilentPower.<\/li>\n<li>Spitzenleistung, die man sieht, aber nicht h\u00f6rt.<\/li>\n<li>70 l Edelstahlbeh\u00e4lter und ein Filtersack f\u00fcr h\u00f6chste Staubabscheidung und Arbeitseffizienz.<\/li>\n<li>ATTIX 751-61 = Wassersauger.<\/li>\n<li>ATTIX 751-71 = Feuerwehrsauger.<\/li>\n<\/ul>\n<\/li>\n<\/ul>\n","protected":false},"excerpt":{"rendered":"<p>Preis auf Anfrage<\/p>\n","protected":false},"featured_media":464,"comment_status":"open","ping_status":"closed","template":"","meta":[],"product_cat":[41,62],"product_tag":[],"_links":{"self":[{"href":"https:\/\/rogrotech.ch\/it\/wp-json\/wp\/v2\/product\/551"}],"collection":[{"href":"https:\/\/rogrotech.ch\/it\/wp-json\/wp\/v2\/product"}],"about":[{"href":"https:\/\/rogrotech.ch\/it\/wp-json\/wp\/v2\/types\/product"}],"replies":[{"embeddable":true,"href":"https:\/\/rogrotech.ch\/it\/wp-json\/wp\/v2\/comments?post=551"}],"version-history":[{"count":2,"href":"https:\/\/rogrotech.ch\/it\/wp-json\/wp\/v2\/product\/551\/revisions"}],"predecessor-version":[{"id":16759,"href":"https:\/\/rogrotech.ch\/it\/wp-json\/wp\/v2\/product\/551\/revisions\/16759"}],"wp:featuredmedia":[{"embeddable":true,"href":"https:\/\/rogrotech.ch\/it\/wp-json\/wp\/v2\/media\/464"}],"wp:attachment":[{"href":"https:\/\/rogrotech.ch\/it\/wp-json\/wp\/v2\/media?parent=551"}],"wp:term":[{"taxonomy":"product_cat","embeddable":true,"href":"https:\/\/rogrotech.ch\/it\/wp-json\/wp\/v2\/product_cat?post=551"},{"taxonomy":"product_tag","embeddable":true,"href":"https:\/\/rogrotech.ch\/it\/wp-json\/wp\/v2\/product_tag?post=551"}],"curies":[{"name":"wp","href":"https:\/\/api.w.org\/{rel}","templated":true}]}}